{"id":960,"date":"2020-03-23T12:33:07","date_gmt":"2020-03-23T12:33:07","guid":{"rendered":"http:\/\/tengerdi.hu\/?page_id=960"},"modified":"2025-03-08T16:19:12","modified_gmt":"2025-03-08T16:19:12","slug":"foglalas","status":"publish","type":"page","link":"https:\/\/tengerdi.hu\/pl\/foglalas\/","title":{"rendered":"Foglal\u00e1s"},"content":{"rendered":"<div class=\"wpb-content-wrapper\"><p>[vc_row el_id=&#8221;intro&#8221;][vc_column][vc_custom_heading text=&#8221;Online&#8221; font_container=&#8221;tag:h1|font_size:60%20px|text_align:center|color:%23c5ab6b|line_height:65%20px&#8221; google_fonts=&#8221;font_family:Great%20Vibes%3Aregular|font_style:400%20regular%3A400%3Anormal&#8221;][vc_custom_heading text=&#8221;Foglal\u00e1s&#8221; font_container=&#8221;tag:h2|font_size:50%20px|text_align:center|color:%23303030|line_height:55%20px&#8221; use_theme_fonts=&#8221;yes&#8221;]<div class=\"hr-thin style-double\" style=\"width: 10%;border-top-width: 3px;\"><\/div>[vc_raw_html]JTNDJTIxLS0lMjBSZXNlcnZhdGlvbiUyMFBMVVMlMjBzdGFydCUyMC0tJTNFJTBBJTNDc2NyaXB0JTIwdHlwZSUzRCUyMnRleHQlMkZqYXZhc2NyaXB0JTIyJTIwc3JjJTNEJTIyaHR0cHMlM0ElMkYlMkZib29raW5nLnByZXZpby5jeiUyRmlmcmFtZSUyRiUyMiUzRSUzQyUyRnNjcmlwdCUzRSUwQSUzQ2lmcmFtZSUyMHNyYyUzRCUyMmh0dHBzJTNBJTJGJTJGYm9va2luZy5wcmV2aW8uY3olMkYlM0Zob3RJZCUzRDc0OTk1MiUyNmFtcCUzQmxhbmclM0RodSUyNmFtcCUzQnJlZGlyZWN0VXJsJTNEaHR0cHMlM0ElMkYlMkZ0ZW5nZXJkaS5odSUyRnRoYW5reW91JTI2YW1wJTNCcmVkaXJlY3RUeXBlJTNEcGFyZW50JTIyJTIwc2Nyb2xsaW5nJTNEJTIybm8lMjIlMjBmcmFtZWJvcmRlciUzRCUyMjAlMjIlMjB3aWR0aCUzRCUyMjEwMCUyNSUyMiUyMGhlaWdodCUzRCUyMjIwMDAlMjIlMjBuYW1lJTNEJTIycHJldmlvLWJvb2tpbmctaWZyYW1lJTIyJTIwaWQlM0QlMjJwcmV2aW8tYm9va2luZy1pZnJhbWUlMjIlMjBhbGxvd1RyYW5zcGFyZW5jeSUzRCUyMnRydWUlMjIlM0UlM0MlMkZpZnJhbWUlM0UlMEElM0MlMjEtLSUyMFJlc2VydmF0aW9uJTIwUExVUyUyMGVuZCUyMC0tJTNFJTBB[\/vc_raw_html][\/vc_column][\/vc_row]<\/p>\n<\/div>","protected":false},"excerpt":{"rendered":"<p>[vc_row el_id=&#8221;intro&#8221;][vc_column][vc_custom_heading text=&#8221;Online&#8221; font_container=&#8221;tag:h1|font_size:60%20px|text_align:center|color:%23c5ab6b|line_height:65%20px&#8221; google_fonts=&#8221;font_family:Great%20Vibes%3Aregular|font_style:400%20regular%3A400%3Anormal&#8221;][vc_custom_heading text=&#8221;Foglal\u00e1s&#8221; font_container=&#8221;tag:h2|font_size:50%20px|text_align:center|color:%23303030|line_height:55%20px&#8221; use_theme_fonts=&#8221;yes&#8221;][vc_raw_html]JTNDJTIxLS0lMjBSZXNlcnZhdGlvbiUyMFBMVVMlMjBzdGFydCUyMC0tJTNFJTBBJTNDc2NyaXB0JTIwdHlwZSUzRCUyMnRleHQlMkZqYXZhc2NyaXB0JTIyJTIwc3JjJTNEJTIyaHR0cHMlM0ElMkYlMkZib29raW5nLnByZXZpby5jeiUyRmlmcmFtZSUyRiUyMiUzRSUzQyUyRnNjcmlwdCUzRSUwQSUzQ2lmcmFtZSUyMHNyYyUzRCUyMmh0dHBzJTNBJTJGJTJGYm9va2luZy5wcmV2aW8uY3olMkYlM0Zob3RJZCUzRDc0OTk1MiUyNmFtcCUzQmxhbmclM0RodSUyNmFtcCUzQnJlZGlyZWN0VXJsJTNEaHR0cHMlM0ElMkYlMkZ0ZW5nZXJkaS5odSUyRnRoYW5reW91JTI2YW1wJTNCcmVkaXJlY3RUeXBlJTNEcGFyZW50JTIyJTIwc2Nyb2xsaW5nJTNEJTIybm8lMjIlMjBmcmFtZWJvcmRlciUzRCUyMjAlMjIlMjB3aWR0aCUzRCUyMjEwMCUyNSUyMiUyMGhlaWdodCUzRCUyMjIwMDAlMjIlMjBuYW1lJTNEJTIycHJldmlvLWJvb2tpbmctaWZyYW1lJTIyJTIwaWQlM0QlMjJwcmV2aW8tYm9va2luZy1pZnJhbWUlMjIlMjBhbGxvd1RyYW5zcGFyZW5jeSUzRCUyMnRydWUlMjIlM0UlM0MlMkZpZnJhbWUlM0UlMEElM0MlMjEtLSUyMFJlc2VydmF0aW9uJTIwUExVUyUyMGVuZCUyMC0tJTNFJTBB[\/vc_raw_html][\/vc_column][\/vc_row]<\/p>\n","protected":false},"author":3,"featured_media":0,"parent":0,"menu_order":0,"comment_status":"closed","ping_status":"closed","template":"","meta":{"footnotes":""},"class_list":["post-960","page","type-page","status-publish","hentry","description-off"],"yoast_head":"<!-- This site is optimized with the Yoast SEO plugin v27.1.1 - https:\/\/yoast.com\/product\/yoast-seo-wordpress\/ -->\n<title>Foglal\u00e1s<\/title>\n<meta name=\"description\" content=\"\" \/>\n<meta name=\"robots\" content=\"index, follow, max-snippet:-1, max-image-preview:large, max-video-preview:-1\" \/>\n<link rel=\"canonical\" href=\"https:\/\/tengerdi.hu\/pl\/foglalas\/\" \/>\n<meta property=\"og:locale\" content=\"pl_PL\" \/>\n<meta property=\"og:locale:alternate\" content=\"hu_HU\" \/>\n<meta property=\"og:locale:alternate\" content=\"Deutschland\" \/>\n<meta property=\"og:locale:alternate\" content=\"en_US\" \/>\n<meta property=\"og:locale:alternate\" content=\"\u010ce\u0161tina\" \/>\n<meta property=\"og:type\" content=\"article\" \/>\n<meta property=\"og:title\" content=\"Foglal\u00e1s\" \/>\n<meta property=\"og:description\" content=\"\" \/>\n<meta property=\"og:url\" content=\"https:\/\/tengerdi.hu\/pl\/foglalas\/\" \/>\n<meta property=\"og:site_name\" content=\"Viktor Bor- \u00e9s Vend\u00e9gh\u00e1z **** \/ Wein- und Gasthaus Viktor ****\" \/>\n<meta property=\"article:modified_time\" content=\"2025-03-08T16:19:12+00:00\" \/>\n<meta name=\"twitter:card\" content=\"summary_large_image\" \/>\n<meta name=\"twitter:label1\" content=\"Szacowany czas czytania\" \/>\n\t<meta name=\"twitter:data1\" content=\"1 minuta\" \/>\n<script type=\"application\/ld+json\" class=\"yoast-schema-graph\">{\"@context\":\"https:\/\/schema.org\",\"@graph\":[{\"@type\":\"WebPage\",\"@id\":\"https:\/\/tengerdi.hu\/cs\/foglalas\/\",\"url\":\"https:\/\/tengerdi.hu\/cs\/foglalas\/\",\"name\":\"Foglal\u00e1s\",\"isPartOf\":{\"@id\":\"https:\/\/tengerdi.hu\/#website\"},\"datePublished\":\"2020-03-23T12:33:07+00:00\",\"dateModified\":\"2025-03-08T16:19:12+00:00\",\"description\":\"\",\"breadcrumb\":{\"@id\":\"https:\/\/tengerdi.hu\/cs\/foglalas\/#breadcrumb\"},\"inLanguage\":\"Polski\",\"potentialAction\":[{\"@type\":\"ReadAction\",\"target\":[\"https:\/\/tengerdi.hu\/cs\/foglalas\/\"]}]},{\"@type\":\"BreadcrumbList\",\"@id\":\"https:\/\/tengerdi.hu\/cs\/foglalas\/#breadcrumb\",\"itemListElement\":[{\"@type\":\"ListItem\",\"position\":1,\"name\":\"Kezd\u0151lap\",\"item\":\"https:\/\/tengerdi.hu\/\"},{\"@type\":\"ListItem\",\"position\":2,\"name\":\"Rezervace\"}]},{\"@type\":\"WebSite\",\"@id\":\"https:\/\/tengerdi.hu\/#website\",\"url\":\"https:\/\/tengerdi.hu\/\",\"name\":\"Viktor Bor- \u00e9s Vend\u00e9gh\u00e1z **** \/ Wein- und Gasthaus Viktor ****\",\"description\":\"... A Balaton vend\u00e9geinek...\",\"potentialAction\":[{\"@type\":\"SearchAction\",\"target\":{\"@type\":\"EntryPoint\",\"urlTemplate\":\"https:\/\/tengerdi.hu\/?s={search_term_string}\"},\"query-input\":{\"@type\":\"PropertyValueSpecification\",\"valueRequired\":true,\"valueName\":\"search_term_string\"}}],\"inLanguage\":\"Polski\"}]}<\/script>\n<!-- \/ Yoast SEO plugin. -->","yoast_head_json":{"title":"Foglal\u00e1s","description":"[:en]The Viktor Wine and Guesthouse **** is a four-star pension includes 16 double-bed standard rooms at the lake of Balaton.[:]","robots":{"index":"index","follow":"follow","max-snippet":"max-snippet:-1","max-image-preview":"max-image-preview:large","max-video-preview":"max-video-preview:-1"},"canonical":"https:\/\/tengerdi.hu\/pl\/foglalas\/","og_locale":"pl_PL","og_type":"article","og_title":"[:hu]Foglal\u00e1s[:de]Reservierung[:en]Booking[:cs]Rezervace[:] - Viktor Bor- \u00e9s Vend\u00e9gh\u00e1z **** \/ Wein- und Gasthaus Viktor ****","og_description":"[:en]The Viktor Wine and Guesthouse **** is a four-star pension includes 16 double-bed standard rooms at the lake of Balaton.[:]","og_url":"https:\/\/tengerdi.hu\/pl\/foglalas\/","og_site_name":"Viktor Bor- \u00e9s Vend\u00e9gh\u00e1z **** \/ Wein- und Gasthaus Viktor ****","article_modified_time":"2025-03-08T16:19:12+00:00","twitter_card":"summary_large_image","twitter_misc":{"Szacowany czas czytania":"1 minuta"},"schema":{"@context":"https:\/\/schema.org","@graph":[{"@type":"WebPage","@id":"https:\/\/tengerdi.hu\/cs\/foglalas\/","url":"https:\/\/tengerdi.hu\/cs\/foglalas\/","name":"Foglal\u00e1s","isPartOf":{"@id":"https:\/\/tengerdi.hu\/#website"},"datePublished":"2020-03-23T12:33:07+00:00","dateModified":"2025-03-08T16:19:12+00:00","description":"","breadcrumb":{"@id":"https:\/\/tengerdi.hu\/cs\/foglalas\/#breadcrumb"},"inLanguage":"Polski","potentialAction":[{"@type":"ReadAction","target":["https:\/\/tengerdi.hu\/cs\/foglalas\/"]}]},{"@type":"BreadcrumbList","@id":"https:\/\/tengerdi.hu\/cs\/foglalas\/#breadcrumb","itemListElement":[{"@type":"ListItem","position":1,"name":"Kezd\u0151lap","item":"https:\/\/tengerdi.hu\/"},{"@type":"ListItem","position":2,"name":"Rezervace"}]},{"@type":"WebSite","@id":"https:\/\/tengerdi.hu\/#website","url":"https:\/\/tengerdi.hu\/","name":"Viktor Bor- \u00e9s Vend\u00e9gh\u00e1z **** \/ Wein- und Gasthaus Viktor ****","description":"... A Balaton vend\u00e9geinek...","potentialAction":[{"@type":"SearchAction","target":{"@type":"EntryPoint","urlTemplate":"https:\/\/tengerdi.hu\/?s={search_term_string}"},"query-input":{"@type":"PropertyValueSpecification","valueRequired":true,"valueName":"search_term_string"}}],"inLanguage":"Polski"}]}},"_links":{"self":[{"href":"https:\/\/tengerdi.hu\/pl\/wp-json\/wp\/v2\/pages\/960","targetHints":{"allow":["GET"]}}],"collection":[{"href":"https:\/\/tengerdi.hu\/pl\/wp-json\/wp\/v2\/pages"}],"about":[{"href":"https:\/\/tengerdi.hu\/pl\/wp-json\/wp\/v2\/types\/page"}],"author":[{"embeddable":true,"href":"https:\/\/tengerdi.hu\/pl\/wp-json\/wp\/v2\/users\/3"}],"replies":[{"embeddable":true,"href":"https:\/\/tengerdi.hu\/pl\/wp-json\/wp\/v2\/comments?post=960"}],"version-history":[{"count":44,"href":"https:\/\/tengerdi.hu\/pl\/wp-json\/wp\/v2\/pages\/960\/revisions"}],"predecessor-version":[{"id":2500,"href":"https:\/\/tengerdi.hu\/pl\/wp-json\/wp\/v2\/pages\/960\/revisions\/2500"}],"wp:attachment":[{"href":"https:\/\/tengerdi.hu\/pl\/wp-json\/wp\/v2\/media?parent=960"}],"curies":[{"name":"wp","href":"https:\/\/api.w.org\/{rel}","templated":true}]}}