{"id":1874,"date":"2024-04-16T08:47:54","date_gmt":"2024-04-16T08:47:54","guid":{"rendered":"https:\/\/tengerdi.hu\/?page_id=1874"},"modified":"2024-04-19T19:26:10","modified_gmt":"2024-04-19T19:26:10","slug":"info","status":"publish","type":"page","link":"https:\/\/tengerdi.hu\/pl\/vinoteka\/info\/","title":{"rendered":"Borvizsg\u00e1lati jegyz\u0151k\u00f6nyvek"},"content":{"rendered":"<div class=\"wpb-content-wrapper\"><p>[vc_row content_placement=&#8221;middle&#8221;][vc_column][vc_column_text css=&#8221;&#8221;]<a href=\"https:\/\/tengerdi.hu\/wp-content\/uploads\/2024\/04\/BorvizsgalatiJegyzokonyv.pdf\" target=\"_blank\" rel=\"noopener\"><img loading=\"lazy\" decoding=\"async\" class=\"aligncenter size-large wp-image-1884\" src=\"https:\/\/tengerdi.hu\/wp-content\/uploads\/2024\/04\/01-724x1024.jpg\" alt=\"\" width=\"724\" height=\"1024\" srcset=\"https:\/\/tengerdi.hu\/wp-content\/uploads\/2024\/04\/01-724x1024.jpg 724w, https:\/\/tengerdi.hu\/wp-content\/uploads\/2024\/04\/01-212x300.jpg 212w, https:\/\/tengerdi.hu\/wp-content\/uploads\/2024\/04\/01-768x1086.jpg 768w, https:\/\/tengerdi.hu\/wp-content\/uploads\/2024\/04\/01-1086x1536.jpg 1086w, https:\/\/tengerdi.hu\/wp-content\/uploads\/2024\/04\/01-1448x2048.jpg 1448w, https:\/\/tengerdi.hu\/wp-content\/uploads\/2024\/04\/01.jpg 1653w\" sizes=\"auto, (max-width: 724px) 100vw, 724px\" \/><\/a>[\/vc_column_text]<style type=\"text\/css\" data-type=\"the7_shortcodes-inline-css\">#default-btn-79f94503723fd5d81535271384b8e94b.ico-right-side > i {\n  margin-right: 0px;\n  margin-left: 8px;\n}\n#default-btn-79f94503723fd5d81535271384b8e94b > i {\n  margin-right: 8px;\n}<\/style><div class=\"btn-align-center\"><a href=\"https:\/\/tengerdi.hu\/wp-content\/uploads\/2024\/04\/BorvizsgalatiJegyzokonyv.pdf\" class=\"default-btn-shortcode dt-btn dt-btn-s link-hover-off \" target=\"_blank\" id=\"default-btn-79f94503723fd5d81535271384b8e94b\" rel=\"noopener\"><i class=\"far fa-sticky-note\"><\/i><span>Teljes dokumentum<\/span><\/a><\/div>[\/vc_column][\/vc_row]<\/p>\n<\/div>","protected":false},"excerpt":{"rendered":"<p>[vc_row content_placement=&#8221;middle&#8221;][vc_column][vc_column_text css=&#8221;&#8221;][\/vc_column_text][\/vc_column][\/vc_row]<\/p>\n","protected":false},"author":3,"featured_media":0,"parent":601,"menu_order":0,"comment_status":"closed","ping_status":"closed","template":"","meta":{"footnotes":""},"class_list":["post-1874","page","type-page","status-publish","hentry","description-off"],"yoast_head":"<!-- This site is optimized with the Yoast SEO plugin v27.1.1 - https:\/\/yoast.com\/product\/yoast-seo-wordpress\/ -->\n<title>Borvizsg\u00e1lati jegyz\u0151k\u00f6nyvek<\/title>\n<meta name=\"robots\" content=\"index, follow, max-snippet:-1, max-image-preview:large, max-video-preview:-1\" \/>\n<link rel=\"canonical\" href=\"https:\/\/tengerdi.hu\/pl\/vinoteka\/info\/\" \/>\n<meta property=\"og:locale\" content=\"pl_PL\" \/>\n<meta property=\"og:locale:alternate\" content=\"hu_HU\" \/>\n<meta property=\"og:locale:alternate\" content=\"Deutschland\" \/>\n<meta property=\"og:locale:alternate\" content=\"en_US\" \/>\n<meta property=\"og:locale:alternate\" content=\"\u010ce\u0161tina\" \/>\n<meta property=\"og:type\" content=\"article\" \/>\n<meta property=\"og:title\" content=\"Borvizsg\u00e1lati jegyz\u0151k\u00f6nyvek\" \/>\n<meta property=\"og:description\" content=\"[vc_row content_placement=&#8221;middle&#8221;][vc_column][vc_column_text css=&#8221;&#8221;][\/vc_column_text][\/vc_column][\/vc_row]\" \/>\n<meta property=\"og:url\" content=\"https:\/\/tengerdi.hu\/pl\/vinoteka\/info\/\" \/>\n<meta property=\"og:site_name\" content=\"Viktor Bor- \u00e9s Vend\u00e9gh\u00e1z **** \/ Wein- und Gasthaus Viktor ****\" \/>\n<meta property=\"article:modified_time\" content=\"2024-04-19T19:26:10+00:00\" \/>\n<meta property=\"og:image\" content=\"https:\/\/tengerdi.hu\/wp-content\/uploads\/2024\/04\/01-724x1024.jpg\" \/>\n<meta name=\"twitter:card\" content=\"summary_large_image\" \/>\n<meta name=\"twitter:label1\" content=\"Szacowany czas czytania\" \/>\n\t<meta name=\"twitter:data1\" content=\"1 minuta\" \/>\n<script type=\"application\/ld+json\" class=\"yoast-schema-graph\">{\"@context\":\"https:\/\/schema.org\",\"@graph\":[{\"@type\":\"WebPage\",\"@id\":\"https:\/\/tengerdi.hu\/en\/vinoteka\/info\/\",\"url\":\"https:\/\/tengerdi.hu\/en\/vinoteka\/info\/\",\"name\":\"Borvizsg\u00e1lati jegyz\u0151k\u00f6nyvek\",\"isPartOf\":{\"@id\":\"https:\/\/tengerdi.hu\/#website\"},\"primaryImageOfPage\":{\"@id\":\"https:\/\/tengerdi.hu\/en\/vinoteka\/info\/#primaryimage\"},\"image\":{\"@id\":\"https:\/\/tengerdi.hu\/en\/vinoteka\/info\/#primaryimage\"},\"thumbnailUrl\":\"https:\/\/tengerdi.hu\/wp-content\/uploads\/2024\/04\/01-724x1024.jpg\",\"datePublished\":\"2024-04-16T08:47:54+00:00\",\"dateModified\":\"2024-04-19T19:26:10+00:00\",\"breadcrumb\":{\"@id\":\"https:\/\/tengerdi.hu\/en\/vinoteka\/info\/#breadcrumb\"},\"inLanguage\":\"Polski\",\"potentialAction\":[{\"@type\":\"ReadAction\",\"target\":[\"https:\/\/tengerdi.hu\/en\/vinoteka\/info\/\"]}]},{\"@type\":\"ImageObject\",\"inLanguage\":\"Polski\",\"@id\":\"https:\/\/tengerdi.hu\/en\/vinoteka\/info\/#primaryimage\",\"url\":\"https:\/\/tengerdi.hu\/wp-content\/uploads\/2024\/04\/01-724x1024.jpg\",\"contentUrl\":\"https:\/\/tengerdi.hu\/wp-content\/uploads\/2024\/04\/01-724x1024.jpg\"},{\"@type\":\"BreadcrumbList\",\"@id\":\"https:\/\/tengerdi.hu\/en\/vinoteka\/info\/#breadcrumb\",\"itemListElement\":[{\"@type\":\"ListItem\",\"position\":1,\"name\":\"Kezd\u0151lap\",\"item\":\"https:\/\/tengerdi.hu\/\"},{\"@type\":\"ListItem\",\"position\":2,\"name\":\"Wine Shop\",\"item\":\"https:\/\/tengerdi.hu\/en\/vinoteka\/\"},{\"@type\":\"ListItem\",\"position\":3,\"name\":\"Wine Review\"}]},{\"@type\":\"WebSite\",\"@id\":\"https:\/\/tengerdi.hu\/#website\",\"url\":\"https:\/\/tengerdi.hu\/\",\"name\":\"Viktor Bor- \u00e9s Vend\u00e9gh\u00e1z **** \/ Wein- und Gasthaus Viktor ****\",\"description\":\"... A Balaton vend\u00e9geinek...\",\"potentialAction\":[{\"@type\":\"SearchAction\",\"target\":{\"@type\":\"EntryPoint\",\"urlTemplate\":\"https:\/\/tengerdi.hu\/?s={search_term_string}\"},\"query-input\":{\"@type\":\"PropertyValueSpecification\",\"valueRequired\":true,\"valueName\":\"search_term_string\"}}],\"inLanguage\":\"Polski\"}]}<\/script>\n<!-- \/ Yoast SEO plugin. -->","yoast_head_json":{"title":"Borvizsg\u00e1lati jegyz\u0151k\u00f6nyvek","robots":{"index":"index","follow":"follow","max-snippet":"max-snippet:-1","max-image-preview":"max-image-preview:large","max-video-preview":"max-video-preview:-1"},"canonical":"https:\/\/tengerdi.hu\/pl\/vinoteka\/info\/","og_locale":"pl_PL","og_type":"article","og_title":"[:hu]Borvizsg\u00e1lati jegyz\u0151k\u00f6nyvek[:de]Weinbewertung[:en]Wine Review[:] - Viktor Bor- \u00e9s Vend\u00e9gh\u00e1z **** \/ Wein- und Gasthaus Viktor ****","og_description":"[vc_row content_placement=&#8221;middle&#8221;][vc_column][vc_column_text css=&#8221;&#8221;][\/vc_column_text][\/vc_column][\/vc_row]","og_url":"https:\/\/tengerdi.hu\/pl\/vinoteka\/info\/","og_site_name":"Viktor Bor- \u00e9s Vend\u00e9gh\u00e1z **** \/ Wein- und Gasthaus Viktor ****","article_modified_time":"2024-04-19T19:26:10+00:00","og_image":[{"url":"https:\/\/tengerdi.hu\/wp-content\/uploads\/2024\/04\/01-724x1024.jpg","type":"","width":"","height":""}],"twitter_card":"summary_large_image","twitter_misc":{"Szacowany czas czytania":"1 minuta"},"schema":{"@context":"https:\/\/schema.org","@graph":[{"@type":"WebPage","@id":"https:\/\/tengerdi.hu\/en\/vinoteka\/info\/","url":"https:\/\/tengerdi.hu\/en\/vinoteka\/info\/","name":"Borvizsg\u00e1lati jegyz\u0151k\u00f6nyvek","isPartOf":{"@id":"https:\/\/tengerdi.hu\/#website"},"primaryImageOfPage":{"@id":"https:\/\/tengerdi.hu\/en\/vinoteka\/info\/#primaryimage"},"image":{"@id":"https:\/\/tengerdi.hu\/en\/vinoteka\/info\/#primaryimage"},"thumbnailUrl":"https:\/\/tengerdi.hu\/wp-content\/uploads\/2024\/04\/01-724x1024.jpg","datePublished":"2024-04-16T08:47:54+00:00","dateModified":"2024-04-19T19:26:10+00:00","breadcrumb":{"@id":"https:\/\/tengerdi.hu\/en\/vinoteka\/info\/#breadcrumb"},"inLanguage":"Polski","potentialAction":[{"@type":"ReadAction","target":["https:\/\/tengerdi.hu\/en\/vinoteka\/info\/"]}]},{"@type":"ImageObject","inLanguage":"Polski","@id":"https:\/\/tengerdi.hu\/en\/vinoteka\/info\/#primaryimage","url":"https:\/\/tengerdi.hu\/wp-content\/uploads\/2024\/04\/01-724x1024.jpg","contentUrl":"https:\/\/tengerdi.hu\/wp-content\/uploads\/2024\/04\/01-724x1024.jpg"},{"@type":"BreadcrumbList","@id":"https:\/\/tengerdi.hu\/en\/vinoteka\/info\/#breadcrumb","itemListElement":[{"@type":"ListItem","position":1,"name":"Kezd\u0151lap","item":"https:\/\/tengerdi.hu\/"},{"@type":"ListItem","position":2,"name":"Wine Shop","item":"https:\/\/tengerdi.hu\/en\/vinoteka\/"},{"@type":"ListItem","position":3,"name":"Wine Review"}]},{"@type":"WebSite","@id":"https:\/\/tengerdi.hu\/#website","url":"https:\/\/tengerdi.hu\/","name":"Viktor Bor- \u00e9s Vend\u00e9gh\u00e1z **** \/ Wein- und Gasthaus Viktor ****","description":"... A Balaton vend\u00e9geinek...","potentialAction":[{"@type":"SearchAction","target":{"@type":"EntryPoint","urlTemplate":"https:\/\/tengerdi.hu\/?s={search_term_string}"},"query-input":{"@type":"PropertyValueSpecification","valueRequired":true,"valueName":"search_term_string"}}],"inLanguage":"Polski"}]}},"_links":{"self":[{"href":"https:\/\/tengerdi.hu\/pl\/wp-json\/wp\/v2\/pages\/1874","targetHints":{"allow":["GET"]}}],"collection":[{"href":"https:\/\/tengerdi.hu\/pl\/wp-json\/wp\/v2\/pages"}],"about":[{"href":"https:\/\/tengerdi.hu\/pl\/wp-json\/wp\/v2\/types\/page"}],"author":[{"embeddable":true,"href":"https:\/\/tengerdi.hu\/pl\/wp-json\/wp\/v2\/users\/3"}],"replies":[{"embeddable":true,"href":"https:\/\/tengerdi.hu\/pl\/wp-json\/wp\/v2\/comments?post=1874"}],"version-history":[{"count":11,"href":"https:\/\/tengerdi.hu\/pl\/wp-json\/wp\/v2\/pages\/1874\/revisions"}],"predecessor-version":[{"id":1893,"href":"https:\/\/tengerdi.hu\/pl\/wp-json\/wp\/v2\/pages\/1874\/revisions\/1893"}],"up":[{"embeddable":true,"href":"https:\/\/tengerdi.hu\/pl\/wp-json\/wp\/v2\/pages\/601"}],"wp:attachment":[{"href":"https:\/\/tengerdi.hu\/pl\/wp-json\/wp\/v2\/media?parent=1874"}],"curies":[{"name":"wp","href":"https:\/\/api.w.org\/{rel}","templated":true}]}}