{"id":1366,"date":"2023-02-23T19:12:43","date_gmt":"2023-02-23T19:12:43","guid":{"rendered":"http:\/\/tengerdi.hu\/?page_id=1366"},"modified":"2025-03-16T17:33:18","modified_gmt":"2025-03-16T17:33:18","slug":"kezdolap-uj","status":"publish","type":"page","link":"https:\/\/tengerdi.hu\/pl\/","title":{"rendered":"Tengerdi"},"content":{"rendered":"<div class=\"wpb-content-wrapper\"><p>[vc_row content_placement=&#8221;top&#8221;][vc_column width=&#8221;1\/2&#8243; el_class=&#8221;dpano&#8221; offset=&#8221;vc_hidden-sm vc_hidden-xs&#8221; css=&#8221;.vc_custom_1677180966389{margin-top: -300px !important;}&#8221;]<div class=\"dt-fancy-separator\" style=\"width: 100%;\"><div class=\"dt-fancy-title\" style=\"color: #ffffff;\"><span class=\"separator-holder separator-left\"><\/span>3D Tour Viktor Wine &amp; Guesthouse<span class=\"separator-holder separator-right\"><\/span><\/div><\/div>[vc_single_image image=&#8221;113&#8243; img_size=&#8221;full&#8221; alignment=&#8221;center&#8221; style=&#8221;vc_box_border&#8221; border_color=&#8221;white&#8221; onclick=&#8221;custom_link&#8221; img_link_target=&#8221;_blank&#8221; css=&#8221;.vc_custom_1687887874574{padding-top: 30px !important;}&#8221; image_hovers=&#8221;false&#8221; link=&#8221;https:\/\/www.3dpano.hu\/Viktor_vendeghaz\/&#8221;][\/vc_column][vc_column width=&#8221;1\/2&#8243; el_class=&#8221;dpano&#8221; offset=&#8221;vc_hidden-sm vc_hidden-xs&#8221; css=&#8221;.vc_custom_1677180975490{margin-top: -300px !important;}&#8221;]<div class=\"dt-fancy-separator\" style=\"width: 100%;\"><div class=\"dt-fancy-title\" style=\"color: #ffffff;\"><span class=\"separator-holder separator-left\"><\/span>3D Tour Fr\u00f6ccsterasz &amp; Strandgrill Erika<span class=\"separator-holder separator-right\"><\/span><\/div><\/div>[vc_single_image image=&#8221;114&#8243; img_size=&#8221;full&#8221; alignment=&#8221;center&#8221; style=&#8221;vc_box_border&#8221; border_color=&#8221;white&#8221; onclick=&#8221;custom_link&#8221; img_link_target=&#8221;_blank&#8221; css=&#8221;.vc_custom_1687887867034{padding-top: 30px !important;}&#8221; image_hovers=&#8221;false&#8221; link=&#8221;https:\/\/www.3dpano.hu\/Viktor_Strand_bufe\/&#8221;][\/vc_column][\/vc_row][vc_row content_placement=&#8221;top&#8221;][vc_column width=&#8221;1\/2&#8243; offset=&#8221;vc_hidden-lg vc_hidden-md&#8221;]<div class=\"dt-fancy-separator\" style=\"width: 100%;\"><div class=\"dt-fancy-title\"><span class=\"separator-holder separator-left\"><\/span>3D Tour Viktor Wine &amp; Guesthouse<span class=\"separator-holder separator-right\"><\/span><\/div><\/div>[vc_single_image image=&#8221;113&#8243; img_size=&#8221;full&#8221; alignment=&#8221;center&#8221; style=&#8221;vc_box_border&#8221; border_color=&#8221;white&#8221; onclick=&#8221;custom_link&#8221; img_link_target=&#8221;_blank&#8221; css=&#8221;.vc_custom_1677179650926{padding-top: 30px !important;}&#8221; image_hovers=&#8221;false&#8221; link=&#8221;http:\/\/www.3dpano.hu\/Viktor_vendeghaz\/&#8221;][\/vc_column][vc_column width=&#8221;1\/2&#8243; offset=&#8221;vc_hidden-lg vc_hidden-md&#8221;]<div class=\"dt-fancy-separator\" style=\"width: 100%;\"><div class=\"dt-fancy-title\"><span class=\"separator-holder separator-left\"><\/span>3D Tour Fr\u00f6ccsterasz &amp; Strandgrill Erika<span class=\"separator-holder separator-right\"><\/span><\/div><\/div>[vc_single_image image=&#8221;114&#8243; img_size=&#8221;full&#8221; alignment=&#8221;center&#8221; style=&#8221;vc_box_border&#8221; border_color=&#8221;white&#8221; onclick=&#8221;custom_link&#8221; img_link_target=&#8221;_blank&#8221; css=&#8221;.vc_custom_1677179656621{padding-top: 30px !important;}&#8221; image_hovers=&#8221;false&#8221; link=&#8221;http:\/\/www.3dpano.hu\/Viktor_Strand_bufe\/&#8221;][\/vc_column][\/vc_row][vc_row equal_height=&#8221;yes&#8221; css=&#8221;.vc_custom_1677181027636{padding-top: 40px !important;}&#8221;][vc_column width=&#8221;1\/2&#8243; offset=&#8221;vc_hidden-sm vc_hidden-xs&#8221;][vc_single_image image=&#8221;141&#8243; img_size=&#8221;full&#8221; image_hovers=&#8221;false&#8221;][\/vc_column][vc_column width=&#8221;1\/2&#8243;][vc_custom_heading text=&#8221;Szanowny Go\u015bciu!&#8221; font_container=&#8221;tag:h2|font_size:40px|text_align:left|color:%23c5ab6b|line_height:45px&#8221; google_fonts=&#8221;font_family:Great%20Vibes%3Aregular|font_style:400%20regular%3A400%3Anormal&#8221; css=&#8221;&#8221;][vc_column_text css=&#8221;&#8221;]<\/p>\n<h4 style=\"font-weight: 400;\">Witamy w firmie Tengerdi Kft. strona internetowa!<\/h4>\n<p style=\"font-weight: 400;\">Oferujemy Tobie i Twojej rodzinie wysokiej jako\u015bci pensjonat, jeden z najpi\u0119kniejszych obiekt\u00f3w komercyjnych w Balatonm\u00e1riaf\u00fcrd\u0151, Viktor Bor\u00e9s Vend\u00e9gh\u00e1z. W latach 2023 i 2025 przeprowadzono remont domu i jego wyposa\u017cenia. W Viktorze opr\u00f3cz pokoi standardowych i premium mo\u017cna skorzysta\u0107 z us\u0142ug biblioteki, wellness, fitness, placu zabaw oraz win z w\u0142asnej winnicy. Powsta\u0142e w 2023 roku pokoje premium bez wyj\u0105tku maj\u0105 powierzchni\u0119 ponad 30 m2, s\u0105 wyposa\u017cone w telewizor z du\u017cym ekranem, niepowtarzalny design, kolorystyk\u0119 i meble oraz d\u017awi\u0119koszczelne \u015bciany. Naszymi winami mo\u017cesz cieszy\u0107 si\u0119 nie tylko lokalnie, ale tak\u017ce kupi\u0107 je w naszym sklepie z winami w obni\u017conych pakietach i cenach.<\/p>\n<p>[\/vc_column_text][\/vc_column][\/vc_row][vc_row][vc_column offset=&#8221;vc_hidden-lg vc_hidden-md&#8221;][vc_single_image image=&#8221;141&#8243; img_size=&#8221;full&#8221; image_hovers=&#8221;false&#8221;][\/vc_column][\/vc_row][vc_row][vc_column][vc_column_text css=&#8221;&#8221;]<\/p>\n<p style=\"font-weight: 400;\">Na pi\u0119ciogwiazdkowej pla\u017cy Balatonm\u00e1riaf\u00fcrd\u0151, nagrodzonej flag\u0105 B\u0142\u0119kitnej Fali, oddalonej o 100 m, znajdziecie nasz pla\u017cowy fast food Fr\u00f6ccterasz i Strandgrill Erika, gdzie witamy pla\u017cowicz\u00f3w nowoczesnym pla\u017cowym jedzeniem i tradycyjnymi daniami pla\u017cowymi. W naszej karcie powitalnej znajduj\u0105 si\u0119 wszystkie znane i wiele specjalnych rodzaj\u00f3w plusk\u00f3w &#8211; dodatkowo pla\u017cowe posi\u0142ki mo\u017cesz popija\u0107 lokalnie produkowan\u0105 lemoniad\u0105 i wieloma rodzajami piwa z beczki.<\/p>\n<p style=\"font-weight: 400;\">Nad naszym sklepem pla\u017cowym czekamy na go\u015bci chc\u0105cych wypocz\u0105\u0107 bezpo\u015brednio nad wod\u0105 w pi\u0119ciu apartamentach. Nasze apartamenty zosta\u0142y odnowione w 2025 roku. W apartamentach Aranyh\u00edd i Ez\u00fcsth\u00edd mo\u017cemy wygodnie zakwaterowa\u0107 rodzin\u0119. Magyar Tenger w swoich pi\u0119ciu pokojach mo\u017ce pomie\u015bci\u0107 do dziewi\u0119ciu go\u015bci, apartamenty Bogl\u00e1rka i Levente s\u0105 w stanie pomie\u015bci\u0107 do 8 os\u00f3b ka\u017cdy.<\/p>\n<p style=\"font-weight: 400;\">Wszystkie nasze kwatery s\u0105 klimatyzowane, a w sezonie nasi go\u015bcie mog\u0105 parkowa\u0107 na strze\u017conym parkingu, a my zapewniamy im bezp\u0142atny wst\u0119p na centraln\u0105, p\u0142atn\u0105 pla\u017c\u0119.<\/p>\n<p style=\"font-weight: 400;\">Ponad trzydzie\u015bci lat do\u015bwiadczenia zawodowego kierownictwa i du\u017ca liczba powracaj\u0105cych go\u015bci s\u0105 profesjonaln\u0105 gwarancj\u0105, \u017ce ka\u017cdy go\u015b\u0107 pozostawi mi\u0142e wspomnienia.<\/p>\n<p style=\"font-weight: 400;\"><em>Z niecierpliwo\u015bci\u0105 czekamy na przyjemne wakacje nad Balatonem, b\u0105d\u017a naszym go\u015bciem!<\/em><\/p>\n<p>[\/vc_column_text][\/vc_column][\/vc_row][vc_row full_width=&#8221;stretch_row&#8221; equal_height=&#8221;yes&#8221; content_placement=&#8221;top&#8221; css=&#8221;.vc_custom_1677192226660{padding-top: 30px !important;padding-bottom: 30px !important;background-color: #eaeaea !important;}&#8221;][vc_column width=&#8221;1\/3&#8243; css=&#8221;.vc_custom_1677192084601{background-color: #ffffff !important;}&#8221;]<div class=\"aio-icon-component    style_2\"><div id=\"Info-box-wrap-3731\" class=\"aio-icon-box top-icon\" style=\"\"  ><div class=\"aio-icon-top\"><div class=\"ult-just-icon-wrapper  \"><div class=\"align-icon\" style=\"text-align:center;\">\n<div class=\"aio-icon none \"  style=\"color:#333;font-size:32px;display:inline-block;\">\n\t<i class=\"icomoon-free-social-contact-16x16-envelop\"><\/i>\n<\/div><\/div><\/div><\/div><div class=\"aio-icon-header\" ><h3 class=\"aio-icon-title ult-responsive\"  data-ultimate-target='#Info-box-wrap-3731 .aio-icon-title'  data-responsive-json-new='{\"font-size\":\"\",\"line-height\":\"\"}'  style=\"\">REZERWACJA E-MAILEM:<\/h3><\/div> <!-- header --><div class=\"aio-icon-description ult-responsive\"  data-ultimate-target='#Info-box-wrap-3731 .aio-icon-description'  data-responsive-json-new='{\"font-size\":\"\",\"line-height\":\"\"}'  style=\"\"><a href=\"mailto:hotel@tengerdi.hu\">hotel@tengerdi.hu<\/a><\/div> <!-- description --><\/div> <!-- aio-icon-box --><\/div> <!-- aio-icon-component -->[\/vc_column][vc_column width=&#8221;1\/3&#8243; css=&#8221;.vc_custom_1677192097889{background-color: #ffffff !important;}&#8221;]<div class=\"aio-icon-component    style_2\"><div id=\"Info-box-wrap-2311\" class=\"aio-icon-box top-icon\" style=\"\"  ><div class=\"aio-icon-top\"><div class=\"ult-just-icon-wrapper  \"><div class=\"align-icon\" style=\"text-align:center;\">\n<div class=\"aio-icon none \"  style=\"color:#333;font-size:32px;display:inline-block;\">\n\t<i class=\"Defaults-phone\"><\/i>\n<\/div><\/div><\/div><\/div><div class=\"aio-icon-header\" ><h3 class=\"aio-icon-title ult-responsive\"  data-ultimate-target='#Info-box-wrap-2311 .aio-icon-title'  data-responsive-json-new='{\"font-size\":\"\",\"line-height\":\"\"}'  style=\"\">REZERWACJA TELEFONICZNA:<\/h3><\/div> <!-- header --><div class=\"aio-icon-description ult-responsive\"  data-ultimate-target='#Info-box-wrap-2311 .aio-icon-description'  data-responsive-json-new='{\"font-size\":\"\",\"line-height\":\"\"}'  style=\"\">+ 36 30 377-9389<\/p>\n<p>+ 36 30 2700-680<\/div> <!-- description --><\/div> <!-- aio-icon-box --><\/div> <!-- aio-icon-component -->[\/vc_column][vc_column width=&#8221;1\/3&#8243; css=&#8221;.vc_custom_1677192107991{background-color: #ffffff !important;}&#8221;]<div class=\"aio-icon-component    style_2\"><div id=\"Info-box-wrap-9397\" class=\"aio-icon-box top-icon\" style=\"\"  ><div class=\"aio-icon-top\"><div class=\"ult-just-icon-wrapper  \"><div class=\"align-icon\" style=\"text-align:center;\">\n<div class=\"aio-icon none \"  style=\"color:#333;font-size:32px;display:inline-block;\">\n\t<i class=\"fas fa-mouse-pointer\"><\/i>\n<\/div><\/div><\/div><\/div><div class=\"aio-icon-header\" ><h3 class=\"aio-icon-title ult-responsive\"  data-ultimate-target='#Info-box-wrap-9397 .aio-icon-title'  data-responsive-json-new='{\"font-size\":\"\",\"line-height\":\"\"}'  style=\"\">REZERWACJA ONLINE:<\/h3><\/div> <!-- header --><div class=\"aio-icon-description ult-responsive\"  data-ultimate-target='#Info-box-wrap-9397 .aio-icon-description'  data-responsive-json-new='{\"font-size\":\"\",\"line-height\":\"\"}'  style=\"\"><a href=\"https:\/\/booking.previo.cz\/index\/step-1\/?hotId=749952&#038;currency=HUF&#038;lang=pl&#038;redirectType=iframe&#038;PHPSESSID=5dl8g4opdoqsn0t01gd3t1o3im\">Nasza strona rezerwacji online<\/a><\/div> <!-- description --><\/div> <!-- aio-icon-box --><\/div> <!-- aio-icon-component -->[\/vc_column][\/vc_row]<\/p>\n<\/div>","protected":false},"excerpt":{"rendered":"<p>[vc_row content_placement=&#8221;top&#8221;][vc_column width=&#8221;1\/2&#8243; el_class=&#8221;dpano&#8221; offset=&#8221;vc_hidden-sm vc_hidden-xs&#8221; css=&#8221;.vc_custom_1677180966389{margin-top: -300px !important;}&#8221;][vc_single_image image=&#8221;113&#8243; img_size=&#8221;full&#8221; alignment=&#8221;center&#8221; style=&#8221;vc_box_border&#8221; border_color=&#8221;white&#8221; onclick=&#8221;custom_link&#8221; img_link_target=&#8221;_blank&#8221; css=&#8221;.vc_custom_1687887874574{padding-top: 30px !important;}&#8221; image_hovers=&#8221;false&#8221; link=&#8221;https:\/\/www.3dpano.hu\/Viktor_vendeghaz\/&#8221;][\/vc_column][vc_column width=&#8221;1\/2&#8243; el_class=&#8221;dpano&#8221; offset=&#8221;vc_hidden-sm vc_hidden-xs&#8221; css=&#8221;.vc_custom_1677180975490{margin-top: -300px !important;}&#8221;][vc_single_image image=&#8221;114&#8243; img_size=&#8221;full&#8221; alignment=&#8221;center&#8221; style=&#8221;vc_box_border&#8221; border_color=&#8221;white&#8221; onclick=&#8221;custom_link&#8221; img_link_target=&#8221;_blank&#8221; css=&#8221;.vc_custom_1687887867034{padding-top: 30px !important;}&#8221; image_hovers=&#8221;false&#8221; link=&#8221;https:\/\/www.3dpano.hu\/Viktor_Strand_bufe\/&#8221;][\/vc_column][\/vc_row][vc_row content_placement=&#8221;top&#8221;][vc_column width=&#8221;1\/2&#8243; offset=&#8221;vc_hidden-lg vc_hidden-md&#8221;][vc_single_image image=&#8221;113&#8243; img_size=&#8221;full&#8221; alignment=&#8221;center&#8221; style=&#8221;vc_box_border&#8221; border_color=&#8221;white&#8221; onclick=&#8221;custom_link&#8221; img_link_target=&#8221;_blank&#8221; css=&#8221;.vc_custom_1677179650926{padding-top: 30px !important;}&#8221; image_hovers=&#8221;false&#8221;&hellip;<\/p>\n","protected":false},"author":3,"featured_media":0,"parent":0,"menu_order":0,"comment_status":"closed","ping_status":"closed","template":"","meta":{"footnotes":""},"class_list":["post-1366","page","type-page","status-publish","hentry","description-off"],"yoast_head":"<!-- This site is optimized with the Yoast SEO plugin v27.1.1 - https:\/\/yoast.com\/product\/yoast-seo-wordpress\/ -->\n<title>Tengerdi<\/title>\n<meta name=\"robots\" content=\"index, follow, max-snippet:-1, max-image-preview:large, max-video-preview:-1\" \/>\n<link rel=\"canonical\" href=\"https:\/\/tengerdi.hu\/pl\/\" \/>\n<meta property=\"og:locale\" content=\"pl_PL\" \/>\n<meta property=\"og:locale:alternate\" content=\"hu_HU\" \/>\n<meta property=\"og:locale:alternate\" content=\"Deutschland\" \/>\n<meta property=\"og:locale:alternate\" content=\"en_US\" \/>\n<meta property=\"og:locale:alternate\" content=\"\u010ce\u0161tina\" \/>\n<meta property=\"og:type\" content=\"article\" \/>\n<meta property=\"og:title\" content=\"Tengerdi\" \/>\n<meta property=\"og:description\" content=\"[vc_row content_placement=&#8221;top&#8221;][vc_column width=&#8221;1\/2&#8243; el_class=&#8221;dpano&#8221; offset=&#8221;vc_hidden-sm vc_hidden-xs&#8221; css=&#8221;.vc_custom_1677180966389{margin-top: -300px !important;}&#8221;][vc_single_image image=&#8221;113&#8243; img_size=&#8221;full&#8221; alignment=&#8221;center&#8221; style=&#8221;vc_box_border&#8221; border_color=&#8221;white&#8221; onclick=&#8221;custom_link&#8221; img_link_target=&#8221;_blank&#8221; css=&#8221;.vc_custom_1687887874574{padding-top: 30px !important;}&#8221; image_hovers=&#8221;false&#8221; link=&#8221;https:\/\/www.3dpano.hu\/Viktor_vendeghaz\/&#8221;][\/vc_column][vc_column width=&#8221;1\/2&#8243; el_class=&#8221;dpano&#8221; offset=&#8221;vc_hidden-sm vc_hidden-xs&#8221; css=&#8221;.vc_custom_1677180975490{margin-top: -300px !important;}&#8221;][vc_single_image image=&#8221;114&#8243; img_size=&#8221;full&#8221; alignment=&#8221;center&#8221; style=&#8221;vc_box_border&#8221; border_color=&#8221;white&#8221; onclick=&#8221;custom_link&#8221; img_link_target=&#8221;_blank&#8221; css=&#8221;.vc_custom_1687887867034{padding-top: 30px !important;}&#8221; image_hovers=&#8221;false&#8221; link=&#8221;https:\/\/www.3dpano.hu\/Viktor_Strand_bufe\/&#8221;][\/vc_column][\/vc_row][vc_row content_placement=&#8221;top&#8221;][vc_column width=&#8221;1\/2&#8243; offset=&#8221;vc_hidden-lg vc_hidden-md&#8221;][vc_single_image image=&#8221;113&#8243; img_size=&#8221;full&#8221; alignment=&#8221;center&#8221; style=&#8221;vc_box_border&#8221; border_color=&#8221;white&#8221; onclick=&#8221;custom_link&#8221; img_link_target=&#8221;_blank&#8221; css=&#8221;.vc_custom_1677179650926{padding-top: 30px !important;}&#8221; image_hovers=&#8221;false&#8221;&hellip;\" \/>\n<meta property=\"og:url\" content=\"https:\/\/tengerdi.hu\/pl\/\" \/>\n<meta property=\"og:site_name\" content=\"Viktor Bor- \u00e9s Vend\u00e9gh\u00e1z **** \/ Wein- und Gasthaus Viktor ****\" \/>\n<meta property=\"article:modified_time\" content=\"2025-03-16T17:33:18+00:00\" \/>\n<meta name=\"twitter:card\" content=\"summary_large_image\" \/>\n<meta name=\"twitter:label1\" content=\"Szacowany czas czytania\" \/>\n\t<meta name=\"twitter:data1\" content=\"3 minuty\" \/>\n<script type=\"application\/ld+json\" class=\"yoast-schema-graph\">{\"@context\":\"https:\/\/schema.org\",\"@graph\":[{\"@type\":\"WebPage\",\"@id\":\"https:\/\/tengerdi.hu\/\",\"url\":\"https:\/\/tengerdi.hu\/\",\"name\":\"Tengerdi\",\"isPartOf\":{\"@id\":\"https:\/\/tengerdi.hu\/#website\"},\"datePublished\":\"2023-02-23T19:12:43+00:00\",\"dateModified\":\"2025-03-16T17:33:18+00:00\",\"breadcrumb\":{\"@id\":\"https:\/\/tengerdi.hu\/#breadcrumb\"},\"inLanguage\":\"Polski\",\"potentialAction\":[{\"@type\":\"ReadAction\",\"target\":[\"https:\/\/tengerdi.hu\/\"]}]},{\"@type\":\"BreadcrumbList\",\"@id\":\"https:\/\/tengerdi.hu\/#breadcrumb\",\"itemListElement\":[{\"@type\":\"ListItem\",\"position\":1,\"name\":\"Kezd\u0151lap\",\"item\":\"https:\/\/tengerdi.hu\/\"},{\"@type\":\"ListItem\",\"position\":2,\"name\":\"Kezd\u0151lap\"}]},{\"@type\":\"WebSite\",\"@id\":\"https:\/\/tengerdi.hu\/#website\",\"url\":\"https:\/\/tengerdi.hu\/\",\"name\":\"Viktor Bor- \u00e9s Vend\u00e9gh\u00e1z **** \/ Wein- und Gasthaus Viktor ****\",\"description\":\"... A Balaton vend\u00e9geinek...\",\"potentialAction\":[{\"@type\":\"SearchAction\",\"target\":{\"@type\":\"EntryPoint\",\"urlTemplate\":\"https:\/\/tengerdi.hu\/?s={search_term_string}\"},\"query-input\":{\"@type\":\"PropertyValueSpecification\",\"valueRequired\":true,\"valueName\":\"search_term_string\"}}],\"inLanguage\":\"Polski\"}]}<\/script>\n<!-- \/ Yoast SEO plugin. -->","yoast_head_json":{"title":"Tengerdi","robots":{"index":"index","follow":"follow","max-snippet":"max-snippet:-1","max-image-preview":"max-image-preview:large","max-video-preview":"max-video-preview:-1"},"canonical":"https:\/\/tengerdi.hu\/pl\/","og_locale":"pl_PL","og_type":"article","og_title":"[:hu]Kezd\u0151lap[:de]Willkommen[:en]Wellcome[:cs]Tengerdi[:pl]Tengerdi[:] - Viktor Bor- \u00e9s Vend\u00e9gh\u00e1z **** \/ Wein- und Gasthaus Viktor ****","og_description":"[vc_row content_placement=&#8221;top&#8221;][vc_column width=&#8221;1\/2&#8243; el_class=&#8221;dpano&#8221; offset=&#8221;vc_hidden-sm vc_hidden-xs&#8221; css=&#8221;.vc_custom_1677180966389{margin-top: -300px !important;}&#8221;][vc_single_image image=&#8221;113&#8243; img_size=&#8221;full&#8221; alignment=&#8221;center&#8221; style=&#8221;vc_box_border&#8221; border_color=&#8221;white&#8221; onclick=&#8221;custom_link&#8221; img_link_target=&#8221;_blank&#8221; css=&#8221;.vc_custom_1687887874574{padding-top: 30px !important;}&#8221; image_hovers=&#8221;false&#8221; link=&#8221;https:\/\/www.3dpano.hu\/Viktor_vendeghaz\/&#8221;][\/vc_column][vc_column width=&#8221;1\/2&#8243; el_class=&#8221;dpano&#8221; offset=&#8221;vc_hidden-sm vc_hidden-xs&#8221; css=&#8221;.vc_custom_1677180975490{margin-top: -300px !important;}&#8221;][vc_single_image image=&#8221;114&#8243; img_size=&#8221;full&#8221; alignment=&#8221;center&#8221; style=&#8221;vc_box_border&#8221; border_color=&#8221;white&#8221; onclick=&#8221;custom_link&#8221; img_link_target=&#8221;_blank&#8221; css=&#8221;.vc_custom_1687887867034{padding-top: 30px !important;}&#8221; image_hovers=&#8221;false&#8221; link=&#8221;https:\/\/www.3dpano.hu\/Viktor_Strand_bufe\/&#8221;][\/vc_column][\/vc_row][vc_row content_placement=&#8221;top&#8221;][vc_column width=&#8221;1\/2&#8243; offset=&#8221;vc_hidden-lg vc_hidden-md&#8221;][vc_single_image image=&#8221;113&#8243; img_size=&#8221;full&#8221; alignment=&#8221;center&#8221; style=&#8221;vc_box_border&#8221; border_color=&#8221;white&#8221; onclick=&#8221;custom_link&#8221; img_link_target=&#8221;_blank&#8221; css=&#8221;.vc_custom_1677179650926{padding-top: 30px !important;}&#8221; image_hovers=&#8221;false&#8221;&hellip;","og_url":"https:\/\/tengerdi.hu\/pl\/","og_site_name":"Viktor Bor- \u00e9s Vend\u00e9gh\u00e1z **** \/ Wein- und Gasthaus Viktor ****","article_modified_time":"2025-03-16T17:33:18+00:00","twitter_card":"summary_large_image","twitter_misc":{"Szacowany czas czytania":"3 minuty"},"schema":{"@context":"https:\/\/schema.org","@graph":[{"@type":"WebPage","@id":"https:\/\/tengerdi.hu\/","url":"https:\/\/tengerdi.hu\/","name":"Tengerdi","isPartOf":{"@id":"https:\/\/tengerdi.hu\/#website"},"datePublished":"2023-02-23T19:12:43+00:00","dateModified":"2025-03-16T17:33:18+00:00","breadcrumb":{"@id":"https:\/\/tengerdi.hu\/#breadcrumb"},"inLanguage":"Polski","potentialAction":[{"@type":"ReadAction","target":["https:\/\/tengerdi.hu\/"]}]},{"@type":"BreadcrumbList","@id":"https:\/\/tengerdi.hu\/#breadcrumb","itemListElement":[{"@type":"ListItem","position":1,"name":"Kezd\u0151lap","item":"https:\/\/tengerdi.hu\/"},{"@type":"ListItem","position":2,"name":"Kezd\u0151lap"}]},{"@type":"WebSite","@id":"https:\/\/tengerdi.hu\/#website","url":"https:\/\/tengerdi.hu\/","name":"Viktor Bor- \u00e9s Vend\u00e9gh\u00e1z **** \/ Wein- und Gasthaus Viktor ****","description":"... A Balaton vend\u00e9geinek...","potentialAction":[{"@type":"SearchAction","target":{"@type":"EntryPoint","urlTemplate":"https:\/\/tengerdi.hu\/?s={search_term_string}"},"query-input":{"@type":"PropertyValueSpecification","valueRequired":true,"valueName":"search_term_string"}}],"inLanguage":"Polski"}]}},"_links":{"self":[{"href":"https:\/\/tengerdi.hu\/pl\/wp-json\/wp\/v2\/pages\/1366","targetHints":{"allow":["GET"]}}],"collection":[{"href":"https:\/\/tengerdi.hu\/pl\/wp-json\/wp\/v2\/pages"}],"about":[{"href":"https:\/\/tengerdi.hu\/pl\/wp-json\/wp\/v2\/types\/page"}],"author":[{"embeddable":true,"href":"https:\/\/tengerdi.hu\/pl\/wp-json\/wp\/v2\/users\/3"}],"replies":[{"embeddable":true,"href":"https:\/\/tengerdi.hu\/pl\/wp-json\/wp\/v2\/comments?post=1366"}],"version-history":[{"count":77,"href":"https:\/\/tengerdi.hu\/pl\/wp-json\/wp\/v2\/pages\/1366\/revisions"}],"predecessor-version":[{"id":2565,"href":"https:\/\/tengerdi.hu\/pl\/wp-json\/wp\/v2\/pages\/1366\/revisions\/2565"}],"wp:attachment":[{"href":"https:\/\/tengerdi.hu\/pl\/wp-json\/wp\/v2\/media?parent=1366"}],"curies":[{"name":"wp","href":"https:\/\/api.w.org\/{rel}","templated":true}]}}