{"id":920,"date":"2020-02-03T11:27:03","date_gmt":"2020-02-03T11:27:03","guid":{"rendered":"http:\/\/tengerdi.hu\/?page_id=920"},"modified":"2020-02-03T12:28:32","modified_gmt":"2020-02-03T12:28:32","slug":"tfc-111","status":"publish","type":"page","link":"https:\/\/tengerdi.hu\/en\/tfc-111\/","title":{"rendered":"A Viktor Bor- \u00e9s Vend\u00e9gh\u00e1z komplex fejleszt\u00e9si programja"},"content":{"rendered":"<div class=\"wpb-content-wrapper\"><p>[vc_row][vc_column width=&#8221;2\/3&#8243;][vc_column_text]<\/p>\n<h3>Inform\u00e1ci\u00f3k<\/h3>\n<p>Kedvezm\u00e9nyezett neve: Tengerdi Kereskedelmi \u00e9s Szolg\u00e1ltat\u00f3 Kft.<\/p>\n<p>A t\u00e1mogatott projekt c\u00edme:\u00a0A Viktor Bor- \u00e9s Vend\u00e9gh\u00e1z komplex fejleszt\u00e9si programja<\/p>\n<p>P\u00e1ly\u00e1zat azonos\u00edt\u00f3 sz\u00e1m: TFC-1-1-1-2017-2018-00721<\/p>\n<p>A szerz\u0151d\u00f6tt t\u00e1mogat\u00e1s \u00f6sszege: 50 328 132 Ft<\/p>\n<p>A t\u00e1mogat\u00e1s m\u00e9rt\u00e9ke (%-ban): 70 %<\/p>\n<p>A t\u00e1mogatott projekt befejez\u00e9si d\u00e1tuma (ha megval\u00f3sult, akkor a t\u00e9nyleges befejez\u00e9s): V\u00e9gelsz\u00e1mol\u00e1s: 2019.10.30.<\/p>\n<p>&nbsp;<\/p>\n<h3>A t\u00e1mogatott projekt tartalm\u00e1nak r\u00f6vid bemutat\u00e1sa<\/h3>\n<p>A Viktor Bor- \u00e9s Vend\u00e9gh\u00e1z komplex fel\u00faj\u00edt\u00e1sa \u00e9s fejleszt\u00e9se keret\u00e9ben napelemes rendszer, pakol\u00f3 t\u00e9rburkolat\u00e1nak ki\u00e9p\u00edt\u00e9se, kapacit\u00e1sb\u0151v\u00edt\u00e9s \u00e9s \u00e9p\u00fcletfel\u00faj\u00edt\u00e1s, fest\u00e9s \u00e9s zuhanykabinok cser\u00e9je, szem\u00e9lyzeti sz\u00e1ll\u00e1s kialak\u00edt\u00e1sa, szerelt ac\u00e9lbalkonok l\u00e9tes\u00edt\u00e9se, kamerarendszer ki\u00e9p\u00edt\u00e9se, k\u00fclt\u00e9ri fitnesszeszk\u00f6z\u00f6k \u00e9s j\u00e1tsz\u00f3t\u00e9r kialak\u00edt\u00e1sa, notebookok beszerz\u00e9se, komplett konyhatechnol\u00f3giai csere, mos\u00f3-sz\u00e1r\u00edt\u00f3 \u00e9s vasal\u00f3g\u00e9p beszerz\u00e9se, szaunak\u00e1lyha beszerz\u00e9se ker\u00fclt elv\u00e9gz\u00e9sre. A beszerz\u00e9s \u00e9s a kivitelez\u00e9si folyamat 2019 szezon el\u0151tt megval\u00f3sult. 2019 szeptember\u00e9ben a h\u00e1z a v\u00e1llalt n\u00e9gycsillagos panzi\u00f3 min\u0151s\u00edt\u00e9s elnyerte.<\/p>\n<p>&nbsp;<\/p>\n<p><em>\u201eA t\u00e1mogatott projekt a Kisfaludy Turisztikai Fejleszt\u00e9si Program keret\u00e9ben val\u00f3sul meg.\u201d<\/em>[\/vc_column_text][\/vc_column][vc_column width=&#8221;1\/3&#8243;][vc_single_image image=&#8221;921&#8243; img_size=&#8221;full&#8221;][\/vc_column][\/vc_row]<\/p>\n<\/div>","protected":false},"excerpt":{"rendered":"<p>[vc_row][vc_column width=&#8221;2\/3&#8243;][vc_column_text] Inform\u00e1ci\u00f3k Kedvezm\u00e9nyezett neve: Tengerdi Kereskedelmi \u00e9s Szolg\u00e1ltat\u00f3 Kft. A t\u00e1mogatott projekt c\u00edme:\u00a0A Viktor Bor- \u00e9s Vend\u00e9gh\u00e1z komplex fejleszt\u00e9si programja P\u00e1ly\u00e1zat azonos\u00edt\u00f3 sz\u00e1m: TFC-1-1-1-2017-2018-00721 A szerz\u0151d\u00f6tt t\u00e1mogat\u00e1s \u00f6sszege: 50 328 132 Ft A t\u00e1mogat\u00e1s m\u00e9rt\u00e9ke (%-ban): 70 % A t\u00e1mogatott projekt befejez\u00e9si d\u00e1tuma (ha megval\u00f3sult, akkor a t\u00e9nyleges befejez\u00e9s): V\u00e9gelsz\u00e1mol\u00e1s: 2019.10.30. &nbsp; A t\u00e1mogatott&hellip;<\/p>\n","protected":false},"author":3,"featured_media":0,"parent":0,"menu_order":0,"comment_status":"closed","ping_status":"closed","template":"","meta":{"footnotes":""},"class_list":["post-920","page","type-page","status-publish","hentry","description-off"],"yoast_head":"<!-- This site is optimized with the Yoast SEO plugin v27.1.1 - https:\/\/yoast.com\/product\/yoast-seo-wordpress\/ -->\n<title>A Viktor Bor- \u00e9s Vend\u00e9gh\u00e1z komplex fejleszt\u00e9si programja<\/title>\n<meta name=\"robots\" content=\"index, follow, max-snippet:-1, max-image-preview:large, max-video-preview:-1\" \/>\n<link rel=\"canonical\" href=\"https:\/\/tengerdi.hu\/en\/tfc-111\/\" \/>\n<meta property=\"og:locale\" content=\"en_US\" \/>\n<meta property=\"og:locale:alternate\" content=\"hu_HU\" \/>\n<meta property=\"og:locale:alternate\" content=\"Deutschland\" \/>\n<meta property=\"og:locale:alternate\" content=\"\u010ce\u0161tina\" \/>\n<meta property=\"og:locale:alternate\" content=\"Polski\" \/>\n<meta property=\"og:type\" content=\"article\" \/>\n<meta property=\"og:title\" content=\"A Viktor Bor- \u00e9s Vend\u00e9gh\u00e1z komplex fejleszt\u00e9si programja\" \/>\n<meta property=\"og:description\" content=\"[vc_row][vc_column width=&#8221;2\/3&#8243;][vc_column_text] Inform\u00e1ci\u00f3k Kedvezm\u00e9nyezett neve: Tengerdi Kereskedelmi \u00e9s Szolg\u00e1ltat\u00f3 Kft. A t\u00e1mogatott projekt c\u00edme:\u00a0A Viktor Bor- \u00e9s Vend\u00e9gh\u00e1z komplex fejleszt\u00e9si programja P\u00e1ly\u00e1zat azonos\u00edt\u00f3 sz\u00e1m: TFC-1-1-1-2017-2018-00721 A szerz\u0151d\u00f6tt t\u00e1mogat\u00e1s \u00f6sszege: 50 328 132 Ft A t\u00e1mogat\u00e1s m\u00e9rt\u00e9ke (%-ban): 70 % A t\u00e1mogatott projekt befejez\u00e9si d\u00e1tuma (ha megval\u00f3sult, akkor a t\u00e9nyleges befejez\u00e9s): V\u00e9gelsz\u00e1mol\u00e1s: 2019.10.30. &nbsp; A t\u00e1mogatott&hellip;\" \/>\n<meta property=\"og:url\" content=\"https:\/\/tengerdi.hu\/en\/tfc-111\/\" \/>\n<meta property=\"og:site_name\" content=\"Viktor Bor- \u00e9s Vend\u00e9gh\u00e1z **** \/ Wein- und Gasthaus Viktor ****\" \/>\n<meta property=\"article:modified_time\" content=\"2020-02-03T12:28:32+00:00\" \/>\n<meta name=\"twitter:card\" content=\"summary_large_image\" \/>\n<meta name=\"twitter:label1\" content=\"Est. reading time\" \/>\n\t<meta name=\"twitter:data1\" content=\"3 minutes\" \/>\n<script type=\"application\/ld+json\" class=\"yoast-schema-graph\">{\"@context\":\"https:\/\/schema.org\",\"@graph\":[{\"@type\":\"WebPage\",\"@id\":\"https:\/\/tengerdi.hu\/tfc-111\/\",\"url\":\"https:\/\/tengerdi.hu\/tfc-111\/\",\"name\":\"A Viktor Bor- \u00e9s Vend\u00e9gh\u00e1z komplex fejleszt\u00e9si programja\",\"isPartOf\":{\"@id\":\"https:\/\/tengerdi.hu\/#website\"},\"datePublished\":\"2020-02-03T11:27:03+00:00\",\"dateModified\":\"2020-02-03T12:28:32+00:00\",\"breadcrumb\":{\"@id\":\"https:\/\/tengerdi.hu\/tfc-111\/#breadcrumb\"},\"inLanguage\":\"en-US\",\"potentialAction\":[{\"@type\":\"ReadAction\",\"target\":[\"https:\/\/tengerdi.hu\/tfc-111\/\"]}]},{\"@type\":\"BreadcrumbList\",\"@id\":\"https:\/\/tengerdi.hu\/tfc-111\/#breadcrumb\",\"itemListElement\":[{\"@type\":\"ListItem\",\"position\":1,\"name\":\"Kezd\u0151lap\",\"item\":\"https:\/\/tengerdi.hu\/\"},{\"@type\":\"ListItem\",\"position\":2,\"name\":\"A Viktor Bor- \u00e9s Vend\u00e9gh\u00e1z komplex fejleszt\u00e9si programja\"}]},{\"@type\":\"WebSite\",\"@id\":\"https:\/\/tengerdi.hu\/#website\",\"url\":\"https:\/\/tengerdi.hu\/\",\"name\":\"Viktor Bor- \u00e9s Vend\u00e9gh\u00e1z **** \/ Wein- und Gasthaus Viktor ****\",\"description\":\"... A Balaton vend\u00e9geinek...\",\"potentialAction\":[{\"@type\":\"SearchAction\",\"target\":{\"@type\":\"EntryPoint\",\"urlTemplate\":\"https:\/\/tengerdi.hu\/?s={search_term_string}\"},\"query-input\":{\"@type\":\"PropertyValueSpecification\",\"valueRequired\":true,\"valueName\":\"search_term_string\"}}],\"inLanguage\":\"en-US\"}]}<\/script>\n<!-- \/ Yoast SEO plugin. -->","yoast_head_json":{"title":"A Viktor Bor- \u00e9s Vend\u00e9gh\u00e1z komplex fejleszt\u00e9si programja","robots":{"index":"index","follow":"follow","max-snippet":"max-snippet:-1","max-image-preview":"max-image-preview:large","max-video-preview":"max-video-preview:-1"},"canonical":"https:\/\/tengerdi.hu\/en\/tfc-111\/","og_locale":"en_US","og_type":"article","og_title":"[:hu]A Viktor Bor- \u00e9s Vend\u00e9gh\u00e1z komplex fejleszt\u00e9si programja[:de]A Viktor Bor- \u00e9s Vend\u00e9gh\u00e1z komplex fejleszt\u00e9si programja[:] - Viktor Bor- \u00e9s Vend\u00e9gh\u00e1z **** \/ Wein- und Gasthaus Viktor ****","og_description":"[vc_row][vc_column width=&#8221;2\/3&#8243;][vc_column_text] Inform\u00e1ci\u00f3k Kedvezm\u00e9nyezett neve: Tengerdi Kereskedelmi \u00e9s Szolg\u00e1ltat\u00f3 Kft. A t\u00e1mogatott projekt c\u00edme:\u00a0A Viktor Bor- \u00e9s Vend\u00e9gh\u00e1z komplex fejleszt\u00e9si programja P\u00e1ly\u00e1zat azonos\u00edt\u00f3 sz\u00e1m: TFC-1-1-1-2017-2018-00721 A szerz\u0151d\u00f6tt t\u00e1mogat\u00e1s \u00f6sszege: 50 328 132 Ft A t\u00e1mogat\u00e1s m\u00e9rt\u00e9ke (%-ban): 70 % A t\u00e1mogatott projekt befejez\u00e9si d\u00e1tuma (ha megval\u00f3sult, akkor a t\u00e9nyleges befejez\u00e9s): V\u00e9gelsz\u00e1mol\u00e1s: 2019.10.30. &nbsp; A t\u00e1mogatott&hellip;","og_url":"https:\/\/tengerdi.hu\/en\/tfc-111\/","og_site_name":"Viktor Bor- \u00e9s Vend\u00e9gh\u00e1z **** \/ Wein- und Gasthaus Viktor ****","article_modified_time":"2020-02-03T12:28:32+00:00","twitter_card":"summary_large_image","twitter_misc":{"Est. reading time":"3 minutes"},"schema":{"@context":"https:\/\/schema.org","@graph":[{"@type":"WebPage","@id":"https:\/\/tengerdi.hu\/tfc-111\/","url":"https:\/\/tengerdi.hu\/tfc-111\/","name":"A Viktor Bor- \u00e9s Vend\u00e9gh\u00e1z komplex fejleszt\u00e9si programja","isPartOf":{"@id":"https:\/\/tengerdi.hu\/#website"},"datePublished":"2020-02-03T11:27:03+00:00","dateModified":"2020-02-03T12:28:32+00:00","breadcrumb":{"@id":"https:\/\/tengerdi.hu\/tfc-111\/#breadcrumb"},"inLanguage":"en-US","potentialAction":[{"@type":"ReadAction","target":["https:\/\/tengerdi.hu\/tfc-111\/"]}]},{"@type":"BreadcrumbList","@id":"https:\/\/tengerdi.hu\/tfc-111\/#breadcrumb","itemListElement":[{"@type":"ListItem","position":1,"name":"Kezd\u0151lap","item":"https:\/\/tengerdi.hu\/"},{"@type":"ListItem","position":2,"name":"A Viktor Bor- \u00e9s Vend\u00e9gh\u00e1z komplex fejleszt\u00e9si programja"}]},{"@type":"WebSite","@id":"https:\/\/tengerdi.hu\/#website","url":"https:\/\/tengerdi.hu\/","name":"Viktor Bor- \u00e9s Vend\u00e9gh\u00e1z **** \/ Wein- und Gasthaus Viktor ****","description":"... A Balaton vend\u00e9geinek...","potentialAction":[{"@type":"SearchAction","target":{"@type":"EntryPoint","urlTemplate":"https:\/\/tengerdi.hu\/?s={search_term_string}"},"query-input":{"@type":"PropertyValueSpecification","valueRequired":true,"valueName":"search_term_string"}}],"inLanguage":"en-US"}]}},"_links":{"self":[{"href":"https:\/\/tengerdi.hu\/en\/wp-json\/wp\/v2\/pages\/920","targetHints":{"allow":["GET"]}}],"collection":[{"href":"https:\/\/tengerdi.hu\/en\/wp-json\/wp\/v2\/pages"}],"about":[{"href":"https:\/\/tengerdi.hu\/en\/wp-json\/wp\/v2\/types\/page"}],"author":[{"embeddable":true,"href":"https:\/\/tengerdi.hu\/en\/wp-json\/wp\/v2\/users\/3"}],"replies":[{"embeddable":true,"href":"https:\/\/tengerdi.hu\/en\/wp-json\/wp\/v2\/comments?post=920"}],"version-history":[{"count":4,"href":"https:\/\/tengerdi.hu\/en\/wp-json\/wp\/v2\/pages\/920\/revisions"}],"predecessor-version":[{"id":928,"href":"https:\/\/tengerdi.hu\/en\/wp-json\/wp\/v2\/pages\/920\/revisions\/928"}],"wp:attachment":[{"href":"https:\/\/tengerdi.hu\/en\/wp-json\/wp\/v2\/media?parent=920"}],"curies":[{"name":"wp","href":"https:\/\/api.w.org\/{rel}","templated":true}]}}