{"id":1513,"date":"2023-02-25T13:33:03","date_gmt":"2023-02-25T13:33:03","guid":{"rendered":"http:\/\/tengerdi.hu\/?page_id=1513"},"modified":"2025-03-17T20:03:17","modified_gmt":"2025-03-17T20:03:17","slug":"rolunk","status":"publish","type":"page","link":"https:\/\/tengerdi.hu\/en\/rolunk\/","title":{"rendered":"About"},"content":{"rendered":"<div class=\"wpb-content-wrapper\"><p>[vc_row gap=&#8221;10&#8243; equal_height=&#8221;yes&#8221; content_placement=&#8221;middle&#8221; css=&#8221;.vc_custom_1677334401038{margin-top: -40px !important;}&#8221;][vc_column width=&#8221;1\/4&#8243;][vc_column_text]<\/p>\n<p style=\"text-align: center;\"><strong><a href=\"https:\/\/tengerdi.hu\/en\/megjelenesek\/\" target=\"_blank\" rel=\"noopener\">PRESS<\/a><\/strong><\/p>\n<p>[\/vc_column_text][\/vc_column][vc_column width=&#8221;1\/4&#8243;][vc_column_text]<\/p>\n<p style=\"text-align: center;\"><strong><a href=\"https:\/\/tengerdi.hu\/en\/strandgrill-erika-gyorsetterme\/\" target=\"_blank\" rel=\"noopener\">FR\u00d6CCSTERASZ &#038; STRANDGRILL ERIKA FASTFOOD RESTAURANT <\/a><\/strong><\/p>\n<p>[\/vc_column_text][\/vc_column][vc_column width=&#8221;1\/4&#8243;][vc_column_text]<\/p>\n<p style=\"text-align: center;\"><strong><a href=\"https:\/\/tengerdi.hu\/en\/vinoteka\/\" target=\"_blank\" rel=\"noopener\">WINE SHOP<\/a><\/strong><\/p>\n<p>[\/vc_column_text][\/vc_column][vc_column width=&#8221;1\/4&#8243;][vc_column_text]<\/p>\n<p style=\"text-align: center;\"><strong><a href=\"https:\/\/tengerdi.hu\/en\/a-tengerdi-csalad\/\" target=\"_blank\" rel=\"noopener\">FAMILY<\/a><\/strong><\/p>\n<p>[\/vc_column_text][\/vc_column][\/vc_row][vc_row el_id=&#8221;intro&#8221;][vc_column][vc_separator][vc_custom_heading text=&#8221;Tengerdi&#8221; font_container=&#8221;tag:h1|font_size:60%20px|text_align:center|color:%23c5ab6b|line_height:65%20px&#8221; google_fonts=&#8221;font_family:Great%20Vibes%3Aregular|font_style:400%20regular%3A400%3Anormal&#8221;][vc_custom_heading text=&#8221;Get to know us!&#8221; font_container=&#8221;tag:h2|font_size:50%20px|text_align:center|color:%23303030|line_height:55%20px&#8221; use_theme_fonts=&#8221;yes&#8221;]<div class=\"hr-thin style-double\" style=\"width: 10%;border-top-width: 3px;\"><\/div>[\/vc_column][\/vc_row][vc_row css=&#8221;.vc_custom_1677331406937{padding-top: 40px !important;}&#8221;][vc_column][vc_custom_heading text=&#8221;Dear Guests!&#8221; font_container=&#8221;tag:h3|font_size:40%20px|text_align:left|color:%23c5ab6b|line_height:65%20px&#8221; google_fonts=&#8221;font_family:Great%20Vibes%3Aregular|font_style:400%20regular%3A400%3Anormal&#8221;][vc_column_text]<\/p>\n<h4><span lang=\"HU\">Welcome to the homepage of Tengerdi Ltd.!<br \/>\n<\/span><\/h4>\n<p>[\/vc_column_text][vc_column_text]<\/p>\n<p style=\"font-weight: 400;\">You can find here tourist services and attractions that will make your holiday unforgettable at the &#8216;Hungarian Sea&#8217;.<\/p>\n<p style=\"font-weight: 400;\">We offer you and your family a four-star pension, the Viktor Wine and Guesthouse. In addition to the 4-star quality rooms in the pension, guests can enjoy our wellness and fitness service, wines and brandies, palinka of our own winery.<\/p>\n<p style=\"font-weight: 400;\">Our handmade wines are not only available at the restaurant, but they also can be bought in our vinotheque room at a favorable price.<\/p>\n<p style=\"font-weight: 400;\">The Fr\u00f6ccsterasz and Strandgrill Erika Strand is located on the beach, 100 meters\u00a0away from the pension. This fast food restaurant offers a plenty of modern beach food, and traditional meals too. Our drink menu has all the known and some special types of spritzer, handmade lemonades and a variety of draft beers.<\/p>\n<p style=\"font-weight: 400;\">We warmly welcome our guests to the beach in five apartments above our beach diner. The \u201eGold Bridge\u201d and \u201eSilver Bridge\u201d apartments can accommodate a whole family. Five rooms of the \u201eHungarian Sea\u201d can accommodate up to nine people, while Bogl\u00e1rka and Levente apartments have a capacity of 8-8 people.<\/p>\n<p style=\"font-weight: 400;\">All our apartments are air-conditioned, our guests can park their\u00a0cars in a guarded parking lot, and\u00a0we provide a ticket with free entry to the beach.<br \/>\nThe three decades of professional management experience and the high number of returning guests is a professional guarantee that everyone will leave with pleasant memories.<\/p>\n<p style=\"font-weight: 400;\"><em>We are looking forward to see you at\u00a0lake Balaton. Be our guest this year!<\/em><\/p>\n<p>[\/vc_column_text][\/vc_column][\/vc_row]<\/p>\n<\/div>","protected":false},"excerpt":{"rendered":"<p>[vc_row gap=&#8221;10&#8243; equal_height=&#8221;yes&#8221; content_placement=&#8221;middle&#8221; css=&#8221;.vc_custom_1677334401038{margin-top: -40px !important;}&#8221;][vc_column width=&#8221;1\/4&#8243;][vc_column_text] PRESS [\/vc_column_text][\/vc_column][vc_column width=&#8221;1\/4&#8243;][vc_column_text] FR\u00d6CCSTERASZ &#038; STRANDGRILL ERIKA FASTFOOD RESTAURANT [\/vc_column_text][\/vc_column][vc_column width=&#8221;1\/4&#8243;][vc_column_text] WINE SHOP [\/vc_column_text][\/vc_column][vc_column width=&#8221;1\/4&#8243;][vc_column_text] FAMILY [\/vc_column_text][\/vc_column][\/vc_row][vc_row el_id=&#8221;intro&#8221;][vc_column][vc_separator][vc_custom_heading text=&#8221;Tengerdi&#8221; font_container=&#8221;tag:h1|font_size:60%20px|text_align:center|color:%23c5ab6b|line_height:65%20px&#8221; google_fonts=&#8221;font_family:Great%20Vibes%3Aregular|font_style:400%20regular%3A400%3Anormal&#8221;][vc_custom_heading text=&#8221;Get to know us!&#8221; font_container=&#8221;tag:h2|font_size:50%20px|text_align:center|color:%23303030|line_height:55%20px&#8221; use_theme_fonts=&#8221;yes&#8221;][\/vc_column][\/vc_row][vc_row css=&#8221;.vc_custom_1677331406937{padding-top: 40px !important;}&#8221;][vc_column][vc_custom_heading text=&#8221;Dear Guests!&#8221; font_container=&#8221;tag:h3|font_size:40%20px|text_align:left|color:%23c5ab6b|line_height:65%20px&#8221; google_fonts=&#8221;font_family:Great%20Vibes%3Aregular|font_style:400%20regular%3A400%3Anormal&#8221;][vc_column_text] Welcome to the homepage of Tengerdi Ltd.! [\/vc_column_text][vc_column_text] You can find here tourist&hellip;<\/p>\n","protected":false},"author":3,"featured_media":0,"parent":0,"menu_order":0,"comment_status":"closed","ping_status":"closed","template":"","meta":{"footnotes":""},"class_list":["post-1513","page","type-page","status-publish","hentry","description-off"],"yoast_head":"<!-- This site is optimized with the Yoast SEO plugin v27.1.1 - https:\/\/yoast.com\/product\/yoast-seo-wordpress\/ -->\n<title>About<\/title>\n<meta name=\"robots\" content=\"index, follow, max-snippet:-1, max-image-preview:large, max-video-preview:-1\" \/>\n<link rel=\"canonical\" href=\"https:\/\/tengerdi.hu\/en\/rolunk\/\" \/>\n<meta property=\"og:locale\" content=\"en_US\" \/>\n<meta property=\"og:locale:alternate\" content=\"hu_HU\" \/>\n<meta property=\"og:locale:alternate\" content=\"Deutschland\" \/>\n<meta property=\"og:locale:alternate\" content=\"\u010ce\u0161tina\" \/>\n<meta property=\"og:locale:alternate\" content=\"Polski\" \/>\n<meta property=\"og:type\" content=\"article\" \/>\n<meta property=\"og:title\" content=\"About\" \/>\n<meta property=\"og:description\" content=\"[vc_row gap=&#8221;10&#8243; equal_height=&#8221;yes&#8221; content_placement=&#8221;middle&#8221; css=&#8221;.vc_custom_1677334401038{margin-top: -40px !important;}&#8221;][vc_column width=&#8221;1\/4&#8243;][vc_column_text] PRESS [\/vc_column_text][\/vc_column][vc_column width=&#8221;1\/4&#8243;][vc_column_text] FR\u00d6CCSTERASZ &amp; STRANDGRILL ERIKA FASTFOOD RESTAURANT [\/vc_column_text][\/vc_column][vc_column width=&#8221;1\/4&#8243;][vc_column_text] WINE SHOP [\/vc_column_text][\/vc_column][vc_column width=&#8221;1\/4&#8243;][vc_column_text] FAMILY [\/vc_column_text][\/vc_column][\/vc_row][vc_row el_id=&#8221;intro&#8221;][vc_column][vc_separator][vc_custom_heading text=&#8221;Tengerdi&#8221; font_container=&#8221;tag:h1|font_size:60%20px|text_align:center|color:%23c5ab6b|line_height:65%20px&#8221; google_fonts=&#8221;font_family:Great%20Vibes%3Aregular|font_style:400%20regular%3A400%3Anormal&#8221;][vc_custom_heading text=&#8221;Get to know us!&#8221; font_container=&#8221;tag:h2|font_size:50%20px|text_align:center|color:%23303030|line_height:55%20px&#8221; use_theme_fonts=&#8221;yes&#8221;][\/vc_column][\/vc_row][vc_row css=&#8221;.vc_custom_1677331406937{padding-top: 40px !important;}&#8221;][vc_column][vc_custom_heading text=&#8221;Dear Guests!&#8221; font_container=&#8221;tag:h3|font_size:40%20px|text_align:left|color:%23c5ab6b|line_height:65%20px&#8221; google_fonts=&#8221;font_family:Great%20Vibes%3Aregular|font_style:400%20regular%3A400%3Anormal&#8221;][vc_column_text] Welcome to the homepage of Tengerdi Ltd.! [\/vc_column_text][vc_column_text] You can find here tourist&hellip;\" \/>\n<meta property=\"og:url\" content=\"https:\/\/tengerdi.hu\/en\/rolunk\/\" \/>\n<meta property=\"og:site_name\" content=\"Viktor Bor- \u00e9s Vend\u00e9gh\u00e1z **** \/ Wein- und Gasthaus Viktor ****\" \/>\n<meta property=\"article:modified_time\" content=\"2025-03-17T20:03:17+00:00\" \/>\n<meta name=\"twitter:card\" content=\"summary_large_image\" \/>\n<meta name=\"twitter:label1\" content=\"Est. reading time\" \/>\n\t<meta name=\"twitter:data1\" content=\"2 minutes\" \/>\n<script type=\"application\/ld+json\" class=\"yoast-schema-graph\">{\"@context\":\"https:\/\/schema.org\",\"@graph\":[{\"@type\":\"WebPage\",\"@id\":\"https:\/\/tengerdi.hu\/pl\/rolunk\/\",\"url\":\"https:\/\/tengerdi.hu\/pl\/rolunk\/\",\"name\":\"About\",\"isPartOf\":{\"@id\":\"https:\/\/tengerdi.hu\/#website\"},\"datePublished\":\"2023-02-25T13:33:03+00:00\",\"dateModified\":\"2025-03-17T20:03:17+00:00\",\"breadcrumb\":{\"@id\":\"https:\/\/tengerdi.hu\/pl\/rolunk\/#breadcrumb\"},\"inLanguage\":\"en-US\",\"potentialAction\":[{\"@type\":\"ReadAction\",\"target\":[\"https:\/\/tengerdi.hu\/pl\/rolunk\/\"]}]},{\"@type\":\"BreadcrumbList\",\"@id\":\"https:\/\/tengerdi.hu\/pl\/rolunk\/#breadcrumb\",\"itemListElement\":[{\"@type\":\"ListItem\",\"position\":1,\"name\":\"Kezd\u0151lap\",\"item\":\"https:\/\/tengerdi.hu\/\"},{\"@type\":\"ListItem\",\"position\":2,\"name\":\"O nas\"}]},{\"@type\":\"WebSite\",\"@id\":\"https:\/\/tengerdi.hu\/#website\",\"url\":\"https:\/\/tengerdi.hu\/\",\"name\":\"Viktor Bor- \u00e9s Vend\u00e9gh\u00e1z **** \/ Wein- und Gasthaus Viktor ****\",\"description\":\"... A Balaton vend\u00e9geinek...\",\"potentialAction\":[{\"@type\":\"SearchAction\",\"target\":{\"@type\":\"EntryPoint\",\"urlTemplate\":\"https:\/\/tengerdi.hu\/?s={search_term_string}\"},\"query-input\":{\"@type\":\"PropertyValueSpecification\",\"valueRequired\":true,\"valueName\":\"search_term_string\"}}],\"inLanguage\":\"en-US\"}]}<\/script>\n<!-- \/ Yoast SEO plugin. -->","yoast_head_json":{"title":"About","robots":{"index":"index","follow":"follow","max-snippet":"max-snippet:-1","max-image-preview":"max-image-preview:large","max-video-preview":"max-video-preview:-1"},"canonical":"https:\/\/tengerdi.hu\/en\/rolunk\/","og_locale":"en_US","og_type":"article","og_title":"[:hu]R\u00f3lunk[:de]\u00dcber uns[:en]About[:cs]O n\u00e1s[:pl]O nas[:] - Viktor Bor- \u00e9s Vend\u00e9gh\u00e1z **** \/ Wein- und Gasthaus Viktor ****","og_description":"[vc_row gap=&#8221;10&#8243; equal_height=&#8221;yes&#8221; content_placement=&#8221;middle&#8221; css=&#8221;.vc_custom_1677334401038{margin-top: -40px !important;}&#8221;][vc_column width=&#8221;1\/4&#8243;][vc_column_text] PRESS [\/vc_column_text][\/vc_column][vc_column width=&#8221;1\/4&#8243;][vc_column_text] FR\u00d6CCSTERASZ &#038; STRANDGRILL ERIKA FASTFOOD RESTAURANT [\/vc_column_text][\/vc_column][vc_column width=&#8221;1\/4&#8243;][vc_column_text] WINE SHOP [\/vc_column_text][\/vc_column][vc_column width=&#8221;1\/4&#8243;][vc_column_text] FAMILY [\/vc_column_text][\/vc_column][\/vc_row][vc_row el_id=&#8221;intro&#8221;][vc_column][vc_separator][vc_custom_heading text=&#8221;Tengerdi&#8221; font_container=&#8221;tag:h1|font_size:60%20px|text_align:center|color:%23c5ab6b|line_height:65%20px&#8221; google_fonts=&#8221;font_family:Great%20Vibes%3Aregular|font_style:400%20regular%3A400%3Anormal&#8221;][vc_custom_heading text=&#8221;Get to know us!&#8221; font_container=&#8221;tag:h2|font_size:50%20px|text_align:center|color:%23303030|line_height:55%20px&#8221; use_theme_fonts=&#8221;yes&#8221;][\/vc_column][\/vc_row][vc_row css=&#8221;.vc_custom_1677331406937{padding-top: 40px !important;}&#8221;][vc_column][vc_custom_heading text=&#8221;Dear Guests!&#8221; font_container=&#8221;tag:h3|font_size:40%20px|text_align:left|color:%23c5ab6b|line_height:65%20px&#8221; google_fonts=&#8221;font_family:Great%20Vibes%3Aregular|font_style:400%20regular%3A400%3Anormal&#8221;][vc_column_text] Welcome to the homepage of Tengerdi Ltd.! [\/vc_column_text][vc_column_text] You can find here tourist&hellip;","og_url":"https:\/\/tengerdi.hu\/en\/rolunk\/","og_site_name":"Viktor Bor- \u00e9s Vend\u00e9gh\u00e1z **** \/ Wein- und Gasthaus Viktor ****","article_modified_time":"2025-03-17T20:03:17+00:00","twitter_card":"summary_large_image","twitter_misc":{"Est. reading time":"2 minutes"},"schema":{"@context":"https:\/\/schema.org","@graph":[{"@type":"WebPage","@id":"https:\/\/tengerdi.hu\/pl\/rolunk\/","url":"https:\/\/tengerdi.hu\/pl\/rolunk\/","name":"About","isPartOf":{"@id":"https:\/\/tengerdi.hu\/#website"},"datePublished":"2023-02-25T13:33:03+00:00","dateModified":"2025-03-17T20:03:17+00:00","breadcrumb":{"@id":"https:\/\/tengerdi.hu\/pl\/rolunk\/#breadcrumb"},"inLanguage":"en-US","potentialAction":[{"@type":"ReadAction","target":["https:\/\/tengerdi.hu\/pl\/rolunk\/"]}]},{"@type":"BreadcrumbList","@id":"https:\/\/tengerdi.hu\/pl\/rolunk\/#breadcrumb","itemListElement":[{"@type":"ListItem","position":1,"name":"Kezd\u0151lap","item":"https:\/\/tengerdi.hu\/"},{"@type":"ListItem","position":2,"name":"O nas"}]},{"@type":"WebSite","@id":"https:\/\/tengerdi.hu\/#website","url":"https:\/\/tengerdi.hu\/","name":"Viktor Bor- \u00e9s Vend\u00e9gh\u00e1z **** \/ Wein- und Gasthaus Viktor ****","description":"... A Balaton vend\u00e9geinek...","potentialAction":[{"@type":"SearchAction","target":{"@type":"EntryPoint","urlTemplate":"https:\/\/tengerdi.hu\/?s={search_term_string}"},"query-input":{"@type":"PropertyValueSpecification","valueRequired":true,"valueName":"search_term_string"}}],"inLanguage":"en-US"}]}},"_links":{"self":[{"href":"https:\/\/tengerdi.hu\/en\/wp-json\/wp\/v2\/pages\/1513","targetHints":{"allow":["GET"]}}],"collection":[{"href":"https:\/\/tengerdi.hu\/en\/wp-json\/wp\/v2\/pages"}],"about":[{"href":"https:\/\/tengerdi.hu\/en\/wp-json\/wp\/v2\/types\/page"}],"author":[{"embeddable":true,"href":"https:\/\/tengerdi.hu\/en\/wp-json\/wp\/v2\/users\/3"}],"replies":[{"embeddable":true,"href":"https:\/\/tengerdi.hu\/en\/wp-json\/wp\/v2\/comments?post=1513"}],"version-history":[{"count":46,"href":"https:\/\/tengerdi.hu\/en\/wp-json\/wp\/v2\/pages\/1513\/revisions"}],"predecessor-version":[{"id":2594,"href":"https:\/\/tengerdi.hu\/en\/wp-json\/wp\/v2\/pages\/1513\/revisions\/2594"}],"wp:attachment":[{"href":"https:\/\/tengerdi.hu\/en\/wp-json\/wp\/v2\/media?parent=1513"}],"curies":[{"name":"wp","href":"https:\/\/api.w.org\/{rel}","templated":true}]}}