{"id":1439,"date":"2023-02-24T12:11:00","date_gmt":"2023-02-24T12:11:00","guid":{"rendered":"http:\/\/tengerdi.hu\/?page_id=1439"},"modified":"2026-03-11T08:10:14","modified_gmt":"2026-03-11T08:10:14","slug":"foglalas-csomagok","status":"publish","type":"page","link":"https:\/\/tengerdi.hu\/en\/foglalas-csomagok\/","title":{"rendered":"Booking"},"content":{"rendered":"<div class=\"wpb-content-wrapper\"><p>[vc_row el_id=&#8221;intro&#8221;][vc_column][vc_custom_heading text=&#8221;Online&#8221; font_container=&#8221;tag:h1|font_size:60%20px|text_align:center|color:%23c5ab6b|line_height:65%20px&#8221; google_fonts=&#8221;font_family:Great%20Vibes%3Aregular|font_style:400%20regular%3A400%3Anormal&#8221;][vc_custom_heading text=&#8221;Booking&#8221; font_container=&#8221;tag:h2|font_size:50%20px|text_align:center|color:%23303030|line_height:55%20px&#8221; use_theme_fonts=&#8221;yes&#8221;]<div class=\"hr-thin style-double\" style=\"width: 10%;border-top-width: 3px;\"><\/div>[\/vc_column][\/vc_row][vc_row][vc_column][vc_column_text]<!-- Hotelgram IBE start --><br \/>\n<script type=\"text\/javascript\" src=\"https:\/\/booking.hotelgram.com\/iframe\/\"><\/script><br \/>\n<iframe loading=\"lazy\" id=\"hotelgram-booking-iframe\" src=\"https:\/\/booking.hotelgram.com\/?hotId=749952&#038;hideTabs=reservation&#038;lang=en&#038;redirectUrl=https:\/\/tengerdi.hu\/en\/thankyou&#038;redirectType=parent\" name=\"hotelgram-booking-iframe\" width=\"100%\" height=\"2000\" frameborder=\"0\" scrolling=\"no\"><\/iframe><br \/>\n<!-- Hotelgram IBE end -->[\/vc_column_text][\/vc_column][\/vc_row]<\/p>\n<\/div>","protected":false},"excerpt":{"rendered":"<p>[vc_row el_id=&#8221;intro&#8221;][vc_column][vc_custom_heading text=&#8221;Online&#8221; font_container=&#8221;tag:h1|font_size:60%20px|text_align:center|color:%23c5ab6b|line_height:65%20px&#8221; google_fonts=&#8221;font_family:Great%20Vibes%3Aregular|font_style:400%20regular%3A400%3Anormal&#8221;][vc_custom_heading text=&#8221;Booking&#8221; font_container=&#8221;tag:h2|font_size:50%20px|text_align:center|color:%23303030|line_height:55%20px&#8221; use_theme_fonts=&#8221;yes&#8221;][\/vc_column][\/vc_row][vc_row][vc_column][vc_column_text] [\/vc_column_text][\/vc_column][\/vc_row]<\/p>\n","protected":false},"author":3,"featured_media":0,"parent":0,"menu_order":0,"comment_status":"closed","ping_status":"closed","template":"","meta":{"footnotes":""},"class_list":["post-1439","page","type-page","status-publish","hentry","description-off"],"yoast_head":"<!-- This site is optimized with the Yoast SEO plugin v27.1.1 - https:\/\/yoast.com\/product\/yoast-seo-wordpress\/ -->\n<title>Booking<\/title>\n<meta name=\"robots\" content=\"index, follow, max-snippet:-1, max-image-preview:large, max-video-preview:-1\" \/>\n<link rel=\"canonical\" href=\"https:\/\/tengerdi.hu\/en\/foglalas-csomagok\/\" \/>\n<meta property=\"og:locale\" content=\"en_US\" \/>\n<meta property=\"og:locale:alternate\" content=\"hu_HU\" \/>\n<meta property=\"og:locale:alternate\" content=\"Deutschland\" \/>\n<meta property=\"og:locale:alternate\" content=\"\u010ce\u0161tina\" \/>\n<meta property=\"og:locale:alternate\" content=\"Polski\" \/>\n<meta property=\"og:type\" content=\"article\" \/>\n<meta property=\"og:title\" content=\"Booking\" \/>\n<meta property=\"og:description\" content=\"[vc_row el_id=&#8221;intro&#8221;][vc_column][vc_custom_heading text=&#8221;Online&#8221; font_container=&#8221;tag:h1|font_size:60%20px|text_align:center|color:%23c5ab6b|line_height:65%20px&#8221; google_fonts=&#8221;font_family:Great%20Vibes%3Aregular|font_style:400%20regular%3A400%3Anormal&#8221;][vc_custom_heading text=&#8221;Booking&#8221; font_container=&#8221;tag:h2|font_size:50%20px|text_align:center|color:%23303030|line_height:55%20px&#8221; use_theme_fonts=&#8221;yes&#8221;][\/vc_column][\/vc_row][vc_row][vc_column][vc_column_text] [\/vc_column_text][\/vc_column][\/vc_row]\" \/>\n<meta property=\"og:url\" content=\"https:\/\/tengerdi.hu\/en\/foglalas-csomagok\/\" \/>\n<meta property=\"og:site_name\" content=\"Viktor Bor- \u00e9s Vend\u00e9gh\u00e1z **** \/ Wein- und Gasthaus Viktor ****\" \/>\n<meta property=\"article:modified_time\" content=\"2026-03-11T08:10:14+00:00\" \/>\n<meta name=\"twitter:card\" content=\"summary_large_image\" \/>\n<meta name=\"twitter:label1\" content=\"Est. reading time\" \/>\n\t<meta name=\"twitter:data1\" content=\"2 minutes\" \/>\n<script type=\"application\/ld+json\" class=\"yoast-schema-graph\">{\"@context\":\"https:\/\/schema.org\",\"@graph\":[{\"@type\":\"WebPage\",\"@id\":\"https:\/\/tengerdi.hu\/de\/foglalas-csomagok\/\",\"url\":\"https:\/\/tengerdi.hu\/de\/foglalas-csomagok\/\",\"name\":\"Booking\",\"isPartOf\":{\"@id\":\"https:\/\/tengerdi.hu\/#website\"},\"datePublished\":\"2023-02-24T12:11:00+00:00\",\"dateModified\":\"2026-03-11T08:10:14+00:00\",\"breadcrumb\":{\"@id\":\"https:\/\/tengerdi.hu\/de\/foglalas-csomagok\/#breadcrumb\"},\"inLanguage\":\"en-US\",\"potentialAction\":[{\"@type\":\"ReadAction\",\"target\":[\"https:\/\/tengerdi.hu\/de\/foglalas-csomagok\/\"]}]},{\"@type\":\"BreadcrumbList\",\"@id\":\"https:\/\/tengerdi.hu\/de\/foglalas-csomagok\/#breadcrumb\",\"itemListElement\":[{\"@type\":\"ListItem\",\"position\":1,\"name\":\"Kezd\u0151lap\",\"item\":\"https:\/\/tengerdi.hu\/\"},{\"@type\":\"ListItem\",\"position\":2,\"name\":\"Reservierung\"}]},{\"@type\":\"WebSite\",\"@id\":\"https:\/\/tengerdi.hu\/#website\",\"url\":\"https:\/\/tengerdi.hu\/\",\"name\":\"Viktor Bor- \u00e9s Vend\u00e9gh\u00e1z **** \/ Wein- und Gasthaus Viktor ****\",\"description\":\"... A Balaton vend\u00e9geinek...\",\"potentialAction\":[{\"@type\":\"SearchAction\",\"target\":{\"@type\":\"EntryPoint\",\"urlTemplate\":\"https:\/\/tengerdi.hu\/?s={search_term_string}\"},\"query-input\":{\"@type\":\"PropertyValueSpecification\",\"valueRequired\":true,\"valueName\":\"search_term_string\"}}],\"inLanguage\":\"en-US\"}]}<\/script>\n<!-- \/ Yoast SEO plugin. -->","yoast_head_json":{"title":"Booking","robots":{"index":"index","follow":"follow","max-snippet":"max-snippet:-1","max-image-preview":"max-image-preview:large","max-video-preview":"max-video-preview:-1"},"canonical":"https:\/\/tengerdi.hu\/en\/foglalas-csomagok\/","og_locale":"en_US","og_type":"article","og_title":"[:hu]Kedvezm\u00e9nyes csomagok foglal\u00e1sa[:de]Reservierung[:en]Booking[:] - Viktor Bor- \u00e9s Vend\u00e9gh\u00e1z **** \/ Wein- und Gasthaus Viktor ****","og_description":"[vc_row el_id=&#8221;intro&#8221;][vc_column][vc_custom_heading text=&#8221;Online&#8221; font_container=&#8221;tag:h1|font_size:60%20px|text_align:center|color:%23c5ab6b|line_height:65%20px&#8221; google_fonts=&#8221;font_family:Great%20Vibes%3Aregular|font_style:400%20regular%3A400%3Anormal&#8221;][vc_custom_heading text=&#8221;Booking&#8221; font_container=&#8221;tag:h2|font_size:50%20px|text_align:center|color:%23303030|line_height:55%20px&#8221; use_theme_fonts=&#8221;yes&#8221;][\/vc_column][\/vc_row][vc_row][vc_column][vc_column_text] [\/vc_column_text][\/vc_column][\/vc_row]","og_url":"https:\/\/tengerdi.hu\/en\/foglalas-csomagok\/","og_site_name":"Viktor Bor- \u00e9s Vend\u00e9gh\u00e1z **** \/ Wein- und Gasthaus Viktor ****","article_modified_time":"2026-03-11T08:10:14+00:00","twitter_card":"summary_large_image","twitter_misc":{"Est. reading time":"2 minutes"},"schema":{"@context":"https:\/\/schema.org","@graph":[{"@type":"WebPage","@id":"https:\/\/tengerdi.hu\/de\/foglalas-csomagok\/","url":"https:\/\/tengerdi.hu\/de\/foglalas-csomagok\/","name":"Booking","isPartOf":{"@id":"https:\/\/tengerdi.hu\/#website"},"datePublished":"2023-02-24T12:11:00+00:00","dateModified":"2026-03-11T08:10:14+00:00","breadcrumb":{"@id":"https:\/\/tengerdi.hu\/de\/foglalas-csomagok\/#breadcrumb"},"inLanguage":"en-US","potentialAction":[{"@type":"ReadAction","target":["https:\/\/tengerdi.hu\/de\/foglalas-csomagok\/"]}]},{"@type":"BreadcrumbList","@id":"https:\/\/tengerdi.hu\/de\/foglalas-csomagok\/#breadcrumb","itemListElement":[{"@type":"ListItem","position":1,"name":"Kezd\u0151lap","item":"https:\/\/tengerdi.hu\/"},{"@type":"ListItem","position":2,"name":"Reservierung"}]},{"@type":"WebSite","@id":"https:\/\/tengerdi.hu\/#website","url":"https:\/\/tengerdi.hu\/","name":"Viktor Bor- \u00e9s Vend\u00e9gh\u00e1z **** \/ Wein- und Gasthaus Viktor ****","description":"... A Balaton vend\u00e9geinek...","potentialAction":[{"@type":"SearchAction","target":{"@type":"EntryPoint","urlTemplate":"https:\/\/tengerdi.hu\/?s={search_term_string}"},"query-input":{"@type":"PropertyValueSpecification","valueRequired":true,"valueName":"search_term_string"}}],"inLanguage":"en-US"}]}},"_links":{"self":[{"href":"https:\/\/tengerdi.hu\/en\/wp-json\/wp\/v2\/pages\/1439","targetHints":{"allow":["GET"]}}],"collection":[{"href":"https:\/\/tengerdi.hu\/en\/wp-json\/wp\/v2\/pages"}],"about":[{"href":"https:\/\/tengerdi.hu\/en\/wp-json\/wp\/v2\/types\/page"}],"author":[{"embeddable":true,"href":"https:\/\/tengerdi.hu\/en\/wp-json\/wp\/v2\/users\/3"}],"replies":[{"embeddable":true,"href":"https:\/\/tengerdi.hu\/en\/wp-json\/wp\/v2\/comments?post=1439"}],"version-history":[{"count":25,"href":"https:\/\/tengerdi.hu\/en\/wp-json\/wp\/v2\/pages\/1439\/revisions"}],"predecessor-version":[{"id":3403,"href":"https:\/\/tengerdi.hu\/en\/wp-json\/wp\/v2\/pages\/1439\/revisions\/3403"}],"wp:attachment":[{"href":"https:\/\/tengerdi.hu\/en\/wp-json\/wp\/v2\/media?parent=1439"}],"curies":[{"name":"wp","href":"https:\/\/api.w.org\/{rel}","templated":true}]}}