{"id":1366,"date":"2023-02-23T19:12:43","date_gmt":"2023-02-23T19:12:43","guid":{"rendered":"http:\/\/tengerdi.hu\/?page_id=1366"},"modified":"2025-03-16T17:33:18","modified_gmt":"2025-03-16T17:33:18","slug":"kezdolap-uj","status":"publish","type":"page","link":"https:\/\/tengerdi.hu\/en\/","title":{"rendered":"Wellcome"},"content":{"rendered":"<div class=\"wpb-content-wrapper\"><p>[vc_row content_placement=&#8221;top&#8221;][vc_column width=&#8221;1\/2&#8243; el_class=&#8221;dpano&#8221; offset=&#8221;vc_hidden-sm vc_hidden-xs&#8221; css=&#8221;.vc_custom_1677180966389{margin-top: -300px !important;}&#8221;]<div class=\"dt-fancy-separator\" style=\"width: 100%;\"><div class=\"dt-fancy-title\" style=\"color: #ffffff;\"><span class=\"separator-holder separator-left\"><\/span>3D Pano - Viktor Wine &amp; Guesthouse<span class=\"separator-holder separator-right\"><\/span><\/div><\/div>[vc_single_image image=&#8221;113&#8243; img_size=&#8221;full&#8221; alignment=&#8221;center&#8221; style=&#8221;vc_box_border&#8221; border_color=&#8221;white&#8221; onclick=&#8221;custom_link&#8221; img_link_target=&#8221;_blank&#8221; css=&#8221;.vc_custom_1687887971586{padding-top: 30px !important;}&#8221; image_hovers=&#8221;false&#8221; link=&#8221;https:\/\/www.3dpano.hu\/Viktor_vendeghaz\/&#8221;][\/vc_column][vc_column width=&#8221;1\/2&#8243; el_class=&#8221;dpano&#8221; offset=&#8221;vc_hidden-sm vc_hidden-xs&#8221; css=&#8221;.vc_custom_1677180975490{margin-top: -300px !important;}&#8221;]<div class=\"dt-fancy-separator\" style=\"width: 100%;\"><div class=\"dt-fancy-title\" style=\"color: #ffffff;\"><span class=\"separator-holder separator-left\"><\/span>3D pano - Fr\u00f6ccsterasz and Strandgrill Erika<span class=\"separator-holder separator-right\"><\/span><\/div><\/div>[vc_single_image image=&#8221;114&#8243; img_size=&#8221;full&#8221; alignment=&#8221;center&#8221; style=&#8221;vc_box_border&#8221; border_color=&#8221;white&#8221; onclick=&#8221;custom_link&#8221; img_link_target=&#8221;_blank&#8221; css=&#8221;.vc_custom_1687887980528{padding-top: 30px !important;}&#8221; image_hovers=&#8221;false&#8221; link=&#8221;https:\/\/www.3dpano.hu\/Viktor_Strand_bufe\/&#8221;][\/vc_column][\/vc_row][vc_row content_placement=&#8221;top&#8221;][vc_column width=&#8221;1\/2&#8243; offset=&#8221;vc_hidden-lg vc_hidden-md&#8221;]<div class=\"dt-fancy-separator\" style=\"width: 100%;\"><div class=\"dt-fancy-title\"><span class=\"separator-holder separator-left\"><\/span>3D Pano - Viktor Viktor Wine and Guesthouse<span class=\"separator-holder separator-right\"><\/span><\/div><\/div>[vc_single_image image=&#8221;113&#8243; img_size=&#8221;full&#8221; alignment=&#8221;center&#8221; style=&#8221;vc_box_border&#8221; border_color=&#8221;white&#8221; onclick=&#8221;custom_link&#8221; img_link_target=&#8221;_blank&#8221; css=&#8221;.vc_custom_1677179650926{padding-top: 30px !important;}&#8221; image_hovers=&#8221;false&#8221; link=&#8221;http:\/\/www.3dpano.hu\/Viktor_vendeghaz\/&#8221;][\/vc_column][vc_column width=&#8221;1\/2&#8243; offset=&#8221;vc_hidden-lg vc_hidden-md&#8221;]<div class=\"dt-fancy-separator\" style=\"width: 100%;\"><div class=\"dt-fancy-title\"><span class=\"separator-holder separator-left\"><\/span>3D pano - Fr\u00f6ccsterasz and Strandgrill Erika<span class=\"separator-holder separator-right\"><\/span><\/div><\/div>[vc_single_image image=&#8221;114&#8243; img_size=&#8221;full&#8221; alignment=&#8221;center&#8221; style=&#8221;vc_box_border&#8221; border_color=&#8221;white&#8221; onclick=&#8221;custom_link&#8221; img_link_target=&#8221;_blank&#8221; css=&#8221;.vc_custom_1677179656621{padding-top: 30px !important;}&#8221; image_hovers=&#8221;false&#8221; link=&#8221;http:\/\/www.3dpano.hu\/Viktor_Strand_bufe\/&#8221;][\/vc_column][\/vc_row][vc_row equal_height=&#8221;yes&#8221;][vc_column width=&#8221;1\/2&#8243; offset=&#8221;vc_hidden-sm vc_hidden-xs&#8221;][vc_single_image image=&#8221;141&#8243; img_size=&#8221;full&#8221; image_hovers=&#8221;false&#8221;][\/vc_column][vc_column width=&#8221;1\/2&#8243;][vc_custom_heading text=&#8221;Dear Guests!&#8221; font_container=&#8221;tag:h2|font_size:40px|text_align:left|color:%23c5ab6b|line_height:45px&#8221; google_fonts=&#8221;font_family:Great%20Vibes%3Aregular|font_style:400%20regular%3A400%3Anormal&#8221;][vc_column_text css=&#8221;&#8221;]<\/p>\n<h4 style=\"font-weight: 400;\">Welcome to Tengerdi Ltd. page!<\/h4>\n<div>\n<p style=\"font-weight: 400;\">We offer you and your family a quality boarding house, one of the most beautiful commercial accommodations in Balatonm\u00e1riaf\u00fcrd\u0151, Viktor Bor- \u00e9s Vend\u00e9gh\u00e1z. The house and its equipment were renewed in 2023 and 2025. In Viktor, in addition to the standard and premium rooms, you can enjoy the services of the library, wellness, fitness, playground, and the wines of our own winery. The premium rooms, established in 2023, without exception, have a floor area of \u200b\u200bmore than 30 m2, with a large-screen TV, unique design, colors and furniture, and soundproof walls. You can not only enjoy our wines locally, but you can also buy them in our wine shop in discounted packages and prices.<\/p>\n<\/div>\n<p>[\/vc_column_text][\/vc_column][\/vc_row][vc_row][vc_column offset=&#8221;vc_hidden-lg vc_hidden-md&#8221;][vc_single_image image=&#8221;141&#8243; img_size=&#8221;full&#8221; image_hovers=&#8221;false&#8221;][\/vc_column][\/vc_row][vc_row][vc_column][vc_column_text css=&#8221;&#8221;]<\/p>\n<p style=\"font-weight: 400;\">On the five-star beach of Balatonm\u00e1riaf\u00fcrd\u0151, awarded with the Blue Wave flag, located 100 m away, you can find our Fr\u00f6ccterasz and Strandgrill Erika beach fast food, where we welcome beachgoers with modern beach food and traditional beach dishes. Our splash card includes all known and many special types of splash &#8211; in addition, you can wash down the beach meals with locally made lemonade and many types of draft beer.<\/p>\n<p style=\"font-weight: 400;\">Above our beach restaurant, we await our guests who want to relax directly on the water&#8217;s edge with five apartments. Our apartments were renewed in 2025. In the Aranyh\u00edd and Ez\u00fcsth\u00edd apartments, we can accommodate a family comfortably. The Magyar Tenger can accommodate up to nine guests with its five rooms, the Bogl\u00e1rka and Levente apartments have a capacity of 8 people each.<\/p>\n<p style=\"font-weight: 400;\">All our accommodations are air-conditioned, and our guests can park in a guarded parking lot during the high season, and we provide them with free entry to the central, paying beach.<\/p>\n<p style=\"font-weight: 400;\">\n<p style=\"font-weight: 400;\">The management&#8217;s more than three decades of professional experience and the high number of returning guests are a professional guarantee that every guest leaves with pleasant memories.<\/p>\n<p style=\"font-weight: 400;\"><em>We look forward to a pleasant vacation in Balaton, be our guest!<\/em><\/p>\n<p>[\/vc_column_text][\/vc_column][\/vc_row][vc_row full_width=&#8221;stretch_row&#8221; equal_height=&#8221;yes&#8221; content_placement=&#8221;top&#8221; css=&#8221;.vc_custom_1677192226660{padding-top: 30px !important;padding-bottom: 30px !important;background-color: #eaeaea !important;}&#8221;][vc_column width=&#8221;1\/3&#8243; css=&#8221;.vc_custom_1677192084601{background-color: #ffffff !important;}&#8221;]<div class=\"aio-icon-component    style_2\"><div id=\"Info-box-wrap-9658\" class=\"aio-icon-box top-icon\" style=\"\"  ><div class=\"aio-icon-top\"><div class=\"ult-just-icon-wrapper  \"><div class=\"align-icon\" style=\"text-align:center;\">\n<div class=\"aio-icon none \"  style=\"color:#333;font-size:32px;display:inline-block;\">\n\t<i class=\"icomoon-free-social-contact-16x16-envelop\"><\/i>\n<\/div><\/div><\/div><\/div><div class=\"aio-icon-header\" ><h3 class=\"aio-icon-title ult-responsive\"  data-ultimate-target='#Info-box-wrap-9658 .aio-icon-title'  data-responsive-json-new='{\"font-size\":\"\",\"line-height\":\"\"}'  style=\"\">BOOKING BY EMAIL<\/h3><\/div> <!-- header --><div class=\"aio-icon-description ult-responsive\"  data-ultimate-target='#Info-box-wrap-9658 .aio-icon-description'  data-responsive-json-new='{\"font-size\":\"\",\"line-height\":\"\"}'  style=\"\"><a href=\"mailto:hotel@tengerdi.hu\">hotel@tengerdi.hu<\/a><\/div> <!-- description --><\/div> <!-- aio-icon-box --><\/div> <!-- aio-icon-component -->[\/vc_column][vc_column width=&#8221;1\/3&#8243; css=&#8221;.vc_custom_1677192097889{background-color: #ffffff !important;}&#8221;]<div class=\"aio-icon-component    style_2\"><div id=\"Info-box-wrap-9738\" class=\"aio-icon-box top-icon\" style=\"\"  ><div class=\"aio-icon-top\"><div class=\"ult-just-icon-wrapper  \"><div class=\"align-icon\" style=\"text-align:center;\">\n<div class=\"aio-icon none \"  style=\"color:#333;font-size:32px;display:inline-block;\">\n\t<i class=\"Defaults-phone\"><\/i>\n<\/div><\/div><\/div><\/div><div class=\"aio-icon-header\" ><h3 class=\"aio-icon-title ult-responsive\"  data-ultimate-target='#Info-box-wrap-9738 .aio-icon-title'  data-responsive-json-new='{\"font-size\":\"\",\"line-height\":\"\"}'  style=\"\">BOOKING BY PHONE<\/h3><\/div> <!-- header --><div class=\"aio-icon-description ult-responsive\"  data-ultimate-target='#Info-box-wrap-9738 .aio-icon-description'  data-responsive-json-new='{\"font-size\":\"\",\"line-height\":\"\"}'  style=\"\">+ 36 30 377-9389<\/p>\n<p>+ 36 30 2700-680<\/div> <!-- description --><\/div> <!-- aio-icon-box --><\/div> <!-- aio-icon-component -->[\/vc_column][vc_column width=&#8221;1\/3&#8243; css=&#8221;.vc_custom_1677192107991{background-color: #ffffff !important;}&#8221;]<div class=\"aio-icon-component    style_2\"><div id=\"Info-box-wrap-7924\" class=\"aio-icon-box top-icon\" style=\"\"  ><div class=\"aio-icon-top\"><div class=\"ult-just-icon-wrapper  \"><div class=\"align-icon\" style=\"text-align:center;\">\n<div class=\"aio-icon none \"  style=\"color:#333;font-size:32px;display:inline-block;\">\n\t<i class=\"fas fa-mouse-pointer\"><\/i>\n<\/div><\/div><\/div><\/div><div class=\"aio-icon-header\" ><h3 class=\"aio-icon-title ult-responsive\"  data-ultimate-target='#Info-box-wrap-7924 .aio-icon-title'  data-responsive-json-new='{\"font-size\":\"\",\"line-height\":\"\"}'  style=\"\">ONLINE BOOKING<\/h3><\/div> <!-- header --><div class=\"aio-icon-description ult-responsive\"  data-ultimate-target='#Info-box-wrap-7924 .aio-icon-description'  data-responsive-json-new='{\"font-size\":\"\",\"line-height\":\"\"}'  style=\"\"><a href=\"https:\/\/tengerdi.hu\/en\/foglalas\/\">Our Online Booking site<\/a><\/div> <!-- description --><\/div> <!-- aio-icon-box --><\/div> <!-- aio-icon-component -->[\/vc_column][\/vc_row][vc_row equal_height=&#8221;yes&#8221; disable_element=&#8221;yes&#8221;][vc_column width=&#8221;1\/4&#8243;]<div class=\"dt-fancy-separator h4-size\" style=\"width: 100%;\"><div class=\"dt-fancy-title\" style=\"color: #878787;\"><span class=\"separator-holder separator-left\"><\/span>Our Promo movie<span class=\"separator-holder separator-right\"><\/span><\/div><\/div>[vc_single_image image=&#8221;105&#8243; img_size=&#8221;full&#8221; alignment=&#8221;center&#8221; onclick=&#8221;custom_link&#8221; img_link_target=&#8221;_blank&#8221; css=&#8221;.vc_custom_1528494622673{padding-top: 60px !important;}&#8221; image_hovers=&#8221;false&#8221; link=&#8221;https:\/\/youtu.be\/Nxili_ymRwo&#8221;][\/vc_column][vc_column width=&#8221;1\/4&#8243;]<div class=\"dt-fancy-separator h4-size\" style=\"width: 100%;\"><div class=\"dt-fancy-title\" style=\"color: #878787;\"><span class=\"separator-holder separator-left\"><\/span>Our Promo movie<span class=\"separator-holder separator-right\"><\/span><\/div><\/div>[vc_single_image image=&#8221;504&#8243; img_size=&#8221;full&#8221; alignment=&#8221;center&#8221; onclick=&#8221;custom_link&#8221; img_link_target=&#8221;_blank&#8221; css=&#8221;.vc_custom_1528533643408{padding-top: 60px !important;}&#8221; image_hovers=&#8221;false&#8221; link=&#8221;https:\/\/www.facebook.com\/viktorhotel\/videos\/1389675657750151\/&#8221;][\/vc_column][vc_column width=&#8221;1\/4&#8243;]<div class=\"dt-fancy-separator h4-size\" style=\"width: 100%;\"><div class=\"dt-fancy-title\" style=\"color: #878787;\"><span class=\"separator-holder separator-left\"><\/span>3D Pano - Viktor Viktor Wine and Guesthouse<span class=\"separator-holder separator-right\"><\/span><\/div><\/div>[vc_single_image image=&#8221;113&#8243; img_size=&#8221;full&#8221; alignment=&#8221;center&#8221; onclick=&#8221;custom_link&#8221; img_link_target=&#8221;_blank&#8221; css=&#8221;.vc_custom_1526852793812{padding-top: 30px !important;}&#8221; image_hovers=&#8221;false&#8221; link=&#8221;http:\/\/www.3dpano.hu\/Viktor_vendeghaz\/&#8221;][\/vc_column][vc_column width=&#8221;1\/4&#8243;]<div class=\"dt-fancy-separator h4-size\" style=\"width: 100%;\"><div class=\"dt-fancy-title\" style=\"color: #878787;\"><span class=\"separator-holder separator-left\"><\/span>3D pano - Fr\u00f6ccsterasz and Strandgrill Erika<span class=\"separator-holder separator-right\"><\/span><\/div><\/div>[vc_single_image image=&#8221;114&#8243; img_size=&#8221;full&#8221; alignment=&#8221;center&#8221; onclick=&#8221;custom_link&#8221; img_link_target=&#8221;_blank&#8221; css=&#8221;.vc_custom_1526852969430{padding-top: 30px !important;}&#8221; image_hovers=&#8221;false&#8221; link=&#8221;http:\/\/www.3dpano.hu\/Viktor_Strand_bufe\/&#8221;][\/vc_column][\/vc_row]<\/p>\n<\/div>","protected":false},"excerpt":{"rendered":"<p>[vc_row content_placement=&#8221;top&#8221;][vc_column width=&#8221;1\/2&#8243; el_class=&#8221;dpano&#8221; offset=&#8221;vc_hidden-sm vc_hidden-xs&#8221; css=&#8221;.vc_custom_1677180966389{margin-top: -300px !important;}&#8221;][vc_single_image image=&#8221;113&#8243; img_size=&#8221;full&#8221; alignment=&#8221;center&#8221; style=&#8221;vc_box_border&#8221; border_color=&#8221;white&#8221; onclick=&#8221;custom_link&#8221; img_link_target=&#8221;_blank&#8221; css=&#8221;.vc_custom_1687887971586{padding-top: 30px !important;}&#8221; image_hovers=&#8221;false&#8221; link=&#8221;https:\/\/www.3dpano.hu\/Viktor_vendeghaz\/&#8221;][\/vc_column][vc_column width=&#8221;1\/2&#8243; el_class=&#8221;dpano&#8221; offset=&#8221;vc_hidden-sm vc_hidden-xs&#8221; css=&#8221;.vc_custom_1677180975490{margin-top: -300px !important;}&#8221;][vc_single_image image=&#8221;114&#8243; img_size=&#8221;full&#8221; alignment=&#8221;center&#8221; style=&#8221;vc_box_border&#8221; border_color=&#8221;white&#8221; onclick=&#8221;custom_link&#8221; img_link_target=&#8221;_blank&#8221; css=&#8221;.vc_custom_1687887980528{padding-top: 30px !important;}&#8221; image_hovers=&#8221;false&#8221; link=&#8221;https:\/\/www.3dpano.hu\/Viktor_Strand_bufe\/&#8221;][\/vc_column][\/vc_row][vc_row content_placement=&#8221;top&#8221;][vc_column width=&#8221;1\/2&#8243; offset=&#8221;vc_hidden-lg vc_hidden-md&#8221;][vc_single_image image=&#8221;113&#8243; img_size=&#8221;full&#8221; alignment=&#8221;center&#8221; style=&#8221;vc_box_border&#8221; border_color=&#8221;white&#8221; onclick=&#8221;custom_link&#8221; img_link_target=&#8221;_blank&#8221; css=&#8221;.vc_custom_1677179650926{padding-top: 30px !important;}&#8221; image_hovers=&#8221;false&#8221;&hellip;<\/p>\n","protected":false},"author":3,"featured_media":0,"parent":0,"menu_order":0,"comment_status":"closed","ping_status":"closed","template":"","meta":{"footnotes":""},"class_list":["post-1366","page","type-page","status-publish","hentry","description-off"],"yoast_head":"<!-- This site is optimized with the Yoast SEO plugin v27.1.1 - https:\/\/yoast.com\/product\/yoast-seo-wordpress\/ -->\n<title>Wellcome<\/title>\n<meta name=\"robots\" content=\"index, follow, max-snippet:-1, max-image-preview:large, max-video-preview:-1\" \/>\n<link rel=\"canonical\" href=\"https:\/\/tengerdi.hu\/en\/\" \/>\n<meta property=\"og:locale\" content=\"en_US\" \/>\n<meta property=\"og:locale:alternate\" content=\"hu_HU\" \/>\n<meta property=\"og:locale:alternate\" content=\"Deutschland\" \/>\n<meta property=\"og:locale:alternate\" content=\"\u010ce\u0161tina\" \/>\n<meta property=\"og:locale:alternate\" content=\"Polski\" \/>\n<meta property=\"og:type\" content=\"article\" \/>\n<meta property=\"og:title\" content=\"Wellcome\" \/>\n<meta property=\"og:description\" content=\"[vc_row content_placement=&#8221;top&#8221;][vc_column width=&#8221;1\/2&#8243; el_class=&#8221;dpano&#8221; offset=&#8221;vc_hidden-sm vc_hidden-xs&#8221; css=&#8221;.vc_custom_1677180966389{margin-top: -300px !important;}&#8221;][vc_single_image image=&#8221;113&#8243; img_size=&#8221;full&#8221; alignment=&#8221;center&#8221; style=&#8221;vc_box_border&#8221; border_color=&#8221;white&#8221; onclick=&#8221;custom_link&#8221; img_link_target=&#8221;_blank&#8221; css=&#8221;.vc_custom_1687887971586{padding-top: 30px !important;}&#8221; image_hovers=&#8221;false&#8221; link=&#8221;https:\/\/www.3dpano.hu\/Viktor_vendeghaz\/&#8221;][\/vc_column][vc_column width=&#8221;1\/2&#8243; el_class=&#8221;dpano&#8221; offset=&#8221;vc_hidden-sm vc_hidden-xs&#8221; css=&#8221;.vc_custom_1677180975490{margin-top: -300px !important;}&#8221;][vc_single_image image=&#8221;114&#8243; img_size=&#8221;full&#8221; alignment=&#8221;center&#8221; style=&#8221;vc_box_border&#8221; border_color=&#8221;white&#8221; onclick=&#8221;custom_link&#8221; img_link_target=&#8221;_blank&#8221; css=&#8221;.vc_custom_1687887980528{padding-top: 30px !important;}&#8221; image_hovers=&#8221;false&#8221; link=&#8221;https:\/\/www.3dpano.hu\/Viktor_Strand_bufe\/&#8221;][\/vc_column][\/vc_row][vc_row content_placement=&#8221;top&#8221;][vc_column width=&#8221;1\/2&#8243; offset=&#8221;vc_hidden-lg vc_hidden-md&#8221;][vc_single_image image=&#8221;113&#8243; img_size=&#8221;full&#8221; alignment=&#8221;center&#8221; style=&#8221;vc_box_border&#8221; border_color=&#8221;white&#8221; onclick=&#8221;custom_link&#8221; img_link_target=&#8221;_blank&#8221; css=&#8221;.vc_custom_1677179650926{padding-top: 30px !important;}&#8221; image_hovers=&#8221;false&#8221;&hellip;\" \/>\n<meta property=\"og:url\" content=\"https:\/\/tengerdi.hu\/en\/\" \/>\n<meta property=\"og:site_name\" content=\"Viktor Bor- \u00e9s Vend\u00e9gh\u00e1z **** \/ Wein- und Gasthaus Viktor ****\" \/>\n<meta property=\"article:modified_time\" content=\"2025-03-16T17:33:18+00:00\" \/>\n<meta name=\"twitter:card\" content=\"summary_large_image\" \/>\n<meta name=\"twitter:label1\" content=\"Est. reading time\" \/>\n\t<meta name=\"twitter:data1\" content=\"3 minutes\" \/>\n<script type=\"application\/ld+json\" class=\"yoast-schema-graph\">{\"@context\":\"https:\/\/schema.org\",\"@graph\":[{\"@type\":\"WebPage\",\"@id\":\"https:\/\/tengerdi.hu\/\",\"url\":\"https:\/\/tengerdi.hu\/\",\"name\":\"Wellcome\",\"isPartOf\":{\"@id\":\"https:\/\/tengerdi.hu\/#website\"},\"datePublished\":\"2023-02-23T19:12:43+00:00\",\"dateModified\":\"2025-03-16T17:33:18+00:00\",\"breadcrumb\":{\"@id\":\"https:\/\/tengerdi.hu\/#breadcrumb\"},\"inLanguage\":\"en-US\",\"potentialAction\":[{\"@type\":\"ReadAction\",\"target\":[\"https:\/\/tengerdi.hu\/\"]}]},{\"@type\":\"BreadcrumbList\",\"@id\":\"https:\/\/tengerdi.hu\/#breadcrumb\",\"itemListElement\":[{\"@type\":\"ListItem\",\"position\":1,\"name\":\"Kezd\u0151lap\",\"item\":\"https:\/\/tengerdi.hu\/\"},{\"@type\":\"ListItem\",\"position\":2,\"name\":\"Kezd\u0151lap\"}]},{\"@type\":\"WebSite\",\"@id\":\"https:\/\/tengerdi.hu\/#website\",\"url\":\"https:\/\/tengerdi.hu\/\",\"name\":\"Viktor Bor- \u00e9s Vend\u00e9gh\u00e1z **** \/ Wein- und Gasthaus Viktor ****\",\"description\":\"... A Balaton vend\u00e9geinek...\",\"potentialAction\":[{\"@type\":\"SearchAction\",\"target\":{\"@type\":\"EntryPoint\",\"urlTemplate\":\"https:\/\/tengerdi.hu\/?s={search_term_string}\"},\"query-input\":{\"@type\":\"PropertyValueSpecification\",\"valueRequired\":true,\"valueName\":\"search_term_string\"}}],\"inLanguage\":\"en-US\"}]}<\/script>\n<!-- \/ Yoast SEO plugin. -->","yoast_head_json":{"title":"Wellcome","robots":{"index":"index","follow":"follow","max-snippet":"max-snippet:-1","max-image-preview":"max-image-preview:large","max-video-preview":"max-video-preview:-1"},"canonical":"https:\/\/tengerdi.hu\/en\/","og_locale":"en_US","og_type":"article","og_title":"[:hu]Kezd\u0151lap[:de]Willkommen[:en]Wellcome[:cs]Tengerdi[:pl]Tengerdi[:] - Viktor Bor- \u00e9s Vend\u00e9gh\u00e1z **** \/ Wein- und Gasthaus Viktor ****","og_description":"[vc_row content_placement=&#8221;top&#8221;][vc_column width=&#8221;1\/2&#8243; el_class=&#8221;dpano&#8221; offset=&#8221;vc_hidden-sm vc_hidden-xs&#8221; css=&#8221;.vc_custom_1677180966389{margin-top: -300px !important;}&#8221;][vc_single_image image=&#8221;113&#8243; img_size=&#8221;full&#8221; alignment=&#8221;center&#8221; style=&#8221;vc_box_border&#8221; border_color=&#8221;white&#8221; onclick=&#8221;custom_link&#8221; img_link_target=&#8221;_blank&#8221; css=&#8221;.vc_custom_1687887971586{padding-top: 30px !important;}&#8221; image_hovers=&#8221;false&#8221; link=&#8221;https:\/\/www.3dpano.hu\/Viktor_vendeghaz\/&#8221;][\/vc_column][vc_column width=&#8221;1\/2&#8243; el_class=&#8221;dpano&#8221; offset=&#8221;vc_hidden-sm vc_hidden-xs&#8221; css=&#8221;.vc_custom_1677180975490{margin-top: -300px !important;}&#8221;][vc_single_image image=&#8221;114&#8243; img_size=&#8221;full&#8221; alignment=&#8221;center&#8221; style=&#8221;vc_box_border&#8221; border_color=&#8221;white&#8221; onclick=&#8221;custom_link&#8221; img_link_target=&#8221;_blank&#8221; css=&#8221;.vc_custom_1687887980528{padding-top: 30px !important;}&#8221; image_hovers=&#8221;false&#8221; link=&#8221;https:\/\/www.3dpano.hu\/Viktor_Strand_bufe\/&#8221;][\/vc_column][\/vc_row][vc_row content_placement=&#8221;top&#8221;][vc_column width=&#8221;1\/2&#8243; offset=&#8221;vc_hidden-lg vc_hidden-md&#8221;][vc_single_image image=&#8221;113&#8243; img_size=&#8221;full&#8221; alignment=&#8221;center&#8221; style=&#8221;vc_box_border&#8221; border_color=&#8221;white&#8221; onclick=&#8221;custom_link&#8221; img_link_target=&#8221;_blank&#8221; css=&#8221;.vc_custom_1677179650926{padding-top: 30px !important;}&#8221; image_hovers=&#8221;false&#8221;&hellip;","og_url":"https:\/\/tengerdi.hu\/en\/","og_site_name":"Viktor Bor- \u00e9s Vend\u00e9gh\u00e1z **** \/ Wein- und Gasthaus Viktor ****","article_modified_time":"2025-03-16T17:33:18+00:00","twitter_card":"summary_large_image","twitter_misc":{"Est. reading time":"3 minutes"},"schema":{"@context":"https:\/\/schema.org","@graph":[{"@type":"WebPage","@id":"https:\/\/tengerdi.hu\/","url":"https:\/\/tengerdi.hu\/","name":"Wellcome","isPartOf":{"@id":"https:\/\/tengerdi.hu\/#website"},"datePublished":"2023-02-23T19:12:43+00:00","dateModified":"2025-03-16T17:33:18+00:00","breadcrumb":{"@id":"https:\/\/tengerdi.hu\/#breadcrumb"},"inLanguage":"en-US","potentialAction":[{"@type":"ReadAction","target":["https:\/\/tengerdi.hu\/"]}]},{"@type":"BreadcrumbList","@id":"https:\/\/tengerdi.hu\/#breadcrumb","itemListElement":[{"@type":"ListItem","position":1,"name":"Kezd\u0151lap","item":"https:\/\/tengerdi.hu\/"},{"@type":"ListItem","position":2,"name":"Kezd\u0151lap"}]},{"@type":"WebSite","@id":"https:\/\/tengerdi.hu\/#website","url":"https:\/\/tengerdi.hu\/","name":"Viktor Bor- \u00e9s Vend\u00e9gh\u00e1z **** \/ Wein- und Gasthaus Viktor ****","description":"... A Balaton vend\u00e9geinek...","potentialAction":[{"@type":"SearchAction","target":{"@type":"EntryPoint","urlTemplate":"https:\/\/tengerdi.hu\/?s={search_term_string}"},"query-input":{"@type":"PropertyValueSpecification","valueRequired":true,"valueName":"search_term_string"}}],"inLanguage":"en-US"}]}},"_links":{"self":[{"href":"https:\/\/tengerdi.hu\/en\/wp-json\/wp\/v2\/pages\/1366","targetHints":{"allow":["GET"]}}],"collection":[{"href":"https:\/\/tengerdi.hu\/en\/wp-json\/wp\/v2\/pages"}],"about":[{"href":"https:\/\/tengerdi.hu\/en\/wp-json\/wp\/v2\/types\/page"}],"author":[{"embeddable":true,"href":"https:\/\/tengerdi.hu\/en\/wp-json\/wp\/v2\/users\/3"}],"replies":[{"embeddable":true,"href":"https:\/\/tengerdi.hu\/en\/wp-json\/wp\/v2\/comments?post=1366"}],"version-history":[{"count":77,"href":"https:\/\/tengerdi.hu\/en\/wp-json\/wp\/v2\/pages\/1366\/revisions"}],"predecessor-version":[{"id":2565,"href":"https:\/\/tengerdi.hu\/en\/wp-json\/wp\/v2\/pages\/1366\/revisions\/2565"}],"wp:attachment":[{"href":"https:\/\/tengerdi.hu\/en\/wp-json\/wp\/v2\/media?parent=1366"}],"curies":[{"name":"wp","href":"https:\/\/api.w.org\/{rel}","templated":true}]}}