{"id":1673,"date":"2023-06-20T19:39:47","date_gmt":"2023-06-20T19:39:47","guid":{"rendered":"http:\/\/tengerdi.hu\/?page_id=1673"},"modified":"2023-06-21T21:40:36","modified_gmt":"2023-06-21T21:40:36","slug":"relax","status":"publish","type":"page","link":"https:\/\/tengerdi.hu\/de\/relax\/","title":{"rendered":"Relax"},"content":{"rendered":"<div class=\"wpb-content-wrapper\"><p>[vc_row el_id=&#187;intro&#187;][vc_column][vc_custom_heading text=&#187;Relax&#187; font_container=&#187;tag:h1|font_size:60%20px|text_align:center|color:%23c5ab6b|line_height:65%20px&#187; google_fonts=&#187;font_family:Great%20Vibes%3Aregular|font_style:400%20regular%3A400%3Anormal&#187;][vc_custom_heading text=&#187;Massage&#187; font_container=&#187;tag:h2|font_size:50%20px|text_align:center|color:%23303030|line_height:55%20px&#187; use_theme_fonts=&#187;yes&#187;]<div class=\"hr-thin style-double\" style=\"width: 10%;border-top-width: 3px;\"><\/div>[\/vc_column][\/vc_row][vc_row][vc_column][vc_column_text][\/vc_column_text][vc_single_image image=&#187;1679&#8243; img_size=&#187;full&#187; alignment=&#187;center&#187; style=&#187;vc_box_rounded&#187;][vc_custom_heading text=&#187;Preise&#187; font_container=&#187;tag:h4|font_size:30%20px|text_align:center|color:%23303030|line_height:32%20px&#187; use_theme_fonts=&#187;yes&#187;][vc_column_text]<\/p>\n<table class=\"align: center\" style=\"font-weight: 400;\">\n<tbody>\n<tr>\n<td width=\"201\">\n<p style=\"text-align: center;\"><strong>Szolg\u00e1ltat\u00e1s<\/strong><\/p>\n<p style=\"text-align: center;\"><strong>Dienstleistung<\/strong><\/p>\n<\/td>\n<td style=\"text-align: center;\" width=\"201\">\n<p><strong>Id\u0151<\/strong><\/p>\n<p><strong>Zeit<\/strong><\/td>\n<td style=\"text-align: center;\" width=\"201\">\n<p><strong>\u00c1r<\/strong><\/p>\n<p><strong>Preis<\/strong><\/td>\n<\/tr>\n<tr>\n<td width=\"201\">\n<p>&nbsp;<\/p>\n<p>Teljes testmassz\u00e1zs<\/p>\n<p>Ganzk\u00f6rpermassage<\/p>\n<p>&nbsp;<\/td>\n<td width=\"201\">\n<p>&nbsp;<\/p>\n<p>30 perc<\/td>\n<td width=\"201\">\n<p>&nbsp;<\/p>\n<p>5\u00a0500 Ft<\/td>\n<\/tr>\n<tr>\n<td width=\"201\">\n<p>&nbsp;<\/p>\n<p>Teljes testmassz\u00e1zs<\/p>\n<p>Ganzk\u00f6rpermassage<\/p>\n<p>&nbsp;<\/td>\n<td width=\"201\">\n<p>&nbsp;<\/p>\n<p>60 perc<\/td>\n<td width=\"201\">\n<p>&nbsp;<\/p>\n<p>9\u00a0900 Ft<\/td>\n<\/tr>\n<tr>\n<td width=\"201\">\n<p>&nbsp;<\/p>\n<p>H\u00e1tmassz\u00e1zs<\/p>\n<p>R\u00fcckenmassage<\/p>\n<p>&nbsp;<\/td>\n<td width=\"201\">\n<p>&nbsp;<\/p>\n<p>30 perc<\/td>\n<td width=\"201\">\n<p>&nbsp;<\/p>\n<p>5\u00a0500 Ft<\/td>\n<\/tr>\n<tr>\n<td width=\"201\">\n<p>&nbsp;<\/p>\n<p>Nyirokmassz\u00e1zs<\/p>\n<p>Lymphmassage<\/p>\n<p>&nbsp;<\/td>\n<td width=\"201\">\n<p>&nbsp;<\/p>\n<p>20 perc<\/td>\n<td width=\"201\">\n<p>&nbsp;<\/p>\n<p>6\u00a0500 Ft<\/td>\n<\/tr>\n<tr>\n<td width=\"201\">\n<p>&nbsp;<\/p>\n<p>K\u00f6p\u00f6ly\u00f6z\u00e9s<\/p>\n<p>Schr\u00f6pfen<\/p>\n<p>&nbsp;<\/td>\n<td width=\"201\">\n<p>&nbsp;<\/p>\n<p>20 perc<\/td>\n<td width=\"201\">\n<p>&nbsp;<\/p>\n<p>4\u00a0500 Ft<\/td>\n<\/tr>\n<\/tbody>\n<\/table>\n<p>[\/vc_column_text][\/vc_column][\/vc_row][vc_row css=&#187;.vc_custom_1687288807266{padding-top: 30px !important;}&#187;][vc_column][vc_custom_heading text=&#187;Fahrad verleih&#187; font_container=&#187;tag:h2|font_size:50%20px|text_align:center|color:%23303030|line_height:55%20px&#187; use_theme_fonts=&#187;yes&#187;]<div class=\"hr-thin style-double\" style=\"width: 10%;border-top-width: 3px;\"><\/div>[vc_column_text css=&#187;.vc_custom_1687289794182{padding-top: 30px !important;}&#187;]<\/p>\n<p style=\"font-weight: 400;\">In unserer Pension besteht die M\u00f6glichkeit, ein Fahrrad zu mieten, mit dem Sie die Gegend erkunden k\u00f6nnen. Unsere Flotte von 18 bis 20 Fahrr\u00e4dern erwartet diejenigen, die Fahrrad fahren m\u00f6chten.<\/p>\n<p>[\/vc_column_text][vc_row_inner css=&#187;.vc_custom_1687288796719{padding-top: 30px !important;}&#187;][vc_column_inner width=&#187;1\/2&#8243;][vc_single_image image=&#187;1697&#8243; img_size=&#187;full&#187; alignment=&#187;center&#187; style=&#187;vc_box_rounded&#187;][\/vc_column_inner][vc_column_inner width=&#187;1\/2&#8243;][vc_single_image image=&#187;1698&#8243; img_size=&#187;full&#187; alignment=&#187;center&#187; style=&#187;vc_box_rounded&#187;][\/vc_column_inner][\/vc_row_inner][\/vc_column][\/vc_row][vc_row css=&#187;.vc_custom_1687288807266{padding-top: 30px !important;}&#187;][vc_column][vc_custom_heading text=&#187;Reservierung&#187; font_container=&#187;tag:h2|font_size:50%20px|text_align:center|color:%23303030|line_height:55%20px&#187; use_theme_fonts=&#187;yes&#187;]<div class=\"hr-thin style-double\" style=\"width: 10%;border-top-width: 3px;\"><\/div>[\/vc_column][\/vc_row][vc_row full_width=&#187;stretch_row&#187; equal_height=&#187;yes&#187; content_placement=&#187;top&#187; css=&#187;.vc_custom_1687289513875{padding-top: 30px !important;padding-bottom: 30px !important;background-color: #eaeaea !important;}&#187;][vc_column width=&#187;1\/3&#8243; css=&#187;.vc_custom_1677192084601{background-color: #ffffff !important;}&#187;]<div class=\"aio-icon-component    style_2\"><div id=\"Info-box-wrap-3494\" class=\"aio-icon-box top-icon\" style=\"\"  ><div class=\"aio-icon-top\"><div class=\"ult-just-icon-wrapper  \"><div class=\"align-icon\" style=\"text-align:center;\">\n<div class=\"aio-icon none \"  style=\"color:#333;font-size:32px;display:inline-block;\">\n\t<i class=\"icomoon-free-social-contact-16x16-envelop\"><\/i>\n<\/div><\/div><\/div><\/div><div class=\"aio-icon-header\" ><h3 class=\"aio-icon-title ult-responsive\"  data-ultimate-target='#Info-box-wrap-3494 .aio-icon-title'  data-responsive-json-new='{\"font-size\":\"\",\"line-height\":\"\"}'  style=\"\">RESERVIERUNG per E-Mail<\/h3><\/div> <!-- header --><div class=\"aio-icon-description ult-responsive\"  data-ultimate-target='#Info-box-wrap-3494 .aio-icon-description'  data-responsive-json-new='{\"font-size\":\"\",\"line-height\":\"\"}'  style=\"\"><a href=\"mailto:hotel@tengerdi.hu\">hotel@tengerdi.hu<\/a><\/div> <!-- description --><\/div> <!-- aio-icon-box --><\/div> <!-- aio-icon-component -->[\/vc_column][vc_column width=&#187;1\/3&#8243; css=&#187;.vc_custom_1677192097889{background-color: #ffffff !important;}&#187;]<div class=\"aio-icon-component    style_2\"><div id=\"Info-box-wrap-9028\" class=\"aio-icon-box top-icon\" style=\"\"  ><div class=\"aio-icon-top\"><div class=\"ult-just-icon-wrapper  \"><div class=\"align-icon\" style=\"text-align:center;\">\n<div class=\"aio-icon none \"  style=\"color:#333;font-size:32px;display:inline-block;\">\n\t<i class=\"Defaults-phone\"><\/i>\n<\/div><\/div><\/div><\/div><div class=\"aio-icon-header\" ><h3 class=\"aio-icon-title ult-responsive\"  data-ultimate-target='#Info-box-wrap-9028 .aio-icon-title'  data-responsive-json-new='{\"font-size\":\"\",\"line-height\":\"\"}'  style=\"\">RESERVIERUNG per Telefon<\/h3><\/div> <!-- header --><div class=\"aio-icon-description ult-responsive\"  data-ultimate-target='#Info-box-wrap-9028 .aio-icon-description'  data-responsive-json-new='{\"font-size\":\"\",\"line-height\":\"\"}'  style=\"\">+ 36 30 377-9389<\/p>\n<p>+ 36 30 2700-680<\/div> <!-- description --><\/div> <!-- aio-icon-box --><\/div> <!-- aio-icon-component -->[\/vc_column][vc_column width=&#187;1\/3&#8243; css=&#187;.vc_custom_1677192107991{background-color: #ffffff !important;}&#187;]<div class=\"aio-icon-component    style_2\"><div id=\"Info-box-wrap-4647\" class=\"aio-icon-box top-icon\" style=\"\"  ><div class=\"aio-icon-top\"><div class=\"ult-just-icon-wrapper  \"><div class=\"align-icon\" style=\"text-align:center;\">\n<div class=\"aio-icon none \"  style=\"color:#333;font-size:32px;display:inline-block;\">\n\t<i class=\"fas fa-mouse-pointer\"><\/i>\n<\/div><\/div><\/div><\/div><div class=\"aio-icon-header\" ><h3 class=\"aio-icon-title ult-responsive\"  data-ultimate-target='#Info-box-wrap-4647 .aio-icon-title'  data-responsive-json-new='{\"font-size\":\"\",\"line-height\":\"\"}'  style=\"\">ONLINE RESERVIERUNG<\/h3><\/div> <!-- header --><div class=\"aio-icon-description ult-responsive\"  data-ultimate-target='#Info-box-wrap-4647 .aio-icon-description'  data-responsive-json-new='{\"font-size\":\"\",\"line-height\":\"\"}'  style=\"\"><a href=\"https:\/\/tengerdi.hu\/de\/foglalas\/\">Unsere Online-Buchungsseite<\/a><\/div> <!-- description --><\/div> <!-- aio-icon-box --><\/div> <!-- aio-icon-component -->[\/vc_column][\/vc_row]<\/p>\n<\/div>","protected":false},"excerpt":{"rendered":"<p>[vc_row el_id=&#187;intro&#187;][vc_column][vc_custom_heading text=&#187;Relax&#187; font_container=&#187;tag:h1|font_size:60%20px|text_align:center|color:%23c5ab6b|line_height:65%20px&#187; google_fonts=&#187;font_family:Great%20Vibes%3Aregular|font_style:400%20regular%3A400%3Anormal&#187;][vc_custom_heading text=&#187;Massage&#187; font_container=&#187;tag:h2|font_size:50%20px|text_align:center|color:%23303030|line_height:55%20px&#187; use_theme_fonts=&#187;yes&#187;][\/vc_column][\/vc_row][vc_row][vc_column][vc_column_text][\/vc_column_text][vc_single_image image=&#187;1679&#8243; img_size=&#187;full&#187; alignment=&#187;center&#187; style=&#187;vc_box_rounded&#187;][vc_custom_heading text=&#187;Preise&#187; font_container=&#187;tag:h4|font_size:30%20px|text_align:center|color:%23303030|line_height:32%20px&#187; use_theme_fonts=&#187;yes&#187;][vc_column_text] Szolg\u00e1ltat\u00e1s Dienstleistung Id\u0151 Zeit \u00c1r Preis &nbsp; Teljes testmassz\u00e1zs Ganzk\u00f6rpermassage &nbsp; &nbsp; 30 perc &nbsp; 5\u00a0500 Ft &nbsp; Teljes testmassz\u00e1zs Ganzk\u00f6rpermassage &nbsp; &nbsp; 60 perc &nbsp; 9\u00a0900 Ft &nbsp; H\u00e1tmassz\u00e1zs R\u00fcckenmassage &nbsp; &nbsp; 30 perc &nbsp; 5\u00a0500 Ft &nbsp; Nyirokmassz\u00e1zs&hellip;<\/p>\n","protected":false},"author":3,"featured_media":0,"parent":0,"menu_order":0,"comment_status":"closed","ping_status":"closed","template":"","meta":{"footnotes":""},"class_list":["post-1673","page","type-page","status-publish","hentry","description-off"],"yoast_head":"<!-- This site is optimized with the Yoast SEO plugin v27.1.1 - https:\/\/yoast.com\/product\/yoast-seo-wordpress\/ -->\n<title>Relax<\/title>\n<meta name=\"robots\" content=\"index, follow, max-snippet:-1, max-image-preview:large, max-video-preview:-1\" \/>\n<link rel=\"canonical\" href=\"https:\/\/tengerdi.hu\/de\/relax\/\" \/>\n<meta property=\"og:locale\" content=\"de_DE\" \/>\n<meta property=\"og:locale:alternate\" content=\"hu_HU\" \/>\n<meta property=\"og:locale:alternate\" content=\"en_US\" \/>\n<meta property=\"og:locale:alternate\" content=\"\u010ce\u0161tina\" \/>\n<meta property=\"og:locale:alternate\" content=\"Polski\" \/>\n<meta property=\"og:type\" content=\"article\" \/>\n<meta property=\"og:title\" content=\"Relax\" \/>\n<meta property=\"og:description\" content=\"[vc_row el_id=&#187;intro&#187;][vc_column][vc_custom_heading text=&#187;Relax&#187; font_container=&#187;tag:h1|font_size:60%20px|text_align:center|color:%23c5ab6b|line_height:65%20px&#187; google_fonts=&#187;font_family:Great%20Vibes%3Aregular|font_style:400%20regular%3A400%3Anormal&#187;][vc_custom_heading text=&#187;Massage&#187; font_container=&#187;tag:h2|font_size:50%20px|text_align:center|color:%23303030|line_height:55%20px&#187; use_theme_fonts=&#187;yes&#187;][\/vc_column][\/vc_row][vc_row][vc_column][vc_column_text][\/vc_column_text][vc_single_image image=&#187;1679&#8243; img_size=&#187;full&#187; alignment=&#187;center&#187; style=&#187;vc_box_rounded&#187;][vc_custom_heading text=&#187;Preise&#187; font_container=&#187;tag:h4|font_size:30%20px|text_align:center|color:%23303030|line_height:32%20px&#187; use_theme_fonts=&#187;yes&#187;][vc_column_text] Szolg\u00e1ltat\u00e1s Dienstleistung Id\u0151 Zeit \u00c1r Preis &nbsp; Teljes testmassz\u00e1zs Ganzk\u00f6rpermassage &nbsp; &nbsp; 30 perc &nbsp; 5\u00a0500 Ft &nbsp; Teljes testmassz\u00e1zs Ganzk\u00f6rpermassage &nbsp; &nbsp; 60 perc &nbsp; 9\u00a0900 Ft &nbsp; H\u00e1tmassz\u00e1zs R\u00fcckenmassage &nbsp; &nbsp; 30 perc &nbsp; 5\u00a0500 Ft &nbsp; Nyirokmassz\u00e1zs&hellip;\" \/>\n<meta property=\"og:url\" content=\"https:\/\/tengerdi.hu\/de\/relax\/\" \/>\n<meta property=\"og:site_name\" content=\"Viktor Bor- \u00e9s Vend\u00e9gh\u00e1z **** \/ Wein- und Gasthaus Viktor ****\" \/>\n<meta property=\"article:modified_time\" content=\"2023-06-21T21:40:36+00:00\" \/>\n<meta name=\"twitter:card\" content=\"summary_large_image\" \/>\n<meta name=\"twitter:label1\" content=\"Gesch\u00e4tzte Lesezeit\" \/>\n\t<meta name=\"twitter:data1\" content=\"8\u00a0Minuten\" \/>\n<script type=\"application\/ld+json\" class=\"yoast-schema-graph\">{\"@context\":\"https:\/\/schema.org\",\"@graph\":[{\"@type\":\"WebPage\",\"@id\":\"https:\/\/tengerdi.hu\/de\/relax\/\",\"url\":\"https:\/\/tengerdi.hu\/de\/relax\/\",\"name\":\"Relax\",\"isPartOf\":{\"@id\":\"https:\/\/tengerdi.hu\/#website\"},\"datePublished\":\"2023-06-20T19:39:47+00:00\",\"dateModified\":\"2023-06-21T21:40:36+00:00\",\"breadcrumb\":{\"@id\":\"https:\/\/tengerdi.hu\/de\/relax\/#breadcrumb\"},\"inLanguage\":\"Deutschland\",\"potentialAction\":[{\"@type\":\"ReadAction\",\"target\":[\"https:\/\/tengerdi.hu\/de\/relax\/\"]}]},{\"@type\":\"BreadcrumbList\",\"@id\":\"https:\/\/tengerdi.hu\/de\/relax\/#breadcrumb\",\"itemListElement\":[{\"@type\":\"ListItem\",\"position\":1,\"name\":\"Kezd\u0151lap\",\"item\":\"https:\/\/tengerdi.hu\/\"},{\"@type\":\"ListItem\",\"position\":2,\"name\":\"Relax\"}]},{\"@type\":\"WebSite\",\"@id\":\"https:\/\/tengerdi.hu\/#website\",\"url\":\"https:\/\/tengerdi.hu\/\",\"name\":\"Viktor Bor- \u00e9s Vend\u00e9gh\u00e1z **** \/ Wein- und Gasthaus Viktor ****\",\"description\":\"... A Balaton vend\u00e9geinek...\",\"potentialAction\":[{\"@type\":\"SearchAction\",\"target\":{\"@type\":\"EntryPoint\",\"urlTemplate\":\"https:\/\/tengerdi.hu\/?s={search_term_string}\"},\"query-input\":{\"@type\":\"PropertyValueSpecification\",\"valueRequired\":true,\"valueName\":\"search_term_string\"}}],\"inLanguage\":\"Deutschland\"}]}<\/script>\n<!-- \/ Yoast SEO plugin. -->","yoast_head_json":{"title":"Relax","robots":{"index":"index","follow":"follow","max-snippet":"max-snippet:-1","max-image-preview":"max-image-preview:large","max-video-preview":"max-video-preview:-1"},"canonical":"https:\/\/tengerdi.hu\/de\/relax\/","og_locale":"de_DE","og_type":"article","og_title":"[:hu]Relax[:de]Relax[:en]Relax[:] - Viktor Bor- \u00e9s Vend\u00e9gh\u00e1z **** \/ Wein- und Gasthaus Viktor ****","og_description":"[vc_row el_id=&#187;intro&#187;][vc_column][vc_custom_heading text=&#187;Relax&#187; font_container=&#187;tag:h1|font_size:60%20px|text_align:center|color:%23c5ab6b|line_height:65%20px&#187; google_fonts=&#187;font_family:Great%20Vibes%3Aregular|font_style:400%20regular%3A400%3Anormal&#187;][vc_custom_heading text=&#187;Massage&#187; font_container=&#187;tag:h2|font_size:50%20px|text_align:center|color:%23303030|line_height:55%20px&#187; use_theme_fonts=&#187;yes&#187;][\/vc_column][\/vc_row][vc_row][vc_column][vc_column_text][\/vc_column_text][vc_single_image image=&#187;1679&#8243; img_size=&#187;full&#187; alignment=&#187;center&#187; style=&#187;vc_box_rounded&#187;][vc_custom_heading text=&#187;Preise&#187; font_container=&#187;tag:h4|font_size:30%20px|text_align:center|color:%23303030|line_height:32%20px&#187; use_theme_fonts=&#187;yes&#187;][vc_column_text] Szolg\u00e1ltat\u00e1s Dienstleistung Id\u0151 Zeit \u00c1r Preis &nbsp; Teljes testmassz\u00e1zs Ganzk\u00f6rpermassage &nbsp; &nbsp; 30 perc &nbsp; 5\u00a0500 Ft &nbsp; Teljes testmassz\u00e1zs Ganzk\u00f6rpermassage &nbsp; &nbsp; 60 perc &nbsp; 9\u00a0900 Ft &nbsp; H\u00e1tmassz\u00e1zs R\u00fcckenmassage &nbsp; &nbsp; 30 perc &nbsp; 5\u00a0500 Ft &nbsp; Nyirokmassz\u00e1zs&hellip;","og_url":"https:\/\/tengerdi.hu\/de\/relax\/","og_site_name":"Viktor Bor- \u00e9s Vend\u00e9gh\u00e1z **** \/ Wein- und Gasthaus Viktor ****","article_modified_time":"2023-06-21T21:40:36+00:00","twitter_card":"summary_large_image","twitter_misc":{"Gesch\u00e4tzte Lesezeit":"8\u00a0Minuten"},"schema":{"@context":"https:\/\/schema.org","@graph":[{"@type":"WebPage","@id":"https:\/\/tengerdi.hu\/de\/relax\/","url":"https:\/\/tengerdi.hu\/de\/relax\/","name":"Relax","isPartOf":{"@id":"https:\/\/tengerdi.hu\/#website"},"datePublished":"2023-06-20T19:39:47+00:00","dateModified":"2023-06-21T21:40:36+00:00","breadcrumb":{"@id":"https:\/\/tengerdi.hu\/de\/relax\/#breadcrumb"},"inLanguage":"Deutschland","potentialAction":[{"@type":"ReadAction","target":["https:\/\/tengerdi.hu\/de\/relax\/"]}]},{"@type":"BreadcrumbList","@id":"https:\/\/tengerdi.hu\/de\/relax\/#breadcrumb","itemListElement":[{"@type":"ListItem","position":1,"name":"Kezd\u0151lap","item":"https:\/\/tengerdi.hu\/"},{"@type":"ListItem","position":2,"name":"Relax"}]},{"@type":"WebSite","@id":"https:\/\/tengerdi.hu\/#website","url":"https:\/\/tengerdi.hu\/","name":"Viktor Bor- \u00e9s Vend\u00e9gh\u00e1z **** \/ Wein- und Gasthaus Viktor ****","description":"... A Balaton vend\u00e9geinek...","potentialAction":[{"@type":"SearchAction","target":{"@type":"EntryPoint","urlTemplate":"https:\/\/tengerdi.hu\/?s={search_term_string}"},"query-input":{"@type":"PropertyValueSpecification","valueRequired":true,"valueName":"search_term_string"}}],"inLanguage":"Deutschland"}]}},"_links":{"self":[{"href":"https:\/\/tengerdi.hu\/de\/wp-json\/wp\/v2\/pages\/1673","targetHints":{"allow":["GET"]}}],"collection":[{"href":"https:\/\/tengerdi.hu\/de\/wp-json\/wp\/v2\/pages"}],"about":[{"href":"https:\/\/tengerdi.hu\/de\/wp-json\/wp\/v2\/types\/page"}],"author":[{"embeddable":true,"href":"https:\/\/tengerdi.hu\/de\/wp-json\/wp\/v2\/users\/3"}],"replies":[{"embeddable":true,"href":"https:\/\/tengerdi.hu\/de\/wp-json\/wp\/v2\/comments?post=1673"}],"version-history":[{"count":23,"href":"https:\/\/tengerdi.hu\/de\/wp-json\/wp\/v2\/pages\/1673\/revisions"}],"predecessor-version":[{"id":1712,"href":"https:\/\/tengerdi.hu\/de\/wp-json\/wp\/v2\/pages\/1673\/revisions\/1712"}],"wp:attachment":[{"href":"https:\/\/tengerdi.hu\/de\/wp-json\/wp\/v2\/media?parent=1673"}],"curies":[{"name":"wp","href":"https:\/\/api.w.org\/{rel}","templated":true}]}}