{"id":1513,"date":"2023-02-25T13:33:03","date_gmt":"2023-02-25T13:33:03","guid":{"rendered":"http:\/\/tengerdi.hu\/?page_id=1513"},"modified":"2025-03-17T20:03:17","modified_gmt":"2025-03-17T20:03:17","slug":"rolunk","status":"publish","type":"page","link":"https:\/\/tengerdi.hu\/de\/rolunk\/","title":{"rendered":"\u00dcber uns"},"content":{"rendered":"<div class=\"wpb-content-wrapper\"><p>[vc_row gap=&#187;10&#8243; equal_height=&#187;yes&#187; content_placement=&#187;middle&#187; css=&#187;.vc_custom_1677334401038{margin-top: -40px !important;}&#187;][vc_column width=&#187;1\/4&#8243;][vc_column_text css=&#187;&#187;]<\/p>\n<p style=\"text-align: center;\"><strong><a href=\"https:\/\/tengerdi.hu\/de\/megjelenesek\/\" target=\"_blank\" rel=\"noopener\">PRESSE<\/a><\/strong><\/p>\n<p>[\/vc_column_text][\/vc_column][vc_column width=&#187;1\/4&#8243;][vc_column_text css=&#187;&#187;]<\/p>\n<p style=\"text-align: center;\"><strong><a href=\"https:\/\/tengerdi.hu\/de\/strandgrill-erika-gyorsetterme\/\" target=\"_blank\" rel=\"noopener\">FR\u00d6CCSTERASZ UND STRANDGRILL ERIKA SCHNELLIMBISS <\/a><\/strong><\/p>\n<p>[\/vc_column_text][\/vc_column][vc_column width=&#187;1\/4&#8243;][vc_column_text css=&#187;&#187;]<\/p>\n<p style=\"text-align: center;\"><strong><a href=\"https:\/\/tengerdi.hu\/de\/vinoteka\/\" target=\"_blank\" rel=\"noopener\">WEIN SHOP<\/a><\/strong><\/p>\n<p>[\/vc_column_text][\/vc_column][vc_column width=&#187;1\/4&#8243;][vc_column_text css=&#187;&#187;]<\/p>\n<p style=\"text-align: center;\"><strong><a href=\"https:\/\/tengerdi.hu\/de\/a-tengerdi-csalad\/\" target=\"_blank\" rel=\"noopener\">FAMILIE<\/a><\/strong><\/p>\n<p>[\/vc_column_text][\/vc_column][\/vc_row][vc_row][vc_column][vc_separator][vc_custom_heading text=&#187;Tengerdi&#187; font_container=&#187;tag:h1|font_size:60%20px|text_align:center|color:%23c5ab6b|line_height:65%20px&#187; google_fonts=&#187;font_family:Great%20Vibes%3Aregular|font_style:400%20regular%3A400%3Anormal&#187;][vc_custom_heading text=&#187;Lernen Sie uns kennen!&#187; font_container=&#187;tag:h2|font_size:50%20px|text_align:center|color:%23303030|line_height:55%20px&#187; use_theme_fonts=&#187;yes&#187;]<div class=\"hr-thin style-double\" style=\"width: 10%;border-top-width: 3px;\"><\/div>[\/vc_column][\/vc_row][vc_row css=&#187;.vc_custom_1677331406937{padding-top: 40px !important;}&#187;][vc_column][vc_custom_heading text=&#187;Liebe G\u00e4ste,&#187; font_container=&#187;tag:h3|font_size:40%20px|text_align:left|color:%23c5ab6b|line_height:65%20px&#187; google_fonts=&#187;font_family:Great%20Vibes%3Aregular|font_style:400%20regular%3A400%3Anormal&#187;][vc_column_text]<\/p>\n<h4 style=\"font-weight: 400;\">Herzlich willkommen auf unserer Homepage!<\/h4>\n<p>[\/vc_column_text][vc_column_text]<\/p>\n<p style=\"font-weight: 400;\">Verbringen Sie Ihren Urlaub vom Alltag in unserer Vier-Sterne-Pension in der N\u00e4he des Plattensees.<\/p>\n<p style=\"font-weight: 400;\">Wir bieten Ihnen und Ihrer Familie eine Vier-Sterne-Pension im Wein- und Gasthaus Viktor. Zus\u00e4tzlich zu den 4-Sterne-Zimmern k\u00f6nnen die G\u00e4ste Wellness und Fitness genie\u00dfen, die Weine und den Schnaps unseres eigenen Weingutes. Unsere Weine sind nicht nur vor Ort erh\u00e4ltlich, sondern k\u00f6nnen in unserer Vinothek zu erm\u00e4\u00dfigten Preisen gekauft werden.<\/p>\n<p style=\"font-weight: 400;\">Fr\u00f6ccsterasz- und Strandgrill Erika liegt 100 m vom Viktor Bor &#038; Vend\u00e9gh\u00e1z im Zentrum von Balatonm\u00e1riaf\u00fcrd\u0151 am sch\u00f6nsten Strand der Gegend.<\/p>\n<p style=\"font-weight: 400;\">Bei gem\u00fctlicher Strandmusik und gutem Service k\u00f6nnen unsere G\u00e4ste aus einer reichlichen Speisekarte und Getr\u00e4nkekarte w\u00e4hlen: Sie finden alle Arten von Erfrischungsgetr\u00e4nken, diverse Sorten an Bier und selbstgemachte Limonade.<\/p>\n<p style=\"font-weight: 400;\">Zu einem g\u00fcnstigen Preis bieten wir f\u00fcnf gut ausgestattete Apartments im Obergeschoss des Restaurants denjenigen, die einen Tag direkt am Wasser verbringen m\u00f6chten. Die Apartments \u201eAranyh\u00edd\u201d und \u201eEz\u00fcsth\u00edd\u201d bieten gem\u00fctlichen Platz f\u00fcr die ganze Familie. Die Zimmer des \u201eUngarischen Meeres\u201dk\u00f6nnen bis zu neun Personen Unterkunft geben, die Appartements Bogl\u00e1rka und Levente haben eine Kapazit\u00e4t bis 8 Personen. Alle Zimmer sind klimatisiert.<\/p>\n<p style=\"font-weight: 400;\">G\u00e4ste k\u00f6nnen den bewachten Parkplatz nutzen und erhalten eine Eintrittskarte zum nahegelegenen Strand.<\/p>\n<p style=\"font-weight: 400;\">Drei Jahrzehnte professionelle Managementerfahrung und die hohe Anzahl der wiederkehrenden G\u00e4ste ist eine Garantie, dass jeder Gast angenehme Erinnerungen haben wird.<\/p>\n<p style=\"font-weight: 400;\"><em>Wir freuen uns schon Sie herzlich Willkommen zu hei\u00dfen!<\/em><\/p>\n<p>[\/vc_column_text][\/vc_column][\/vc_row]<\/p>\n<\/div>","protected":false},"excerpt":{"rendered":"<p>[vc_row gap=&#187;10&#8243; equal_height=&#187;yes&#187; content_placement=&#187;middle&#187; css=&#187;.vc_custom_1677334401038{margin-top: -40px !important;}&#187;][vc_column width=&#187;1\/4&#8243;][vc_column_text css=&#187;&#187;] PRESSE [\/vc_column_text][\/vc_column][vc_column width=&#187;1\/4&#8243;][vc_column_text css=&#187;&#187;] FR\u00d6CCSTERASZ UND STRANDGRILL ERIKA SCHNELLIMBISS [\/vc_column_text][\/vc_column][vc_column width=&#187;1\/4&#8243;][vc_column_text css=&#187;&#187;] WEIN SHOP [\/vc_column_text][\/vc_column][vc_column width=&#187;1\/4&#8243;][vc_column_text css=&#187;&#187;] FAMILIE [\/vc_column_text][\/vc_column][\/vc_row][vc_row][vc_column][vc_separator][vc_custom_heading text=&#187;Tengerdi&#187; font_container=&#187;tag:h1|font_size:60%20px|text_align:center|color:%23c5ab6b|line_height:65%20px&#187; google_fonts=&#187;font_family:Great%20Vibes%3Aregular|font_style:400%20regular%3A400%3Anormal&#187;][vc_custom_heading text=&#187;Lernen Sie uns kennen!&#187; font_container=&#187;tag:h2|font_size:50%20px|text_align:center|color:%23303030|line_height:55%20px&#187; use_theme_fonts=&#187;yes&#187;][\/vc_column][\/vc_row][vc_row css=&#187;.vc_custom_1677331406937{padding-top: 40px !important;}&#187;][vc_column][vc_custom_heading text=&#187;Liebe G\u00e4ste,&#187; font_container=&#187;tag:h3|font_size:40%20px|text_align:left|color:%23c5ab6b|line_height:65%20px&#187; google_fonts=&#187;font_family:Great%20Vibes%3Aregular|font_style:400%20regular%3A400%3Anormal&#187;][vc_column_text] Herzlich willkommen auf unserer Homepage! [\/vc_column_text][vc_column_text] Verbringen Sie Ihren Urlaub vom&hellip;<\/p>\n","protected":false},"author":3,"featured_media":0,"parent":0,"menu_order":0,"comment_status":"closed","ping_status":"closed","template":"","meta":{"footnotes":""},"class_list":["post-1513","page","type-page","status-publish","hentry","description-off"],"yoast_head":"<!-- This site is optimized with the Yoast SEO plugin v27.1.1 - https:\/\/yoast.com\/product\/yoast-seo-wordpress\/ -->\n<title>\u00dcber uns<\/title>\n<meta name=\"robots\" content=\"index, follow, max-snippet:-1, max-image-preview:large, max-video-preview:-1\" \/>\n<link rel=\"canonical\" href=\"https:\/\/tengerdi.hu\/de\/rolunk\/\" \/>\n<meta property=\"og:locale\" content=\"de_DE\" \/>\n<meta property=\"og:locale:alternate\" content=\"hu_HU\" \/>\n<meta property=\"og:locale:alternate\" content=\"en_US\" \/>\n<meta property=\"og:locale:alternate\" content=\"\u010ce\u0161tina\" \/>\n<meta property=\"og:locale:alternate\" content=\"Polski\" \/>\n<meta property=\"og:type\" content=\"article\" \/>\n<meta property=\"og:title\" content=\"\u00dcber uns\" \/>\n<meta property=\"og:description\" content=\"[vc_row gap=&#187;10&#8243; equal_height=&#187;yes&#187; content_placement=&#187;middle&#187; css=&#187;.vc_custom_1677334401038{margin-top: -40px !important;}&#187;][vc_column width=&#187;1\/4&#8243;][vc_column_text css=&#187;&#187;] PRESSE [\/vc_column_text][\/vc_column][vc_column width=&#187;1\/4&#8243;][vc_column_text css=&#187;&#187;] FR\u00d6CCSTERASZ UND STRANDGRILL ERIKA SCHNELLIMBISS [\/vc_column_text][\/vc_column][vc_column width=&#187;1\/4&#8243;][vc_column_text css=&#187;&#187;] WEIN SHOP [\/vc_column_text][\/vc_column][vc_column width=&#187;1\/4&#8243;][vc_column_text css=&#187;&#187;] FAMILIE [\/vc_column_text][\/vc_column][\/vc_row][vc_row][vc_column][vc_separator][vc_custom_heading text=&#187;Tengerdi&#187; font_container=&#187;tag:h1|font_size:60%20px|text_align:center|color:%23c5ab6b|line_height:65%20px&#187; google_fonts=&#187;font_family:Great%20Vibes%3Aregular|font_style:400%20regular%3A400%3Anormal&#187;][vc_custom_heading text=&#187;Lernen Sie uns kennen!&#187; font_container=&#187;tag:h2|font_size:50%20px|text_align:center|color:%23303030|line_height:55%20px&#187; use_theme_fonts=&#187;yes&#187;][\/vc_column][\/vc_row][vc_row css=&#187;.vc_custom_1677331406937{padding-top: 40px !important;}&#187;][vc_column][vc_custom_heading text=&#187;Liebe G\u00e4ste,&#187; font_container=&#187;tag:h3|font_size:40%20px|text_align:left|color:%23c5ab6b|line_height:65%20px&#187; google_fonts=&#187;font_family:Great%20Vibes%3Aregular|font_style:400%20regular%3A400%3Anormal&#187;][vc_column_text] Herzlich willkommen auf unserer Homepage! [\/vc_column_text][vc_column_text] Verbringen Sie Ihren Urlaub vom&hellip;\" \/>\n<meta property=\"og:url\" content=\"https:\/\/tengerdi.hu\/de\/rolunk\/\" \/>\n<meta property=\"og:site_name\" content=\"Viktor Bor- \u00e9s Vend\u00e9gh\u00e1z **** \/ Wein- und Gasthaus Viktor ****\" \/>\n<meta property=\"article:modified_time\" content=\"2025-03-17T20:03:17+00:00\" \/>\n<meta name=\"twitter:card\" content=\"summary_large_image\" \/>\n<meta name=\"twitter:label1\" content=\"Gesch\u00e4tzte Lesezeit\" \/>\n\t<meta name=\"twitter:data1\" content=\"2\u00a0Minuten\" \/>\n<script type=\"application\/ld+json\" class=\"yoast-schema-graph\">{\"@context\":\"https:\/\/schema.org\",\"@graph\":[{\"@type\":\"WebPage\",\"@id\":\"https:\/\/tengerdi.hu\/pl\/rolunk\/\",\"url\":\"https:\/\/tengerdi.hu\/pl\/rolunk\/\",\"name\":\"\u00dcber uns\",\"isPartOf\":{\"@id\":\"https:\/\/tengerdi.hu\/#website\"},\"datePublished\":\"2023-02-25T13:33:03+00:00\",\"dateModified\":\"2025-03-17T20:03:17+00:00\",\"breadcrumb\":{\"@id\":\"https:\/\/tengerdi.hu\/pl\/rolunk\/#breadcrumb\"},\"inLanguage\":\"Deutschland\",\"potentialAction\":[{\"@type\":\"ReadAction\",\"target\":[\"https:\/\/tengerdi.hu\/pl\/rolunk\/\"]}]},{\"@type\":\"BreadcrumbList\",\"@id\":\"https:\/\/tengerdi.hu\/pl\/rolunk\/#breadcrumb\",\"itemListElement\":[{\"@type\":\"ListItem\",\"position\":1,\"name\":\"Kezd\u0151lap\",\"item\":\"https:\/\/tengerdi.hu\/\"},{\"@type\":\"ListItem\",\"position\":2,\"name\":\"O nas\"}]},{\"@type\":\"WebSite\",\"@id\":\"https:\/\/tengerdi.hu\/#website\",\"url\":\"https:\/\/tengerdi.hu\/\",\"name\":\"Viktor Bor- \u00e9s Vend\u00e9gh\u00e1z **** \/ Wein- und Gasthaus Viktor ****\",\"description\":\"... A Balaton vend\u00e9geinek...\",\"potentialAction\":[{\"@type\":\"SearchAction\",\"target\":{\"@type\":\"EntryPoint\",\"urlTemplate\":\"https:\/\/tengerdi.hu\/?s={search_term_string}\"},\"query-input\":{\"@type\":\"PropertyValueSpecification\",\"valueRequired\":true,\"valueName\":\"search_term_string\"}}],\"inLanguage\":\"Deutschland\"}]}<\/script>\n<!-- \/ Yoast SEO plugin. -->","yoast_head_json":{"title":"\u00dcber uns","robots":{"index":"index","follow":"follow","max-snippet":"max-snippet:-1","max-image-preview":"max-image-preview:large","max-video-preview":"max-video-preview:-1"},"canonical":"https:\/\/tengerdi.hu\/de\/rolunk\/","og_locale":"de_DE","og_type":"article","og_title":"[:hu]R\u00f3lunk[:de]\u00dcber uns[:en]About[:cs]O n\u00e1s[:pl]O nas[:] - Viktor Bor- \u00e9s Vend\u00e9gh\u00e1z **** \/ Wein- und Gasthaus Viktor ****","og_description":"[vc_row gap=&#187;10&#8243; equal_height=&#187;yes&#187; content_placement=&#187;middle&#187; css=&#187;.vc_custom_1677334401038{margin-top: -40px !important;}&#187;][vc_column width=&#187;1\/4&#8243;][vc_column_text css=&#187;&#187;] PRESSE [\/vc_column_text][\/vc_column][vc_column width=&#187;1\/4&#8243;][vc_column_text css=&#187;&#187;] FR\u00d6CCSTERASZ UND STRANDGRILL ERIKA SCHNELLIMBISS [\/vc_column_text][\/vc_column][vc_column width=&#187;1\/4&#8243;][vc_column_text css=&#187;&#187;] WEIN SHOP [\/vc_column_text][\/vc_column][vc_column width=&#187;1\/4&#8243;][vc_column_text css=&#187;&#187;] FAMILIE [\/vc_column_text][\/vc_column][\/vc_row][vc_row][vc_column][vc_separator][vc_custom_heading text=&#187;Tengerdi&#187; font_container=&#187;tag:h1|font_size:60%20px|text_align:center|color:%23c5ab6b|line_height:65%20px&#187; google_fonts=&#187;font_family:Great%20Vibes%3Aregular|font_style:400%20regular%3A400%3Anormal&#187;][vc_custom_heading text=&#187;Lernen Sie uns kennen!&#187; font_container=&#187;tag:h2|font_size:50%20px|text_align:center|color:%23303030|line_height:55%20px&#187; use_theme_fonts=&#187;yes&#187;][\/vc_column][\/vc_row][vc_row css=&#187;.vc_custom_1677331406937{padding-top: 40px !important;}&#187;][vc_column][vc_custom_heading text=&#187;Liebe G\u00e4ste,&#187; font_container=&#187;tag:h3|font_size:40%20px|text_align:left|color:%23c5ab6b|line_height:65%20px&#187; google_fonts=&#187;font_family:Great%20Vibes%3Aregular|font_style:400%20regular%3A400%3Anormal&#187;][vc_column_text] Herzlich willkommen auf unserer Homepage! [\/vc_column_text][vc_column_text] Verbringen Sie Ihren Urlaub vom&hellip;","og_url":"https:\/\/tengerdi.hu\/de\/rolunk\/","og_site_name":"Viktor Bor- \u00e9s Vend\u00e9gh\u00e1z **** \/ Wein- und Gasthaus Viktor ****","article_modified_time":"2025-03-17T20:03:17+00:00","twitter_card":"summary_large_image","twitter_misc":{"Gesch\u00e4tzte Lesezeit":"2\u00a0Minuten"},"schema":{"@context":"https:\/\/schema.org","@graph":[{"@type":"WebPage","@id":"https:\/\/tengerdi.hu\/pl\/rolunk\/","url":"https:\/\/tengerdi.hu\/pl\/rolunk\/","name":"\u00dcber uns","isPartOf":{"@id":"https:\/\/tengerdi.hu\/#website"},"datePublished":"2023-02-25T13:33:03+00:00","dateModified":"2025-03-17T20:03:17+00:00","breadcrumb":{"@id":"https:\/\/tengerdi.hu\/pl\/rolunk\/#breadcrumb"},"inLanguage":"Deutschland","potentialAction":[{"@type":"ReadAction","target":["https:\/\/tengerdi.hu\/pl\/rolunk\/"]}]},{"@type":"BreadcrumbList","@id":"https:\/\/tengerdi.hu\/pl\/rolunk\/#breadcrumb","itemListElement":[{"@type":"ListItem","position":1,"name":"Kezd\u0151lap","item":"https:\/\/tengerdi.hu\/"},{"@type":"ListItem","position":2,"name":"O nas"}]},{"@type":"WebSite","@id":"https:\/\/tengerdi.hu\/#website","url":"https:\/\/tengerdi.hu\/","name":"Viktor Bor- \u00e9s Vend\u00e9gh\u00e1z **** \/ Wein- und Gasthaus Viktor ****","description":"... A Balaton vend\u00e9geinek...","potentialAction":[{"@type":"SearchAction","target":{"@type":"EntryPoint","urlTemplate":"https:\/\/tengerdi.hu\/?s={search_term_string}"},"query-input":{"@type":"PropertyValueSpecification","valueRequired":true,"valueName":"search_term_string"}}],"inLanguage":"Deutschland"}]}},"_links":{"self":[{"href":"https:\/\/tengerdi.hu\/de\/wp-json\/wp\/v2\/pages\/1513","targetHints":{"allow":["GET"]}}],"collection":[{"href":"https:\/\/tengerdi.hu\/de\/wp-json\/wp\/v2\/pages"}],"about":[{"href":"https:\/\/tengerdi.hu\/de\/wp-json\/wp\/v2\/types\/page"}],"author":[{"embeddable":true,"href":"https:\/\/tengerdi.hu\/de\/wp-json\/wp\/v2\/users\/3"}],"replies":[{"embeddable":true,"href":"https:\/\/tengerdi.hu\/de\/wp-json\/wp\/v2\/comments?post=1513"}],"version-history":[{"count":46,"href":"https:\/\/tengerdi.hu\/de\/wp-json\/wp\/v2\/pages\/1513\/revisions"}],"predecessor-version":[{"id":2594,"href":"https:\/\/tengerdi.hu\/de\/wp-json\/wp\/v2\/pages\/1513\/revisions\/2594"}],"wp:attachment":[{"href":"https:\/\/tengerdi.hu\/de\/wp-json\/wp\/v2\/media?parent=1513"}],"curies":[{"name":"wp","href":"https:\/\/api.w.org\/{rel}","templated":true}]}}