{"id":1439,"date":"2023-02-24T12:11:00","date_gmt":"2023-02-24T12:11:00","guid":{"rendered":"http:\/\/tengerdi.hu\/?page_id=1439"},"modified":"2026-03-11T08:10:14","modified_gmt":"2026-03-11T08:10:14","slug":"foglalas-csomagok","status":"publish","type":"page","link":"https:\/\/tengerdi.hu\/de\/foglalas-csomagok\/","title":{"rendered":"Reservierung"},"content":{"rendered":"<div class=\"wpb-content-wrapper\"><p>[vc_row el_id=&#187;intro&#187;][vc_column][vc_custom_heading text=&#187;Online&#187; font_container=&#187;tag:h1|font_size:60%20px|text_align:center|color:%23c5ab6b|line_height:65%20px&#187; google_fonts=&#187;font_family:Great%20Vibes%3Aregular|font_style:400%20regular%3A400%3Anormal&#187;][vc_custom_heading text=&#187;Reservierung&#187; font_container=&#187;tag:h2|font_size:50%20px|text_align:center|color:%23303030|line_height:55%20px&#187; use_theme_fonts=&#187;yes&#187;]<div class=\"hr-thin style-double\" style=\"width: 10%;border-top-width: 3px;\"><\/div>[\/vc_column][\/vc_row][vc_row css=&#187;.vc_custom_1713556621756{padding-bottom: 30px !important;background-color: #f4f4f4 !important;}&#187;][vc_column][vc_column_text css=&#187;.vc_custom_1773215749803{padding-top: 30px !important;}&#187;]<\/p>\n<h4 style=\"text-align: center;\"><strong>\u00c9ljen m\u00e1jus elseje! <\/strong><\/h4>\n<p>&nbsp;<\/p>\n<p><strong>Foglalhat\u00f3 id\u0151pont: <\/strong>2026.04.30 \u2013 05.03.<\/p>\n<p><strong>A csomag le\u00edr\u00e1sa: <\/strong>K\u00e9t f\u0151, b\u00fcf\u00e9 reggeli, egy palack bor bek\u00e9sz\u00edt\u00e9se, n\u00e9gy \u00f3ra ker\u00e9kp\u00e1rhaszn\u00e1lat, sz\u00e1ll\u00e1s k\u00e9t\u00e1gyas standard szob\u00e1ban.<\/p>\n<p>&nbsp;<\/p>\n<p><strong>Ingyenes szolg\u00e1ltat\u00e1sok: <\/strong> wellness, fitnesz, streetworkout, j\u00e1tsz\u00f3t\u00e9r, trezor, WiFi, kamer\u00e1s parkol\u00f3, sv\u00e9dasztalos reggeli, kl\u00edma<\/p>\n<p><strong>Csomag \u00e1r:<\/strong><br \/>\nk\u00e9t f\u0151\/k\u00e9t \u00e9j: 59 990 Ft<br \/>\nk\u00e9t f\u0151\/h\u00e1rom \u00e9j: 89 990 Ft<\/p>\n<p><strong>\u00c9rkez\u00e9s:<\/strong> 14:00 \u00f3r\u00e1t\u00f3l<\/p>\n<p><strong>Elutaz\u00e1s:<\/strong> 10:00 \u00f3r\u00e1ig<\/p>\n<p><strong>Idegenforgalmi ad\u00f3:<\/strong> 500 Ft\/\u00e9j\/feln\u0151tt<\/p>\n<p>&nbsp;<\/p>\n<p>Gyerek \u00e9rkez\u00e9se eset\u00e9n k\u00e9rje egyedi aj\u00e1nlatunkat: <a href=\"mailto:hotel@tengerdi.hu\">hotel@tengerdi.hu<\/a><\/p>\n<p><strong>Gyerek\u00e1rak:<\/strong><\/p>\n<table width=\"1130\">\n<tbody>\n<tr>\n<td width=\"103\"><strong>\u00c9letkor<\/strong><\/td>\n<td width=\"1027\"><strong>A teljes \u00e1r ar\u00e1nya<\/strong><\/td>\n<\/tr>\n<tr>\n<td width=\"103\">0-1<\/td>\n<td width=\"1027\">15 %<\/td>\n<\/tr>\n<tr>\n<td width=\"103\">1-3<\/td>\n<td width=\"1027\">25 %<\/td>\n<\/tr>\n<tr>\n<td width=\"103\">3-6<\/td>\n<td width=\"1027\">40 %<\/td>\n<\/tr>\n<tr>\n<td width=\"103\">6-10<\/td>\n<td width=\"1027\">50 %<\/td>\n<\/tr>\n<tr>\n<td width=\"103\">10-14<\/td>\n<td width=\"1027\">70 %<\/td>\n<\/tr>\n<tr>\n<td width=\"103\">14-16<\/td>\n<td width=\"1027\">85 %<\/td>\n<\/tr>\n<tr>\n<td width=\"103\">16-t\u00f3l<\/td>\n<td width=\"1027\">100 %<\/td>\n<\/tr>\n<\/tbody>\n<\/table>\n<p>&nbsp;<\/p>\n<p><strong>Foglal\u00f3:<\/strong> 30&nbsp;000 Ft\/csomag[\/vc_column_text]<style type=\"text\/css\" data-type=\"the7_shortcodes-inline-css\">#default-btn-cee83396b955747e85f819c6321f1d7d.ico-right-side > i {\n  margin-right: 0px;\n  margin-left: 8px;\n}\n#default-btn-cee83396b955747e85f819c6321f1d7d > i {\n  margin-right: 8px;\n}<\/style><div class=\"btn-align-center\"><a href=\"#foglalas\" class=\"default-btn-shortcode dt-btn dt-btn-m link-hover-off \" id=\"default-btn-cee83396b955747e85f819c6321f1d7d\"><span>Foglal\u00e1s most<\/span><\/a><\/div>[\/vc_column][\/vc_row][vc_row css=&#187;.vc_custom_1713556630862{margin-top: 20px !important;padding-bottom: 30px !important;background-color: #f4f4f4 !important;}&#187;][vc_column][vc_column_text css=&#187;.vc_custom_1773215961231{padding-top: 30px !important;}&#187;]<\/p>\n<h4 style=\"text-align: center;\"><strong>A Viktor Bor- \u00e9s Vend\u00e9gh\u00e1z kedvezm\u00e9nyes csomagjai<\/strong><\/h4>\n<p>&nbsp;<\/p>\n<p style=\"text-align: left;\"><strong>Foglalhat\u00f3 id\u0151pontok:<\/strong> 2026.05.03-09.26.<\/p>\n<p><strong>A csomag le\u00edr\u00e1sa:<\/strong> K\u00e9t f\u0151, k\u00e9t \u00e9j, h\u00e1rom nap, b\u00fcf\u00e9 reggeli \u00e9s sz\u00e1ll\u00e1s k\u00e9t\u00e1gyas standard szob\u00e1ban<\/p>\n<p><strong>Ingyenes szolg\u00e1ltat\u00e1sok:<\/strong> wellness, fitnesz, streetworkout, j\u00e1tsz\u00f3t\u00e9r, trezor, WiFi, kamer\u00e1s parkol\u00f3, 4 \u00f3ra bringahaszn\u00e1lat, ingyenes strandbel\u00e9p\u00e9s a k\u00f6zponti fizet\u0151 strandra (100 m), sv\u00e9dasztalos reggeli, kl\u00edma<\/p>\n<p><strong>Csomag alap\u00e1r:<\/strong> 44 990 Ft\/2 f\u0151\/2 \u00e9j\/3 nap<\/p>\n<p><strong>\u00c9rkez\u00e9s:<\/strong> 14:00 \u00f3r\u00e1t\u00f3l<\/p>\n<p><strong>Elutaz\u00e1s:<\/strong> 10:00 \u00f3r\u00e1ig<\/p>\n<p><strong>Balkon fel\u00e1r:<\/strong> 2 990 Ft\/csomag<\/p>\n<p><strong>Pr\u00e9mium balkonos szoba fel\u00e1r:<\/strong> 4 490 Ft\/csomag<\/p>\n<p><strong>Idegenforgalmi ad\u00f3:<\/strong> 500 Ft\/\u00e9j\/feln\u0151tt<\/p>\n<p><strong>Fel\u00e1rak<\/strong><\/p>\n<ol>\n<li>04.21-06.26. \u00e9s 08.31-09.21, kiv\u00e9ve p\u00fcnk\u00f6sd: alap\u00e1r<\/li>\n<li>06.27-07.17-ig \u00e9s 05.22-25 p\u00fcnk\u00f6sd: f\u0151szezoni fel\u00e1r: 24 990 Ft\/csomag<\/li>\n<li>07.18-08.30 \u00e9s 04.18-21: kiemelt f\u0151szezoni fel\u00e1r: 38 990 Ft\/csomag<\/li>\n<\/ol>\n<p>Gyerek \u00e9rkez\u00e9se eset\u00e9n k\u00e9rje egyedi aj\u00e1nlatunkat: <a href=\"mailto:hotel@tengerdi.hu\">hotel@tengerdi.hu<\/a><\/p>\n<p><strong>Gyerek\u00e1rak:<\/strong><\/p>\n<table width=\"1130\">\n<tbody>\n<tr>\n<td width=\"103\"><strong>\u00c9letkor<\/strong><\/td>\n<td width=\"1027\"><strong>A teljes \u00e1r ar\u00e1nya<\/strong><\/td>\n<\/tr>\n<tr>\n<td width=\"103\">0-1<\/td>\n<td width=\"1027\">15 %<\/td>\n<\/tr>\n<tr>\n<td width=\"103\">1-3<\/td>\n<td width=\"1027\">25 %<\/td>\n<\/tr>\n<tr>\n<td width=\"103\">3-6<\/td>\n<td width=\"1027\">40 %<\/td>\n<\/tr>\n<tr>\n<td width=\"103\">6-10<\/td>\n<td width=\"1027\">50 %<\/td>\n<\/tr>\n<tr>\n<td width=\"103\">10-14<\/td>\n<td width=\"1027\">70 %<\/td>\n<\/tr>\n<tr>\n<td width=\"103\">14-16<\/td>\n<td width=\"1027\">85 %<\/td>\n<\/tr>\n<tr>\n<td width=\"103\">16-t\u00f3l<\/td>\n<td width=\"1027\">100 %<\/td>\n<\/tr>\n<\/tbody>\n<\/table>\n<p>&nbsp;<\/p>\n<p><strong>Foglal\u00f3:<\/strong> 30&nbsp;000 Ft\/csomag[\/vc_column_text]<style type=\"text\/css\" data-type=\"the7_shortcodes-inline-css\">#default-btn-cee83396b955747e85f819c6321f1d7d.ico-right-side > i {\n  margin-right: 0px;\n  margin-left: 8px;\n}\n#default-btn-cee83396b955747e85f819c6321f1d7d > i {\n  margin-right: 8px;\n}<\/style><div class=\"btn-align-center\"><a href=\"#foglalas\" class=\"default-btn-shortcode dt-btn dt-btn-m link-hover-off \" id=\"default-btn-cee83396b955747e85f819c6321f1d7d\"><span>Foglal\u00e1s most<\/span><\/a><\/div>[\/vc_column][\/vc_row][vc_row el_id=&#187;foglalas&#187;][vc_column][vc_column_text css=&#187;&#187;]Kedvezm\u00e9nyes Csomag aj\u00e1nlatainkat az al\u00e1bbi \u0171rlap seg\u00edts\u00e9g\u00e9vel tudja lefoglalni. Az \u0171rlap be\u00e9rkez\u00e9s\u00e9t k\u00f6vet\u0151en felvessz\u00fck \u00d6nnel a kapcsolatot.<\/p>\n<h3 style=\"text-align: center;\">FOGLAL\u00c1S K\u00dcLD\u00c9SE:<\/h3>\n<div class=\"wpforms-container wpforms-container-full\" id=\"wpforms-1894\"><form id=\"wpforms-form-1894\" class=\"wpforms-validate wpforms-form wpforms-ajax-form\" data-formid=\"1894\" method=\"post\" enctype=\"multipart\/form-data\" action=\"\/de\/wp-json\/wp\/v2\/pages\/1439\" data-token=\"b5354da19cc8d1076f95c4150104f841\" data-token-time=\"1776579109\"><noscript class=\"wpforms-error-noscript\">Bitte aktivieren Sie JavaScript in Ihrem Browser, um dieses Formular fertigzustellen.<\/noscript><div class=\"wpforms-field-container\"><div id=\"wpforms-1894-field_12-container\" class=\"wpforms-field wpforms-field-text\" data-field-id=\"12\"><label class=\"wpforms-field-label\" for=\"wpforms-1894-field_12\">N\u00e9v <span class=\"wpforms-required-label\">*<\/span><\/label><input type=\"text\" id=\"wpforms-1894-field_12\" class=\"wpforms-field-medium wpforms-field-required\" name=\"wpforms[fields][12]\" required><\/div><div id=\"wpforms-1894-field_3-container\" class=\"wpforms-field wpforms-field-email\" data-field-id=\"3\"><label class=\"wpforms-field-label\" for=\"wpforms-1894-field_3\">Email <span class=\"wpforms-required-label\">*<\/span><\/label><input type=\"email\" id=\"wpforms-1894-field_3\" class=\"wpforms-field-medium wpforms-field-required\" name=\"wpforms[fields][3]\" spellcheck=\"false\" required><\/div><div id=\"wpforms-1894-field_7-container\" class=\"wpforms-field wpforms-field-number\" data-field-id=\"7\"><label class=\"wpforms-field-label\" for=\"wpforms-1894-field_7\">L\u00e9tsz\u00e1m <span class=\"wpforms-required-label\">*<\/span><\/label><input type=\"number\" id=\"wpforms-1894-field_7\" class=\"wpforms-field-medium wpforms-field-required\" name=\"wpforms[fields][7]\" step=\"any\" required><\/div><div id=\"wpforms-1894-field_9-container\" class=\"wpforms-field wpforms-field-text\" data-field-id=\"9\"><label class=\"wpforms-field-label\" for=\"wpforms-1894-field_9\">Terminus <span class=\"wpforms-required-label\">*<\/span><\/label><input type=\"text\" id=\"wpforms-1894-field_9\" class=\"wpforms-field-medium wpforms-field-required\" name=\"wpforms[fields][9]\" required><\/div><div id=\"wpforms-1894-field_13-container\" class=\"wpforms-field wpforms-field-select wpforms-field-select-style-modern\" data-field-id=\"13\"><label class=\"wpforms-field-label\" for=\"wpforms-1894-field_13\">Csomag megnevez\u00e9se <span class=\"wpforms-required-label\">*<\/span><\/label><select id=\"wpforms-1894-field_13\" class=\"wpforms-field-large wpforms-field-required choicesjs-select\" data-size-class=\"wpforms-field-row wpforms-field-large\" data-search-enabled=\"\" name=\"wpforms[fields][13]\" required=\"required\"><option value=\"\" class=\"placeholder\" disabled  selected='selected'>K\u00e9rj\u00fck v\u00e1lasszon...<\/option><option value=\"H\u00fasv\u00e9ti kedvezm\u00e9nyes csomag\"  class=\"choice-2 depth-1\"  >H\u00fasv\u00e9ti kedvezm\u00e9nyes csomag<\/option><option value=\"A Viktor Bor- \u00e9s Vend\u00e9gh\u00e1z kedvezm\u00e9nyes csomagjai\"  class=\"choice-1 depth-1\"  >A Viktor Bor- \u00e9s Vend\u00e9gh\u00e1z kedvezm\u00e9nyes csomagjai<\/option><\/select><\/div><\/div><!-- .wpforms-field-container --><div class=\"wpforms-submit-container\" ><input type=\"hidden\" name=\"wpforms[id]\" value=\"1894\"><input type=\"hidden\" name=\"page_title\" value=\"\"><input type=\"hidden\" name=\"page_url\" value=\"https:\/\/tengerdi.hu\/de\/wp-json\/wp\/v2\/pages\/1439\"><input type=\"hidden\" name=\"url_referer\" value=\"\"><button type=\"submit\" name=\"wpforms[submit]\" id=\"wpforms-submit-1894\" class=\"wpforms-submit\" data-alt-text=\"K\u00fcld\u00e9s...\" data-submit-text=\"K\u00fcld\u00e9s\" aria-live=\"assertive\" value=\"wpforms-submit\">K\u00fcld\u00e9s<\/button><img loading=\"lazy\" decoding=\"async\" src=\"https:\/\/tengerdi.hu\/wp-content\/plugins\/wpforms-lite\/assets\/images\/submit-spin.svg\" class=\"wpforms-submit-spinner\" style=\"display: none;\" width=\"26\" height=\"26\" alt=\"Wird geladen\"><\/div><\/form><\/div>  <!-- .wpforms-container -->[\/vc_column_text][\/vc_column][\/vc_row][vc_row][vc_column][vc_column_text]<!-- Hotelgram IBE start --><br \/>\n<script type=\"text\/javascript\" src=\"https:\/\/booking.hotelgram.com\/iframe\/\"><\/script><br \/>\n<iframe loading=\"lazy\" id=\"hotelgram-booking-iframe\" src=\"https:\/\/booking.hotelgram.com\/?hotId=749952&#038;hideTabs=reservation&#038;lang=de&#038;redirectUrl=https:\/\/tengerdi.hu\/de\/thankyou&#038;redirectType=parent\" name=\"hotelgram-booking-iframe\" width=\"100%\" height=\"2000\" frameborder=\"0\" scrolling=\"no\"><\/iframe><br \/>\n<!-- Hotelgram IBE end -->[\/vc_column_text][\/vc_column][\/vc_row]<\/p>\n<\/div>","protected":false},"excerpt":{"rendered":"<p>[vc_row el_id=&#187;intro&#187;][vc_column][vc_custom_heading text=&#187;Online&#187; font_container=&#187;tag:h1|font_size:60%20px|text_align:center|color:%23c5ab6b|line_height:65%20px&#187; google_fonts=&#187;font_family:Great%20Vibes%3Aregular|font_style:400%20regular%3A400%3Anormal&#187;][vc_custom_heading text=&#187;Reservierung&#187; font_container=&#187;tag:h2|font_size:50%20px|text_align:center|color:%23303030|line_height:55%20px&#187; use_theme_fonts=&#187;yes&#187;][\/vc_column][\/vc_row][vc_row css=&#187;.vc_custom_1713556621756{padding-bottom: 30px !important;background-color: #f4f4f4 !important;}&#187;][vc_column][vc_column_text css=&#187;.vc_custom_1773215749803{padding-top: 30px !important;}&#187;] \u00c9ljen m\u00e1jus elseje! &nbsp; Foglalhat\u00f3 id\u0151pont: 2026.04.30 \u2013 05.03. A csomag le\u00edr\u00e1sa: K\u00e9t f\u0151, b\u00fcf\u00e9 reggeli, egy palack bor bek\u00e9sz\u00edt\u00e9se, n\u00e9gy \u00f3ra ker\u00e9kp\u00e1rhaszn\u00e1lat, sz\u00e1ll\u00e1s k\u00e9t\u00e1gyas standard szob\u00e1ban. &nbsp; Ingyenes szolg\u00e1ltat\u00e1sok: wellness, fitnesz, streetworkout, j\u00e1tsz\u00f3t\u00e9r, trezor, WiFi, kamer\u00e1s parkol\u00f3, sv\u00e9dasztalos&hellip;<\/p>\n","protected":false},"author":3,"featured_media":0,"parent":0,"menu_order":0,"comment_status":"closed","ping_status":"closed","template":"","meta":{"footnotes":""},"class_list":["post-1439","page","type-page","status-publish","hentry","description-off"],"yoast_head":"<!-- This site is optimized with the Yoast SEO plugin v27.1.1 - https:\/\/yoast.com\/product\/yoast-seo-wordpress\/ -->\n<title>Reservierung<\/title>\n<meta name=\"robots\" content=\"index, follow, max-snippet:-1, max-image-preview:large, max-video-preview:-1\" \/>\n<link rel=\"canonical\" href=\"https:\/\/tengerdi.hu\/de\/foglalas-csomagok\/\" \/>\n<meta property=\"og:locale\" content=\"de_DE\" \/>\n<meta property=\"og:locale:alternate\" content=\"hu_HU\" \/>\n<meta property=\"og:locale:alternate\" content=\"en_US\" \/>\n<meta property=\"og:locale:alternate\" content=\"\u010ce\u0161tina\" \/>\n<meta property=\"og:locale:alternate\" content=\"Polski\" \/>\n<meta property=\"og:type\" content=\"article\" \/>\n<meta property=\"og:title\" content=\"Reservierung\" \/>\n<meta property=\"og:description\" content=\"[vc_row el_id=&#187;intro&#187;][vc_column][vc_custom_heading text=&#187;Online&#187; font_container=&#187;tag:h1|font_size:60%20px|text_align:center|color:%23c5ab6b|line_height:65%20px&#187; google_fonts=&#187;font_family:Great%20Vibes%3Aregular|font_style:400%20regular%3A400%3Anormal&#187;][vc_custom_heading text=&#187;Reservierung&#187; font_container=&#187;tag:h2|font_size:50%20px|text_align:center|color:%23303030|line_height:55%20px&#187; use_theme_fonts=&#187;yes&#187;][\/vc_column][\/vc_row][vc_row css=&#187;.vc_custom_1713556621756{padding-bottom: 30px !important;background-color: #f4f4f4 !important;}&#187;][vc_column][vc_column_text css=&#187;.vc_custom_1773215749803{padding-top: 30px !important;}&#187;] \u00c9ljen m\u00e1jus elseje! &nbsp; Foglalhat\u00f3 id\u0151pont: 2026.04.30 \u2013 05.03. A csomag le\u00edr\u00e1sa: K\u00e9t f\u0151, b\u00fcf\u00e9 reggeli, egy palack bor bek\u00e9sz\u00edt\u00e9se, n\u00e9gy \u00f3ra ker\u00e9kp\u00e1rhaszn\u00e1lat, sz\u00e1ll\u00e1s k\u00e9t\u00e1gyas standard szob\u00e1ban. &nbsp; Ingyenes szolg\u00e1ltat\u00e1sok: wellness, fitnesz, streetworkout, j\u00e1tsz\u00f3t\u00e9r, trezor, WiFi, kamer\u00e1s parkol\u00f3, sv\u00e9dasztalos&hellip;\" \/>\n<meta property=\"og:url\" content=\"https:\/\/tengerdi.hu\/de\/foglalas-csomagok\/\" \/>\n<meta property=\"og:site_name\" content=\"Viktor Bor- \u00e9s Vend\u00e9gh\u00e1z **** \/ Wein- und Gasthaus Viktor ****\" \/>\n<meta property=\"article:modified_time\" content=\"2026-03-11T08:10:14+00:00\" \/>\n<meta name=\"twitter:card\" content=\"summary_large_image\" \/>\n<meta name=\"twitter:label1\" content=\"Gesch\u00e4tzte Lesezeit\" \/>\n\t<meta name=\"twitter:data1\" content=\"2\u00a0Minuten\" \/>\n<script type=\"application\/ld+json\" class=\"yoast-schema-graph\">{\"@context\":\"https:\/\/schema.org\",\"@graph\":[{\"@type\":\"WebPage\",\"@id\":\"https:\/\/tengerdi.hu\/de\/foglalas-csomagok\/\",\"url\":\"https:\/\/tengerdi.hu\/de\/foglalas-csomagok\/\",\"name\":\"Reservierung\",\"isPartOf\":{\"@id\":\"https:\/\/tengerdi.hu\/#website\"},\"datePublished\":\"2023-02-24T12:11:00+00:00\",\"dateModified\":\"2026-03-11T08:10:14+00:00\",\"breadcrumb\":{\"@id\":\"https:\/\/tengerdi.hu\/de\/foglalas-csomagok\/#breadcrumb\"},\"inLanguage\":\"Deutschland\",\"potentialAction\":[{\"@type\":\"ReadAction\",\"target\":[\"https:\/\/tengerdi.hu\/de\/foglalas-csomagok\/\"]}]},{\"@type\":\"BreadcrumbList\",\"@id\":\"https:\/\/tengerdi.hu\/de\/foglalas-csomagok\/#breadcrumb\",\"itemListElement\":[{\"@type\":\"ListItem\",\"position\":1,\"name\":\"Kezd\u0151lap\",\"item\":\"https:\/\/tengerdi.hu\/\"},{\"@type\":\"ListItem\",\"position\":2,\"name\":\"Reservierung\"}]},{\"@type\":\"WebSite\",\"@id\":\"https:\/\/tengerdi.hu\/#website\",\"url\":\"https:\/\/tengerdi.hu\/\",\"name\":\"Viktor Bor- \u00e9s Vend\u00e9gh\u00e1z **** \/ Wein- und Gasthaus Viktor ****\",\"description\":\"... A Balaton vend\u00e9geinek...\",\"potentialAction\":[{\"@type\":\"SearchAction\",\"target\":{\"@type\":\"EntryPoint\",\"urlTemplate\":\"https:\/\/tengerdi.hu\/?s={search_term_string}\"},\"query-input\":{\"@type\":\"PropertyValueSpecification\",\"valueRequired\":true,\"valueName\":\"search_term_string\"}}],\"inLanguage\":\"Deutschland\"}]}<\/script>\n<!-- \/ Yoast SEO plugin. -->","yoast_head_json":{"title":"Reservierung","robots":{"index":"index","follow":"follow","max-snippet":"max-snippet:-1","max-image-preview":"max-image-preview:large","max-video-preview":"max-video-preview:-1"},"canonical":"https:\/\/tengerdi.hu\/de\/foglalas-csomagok\/","og_locale":"de_DE","og_type":"article","og_title":"[:hu]Kedvezm\u00e9nyes csomagok foglal\u00e1sa[:de]Reservierung[:en]Booking[:] - Viktor Bor- \u00e9s Vend\u00e9gh\u00e1z **** \/ Wein- und Gasthaus Viktor ****","og_description":"[vc_row el_id=&#187;intro&#187;][vc_column][vc_custom_heading text=&#187;Online&#187; font_container=&#187;tag:h1|font_size:60%20px|text_align:center|color:%23c5ab6b|line_height:65%20px&#187; google_fonts=&#187;font_family:Great%20Vibes%3Aregular|font_style:400%20regular%3A400%3Anormal&#187;][vc_custom_heading text=&#187;Reservierung&#187; font_container=&#187;tag:h2|font_size:50%20px|text_align:center|color:%23303030|line_height:55%20px&#187; use_theme_fonts=&#187;yes&#187;][\/vc_column][\/vc_row][vc_row css=&#187;.vc_custom_1713556621756{padding-bottom: 30px !important;background-color: #f4f4f4 !important;}&#187;][vc_column][vc_column_text css=&#187;.vc_custom_1773215749803{padding-top: 30px !important;}&#187;] \u00c9ljen m\u00e1jus elseje! &nbsp; Foglalhat\u00f3 id\u0151pont: 2026.04.30 \u2013 05.03. A csomag le\u00edr\u00e1sa: K\u00e9t f\u0151, b\u00fcf\u00e9 reggeli, egy palack bor bek\u00e9sz\u00edt\u00e9se, n\u00e9gy \u00f3ra ker\u00e9kp\u00e1rhaszn\u00e1lat, sz\u00e1ll\u00e1s k\u00e9t\u00e1gyas standard szob\u00e1ban. &nbsp; Ingyenes szolg\u00e1ltat\u00e1sok: wellness, fitnesz, streetworkout, j\u00e1tsz\u00f3t\u00e9r, trezor, WiFi, kamer\u00e1s parkol\u00f3, sv\u00e9dasztalos&hellip;","og_url":"https:\/\/tengerdi.hu\/de\/foglalas-csomagok\/","og_site_name":"Viktor Bor- \u00e9s Vend\u00e9gh\u00e1z **** \/ Wein- und Gasthaus Viktor ****","article_modified_time":"2026-03-11T08:10:14+00:00","twitter_card":"summary_large_image","twitter_misc":{"Gesch\u00e4tzte Lesezeit":"2\u00a0Minuten"},"schema":{"@context":"https:\/\/schema.org","@graph":[{"@type":"WebPage","@id":"https:\/\/tengerdi.hu\/de\/foglalas-csomagok\/","url":"https:\/\/tengerdi.hu\/de\/foglalas-csomagok\/","name":"Reservierung","isPartOf":{"@id":"https:\/\/tengerdi.hu\/#website"},"datePublished":"2023-02-24T12:11:00+00:00","dateModified":"2026-03-11T08:10:14+00:00","breadcrumb":{"@id":"https:\/\/tengerdi.hu\/de\/foglalas-csomagok\/#breadcrumb"},"inLanguage":"Deutschland","potentialAction":[{"@type":"ReadAction","target":["https:\/\/tengerdi.hu\/de\/foglalas-csomagok\/"]}]},{"@type":"BreadcrumbList","@id":"https:\/\/tengerdi.hu\/de\/foglalas-csomagok\/#breadcrumb","itemListElement":[{"@type":"ListItem","position":1,"name":"Kezd\u0151lap","item":"https:\/\/tengerdi.hu\/"},{"@type":"ListItem","position":2,"name":"Reservierung"}]},{"@type":"WebSite","@id":"https:\/\/tengerdi.hu\/#website","url":"https:\/\/tengerdi.hu\/","name":"Viktor Bor- \u00e9s Vend\u00e9gh\u00e1z **** \/ Wein- und Gasthaus Viktor ****","description":"... A Balaton vend\u00e9geinek...","potentialAction":[{"@type":"SearchAction","target":{"@type":"EntryPoint","urlTemplate":"https:\/\/tengerdi.hu\/?s={search_term_string}"},"query-input":{"@type":"PropertyValueSpecification","valueRequired":true,"valueName":"search_term_string"}}],"inLanguage":"Deutschland"}]}},"_links":{"self":[{"href":"https:\/\/tengerdi.hu\/de\/wp-json\/wp\/v2\/pages\/1439","targetHints":{"allow":["GET"]}}],"collection":[{"href":"https:\/\/tengerdi.hu\/de\/wp-json\/wp\/v2\/pages"}],"about":[{"href":"https:\/\/tengerdi.hu\/de\/wp-json\/wp\/v2\/types\/page"}],"author":[{"embeddable":true,"href":"https:\/\/tengerdi.hu\/de\/wp-json\/wp\/v2\/users\/3"}],"replies":[{"embeddable":true,"href":"https:\/\/tengerdi.hu\/de\/wp-json\/wp\/v2\/comments?post=1439"}],"version-history":[{"count":25,"href":"https:\/\/tengerdi.hu\/de\/wp-json\/wp\/v2\/pages\/1439\/revisions"}],"predecessor-version":[{"id":3403,"href":"https:\/\/tengerdi.hu\/de\/wp-json\/wp\/v2\/pages\/1439\/revisions\/3403"}],"wp:attachment":[{"href":"https:\/\/tengerdi.hu\/de\/wp-json\/wp\/v2\/media?parent=1439"}],"curies":[{"name":"wp","href":"https:\/\/api.w.org\/{rel}","templated":true}]}}