{"id":1366,"date":"2023-02-23T19:12:43","date_gmt":"2023-02-23T19:12:43","guid":{"rendered":"http:\/\/tengerdi.hu\/?page_id=1366"},"modified":"2025-03-16T17:33:18","modified_gmt":"2025-03-16T17:33:18","slug":"kezdolap-uj","status":"publish","type":"page","link":"https:\/\/tengerdi.hu\/de\/","title":{"rendered":"Willkommen"},"content":{"rendered":"<div class=\"wpb-content-wrapper\"><p>[vc_row content_placement=&#187;top&#187;][vc_column width=&#187;1\/2&#8243; el_class=&#187;dpano&#187; offset=&#187;vc_hidden-sm vc_hidden-xs&#187; css=&#187;.vc_custom_1677180966389{margin-top: -300px !important;}&#187;]<div class=\"dt-fancy-separator\" style=\"width: 100%;\"><div class=\"dt-fancy-title\" style=\"color: #ffffff;\"><span class=\"separator-holder separator-left\"><\/span>3D pano Wein und Gasthaus Viktor<span class=\"separator-holder separator-right\"><\/span><\/div><\/div>[vc_single_image image=&#187;113&#8243; img_size=&#187;full&#187; alignment=&#187;center&#187; style=&#187;vc_box_border&#187; border_color=&#187;white&#187; onclick=&#187;custom_link&#187; img_link_target=&#187;_blank&#187; css=&#187;.vc_custom_1687887908746{padding-top: 30px !important;}&#187; image_hovers=&#187;false&#187; link=&#187;https:\/\/www.3dpano.hu\/Viktor_vendeghaz\/&#187;][\/vc_column][vc_column width=&#187;1\/2&#8243; el_class=&#187;dpano&#187; offset=&#187;vc_hidden-sm vc_hidden-xs&#187; css=&#187;.vc_custom_1677180975490{margin-top: -300px !important;}&#187;]<div class=\"dt-fancy-separator\" style=\"width: 100%;\"><div class=\"dt-fancy-title\" style=\"color: #ffffff;\"><span class=\"separator-holder separator-left\"><\/span>3D Pano Fr\u00f6ccsterasz- und Strandgrill Erika<span class=\"separator-holder separator-right\"><\/span><\/div><\/div>[vc_single_image image=&#187;114&#8243; img_size=&#187;full&#187; alignment=&#187;center&#187; style=&#187;vc_box_border&#187; border_color=&#187;white&#187; onclick=&#187;custom_link&#187; img_link_target=&#187;_blank&#187; css=&#187;.vc_custom_1687887917461{padding-top: 30px !important;}&#187; image_hovers=&#187;false&#187; link=&#187;https:\/\/www.3dpano.hu\/Viktor_Strand_bufe\/&#187;][\/vc_column][\/vc_row][vc_row content_placement=&#187;top&#187;][vc_column width=&#187;1\/2&#8243; offset=&#187;vc_hidden-lg vc_hidden-md&#187;]<div class=\"dt-fancy-separator\" style=\"width: 100%;\"><div class=\"dt-fancy-title\"><span class=\"separator-holder separator-left\"><\/span>3D pano Wein und Gasthaus Viktor<span class=\"separator-holder separator-right\"><\/span><\/div><\/div>[vc_single_image image=&#187;113&#8243; img_size=&#187;full&#187; alignment=&#187;center&#187; style=&#187;vc_box_border&#187; border_color=&#187;white&#187; onclick=&#187;custom_link&#187; img_link_target=&#187;_blank&#187; css=&#187;.vc_custom_1677179650926{padding-top: 30px !important;}&#187; image_hovers=&#187;false&#187; link=&#187;http:\/\/www.3dpano.hu\/Viktor_vendeghaz\/&#187;][\/vc_column][vc_column width=&#187;1\/2&#8243; offset=&#187;vc_hidden-lg vc_hidden-md&#187;]<div class=\"dt-fancy-separator\" style=\"width: 100%;\"><div class=\"dt-fancy-title\"><span class=\"separator-holder separator-left\"><\/span>3D Pano Fr\u00f6ccsterasz- und Strandgrill Erika<span class=\"separator-holder separator-right\"><\/span><\/div><\/div>[vc_single_image image=&#187;114&#8243; img_size=&#187;full&#187; alignment=&#187;center&#187; style=&#187;vc_box_border&#187; border_color=&#187;white&#187; onclick=&#187;custom_link&#187; img_link_target=&#187;_blank&#187; css=&#187;.vc_custom_1677179656621{padding-top: 30px !important;}&#187; image_hovers=&#187;false&#187; link=&#187;http:\/\/www.3dpano.hu\/Viktor_Strand_bufe\/&#187;][\/vc_column][\/vc_row][vc_row equal_height=&#187;yes&#187;][vc_column width=&#187;1\/2&#8243; offset=&#187;vc_hidden-sm vc_hidden-xs&#187;][vc_single_image image=&#187;141&#8243; img_size=&#187;full&#187; image_hovers=&#187;false&#187;][\/vc_column][vc_column width=&#187;1\/2&#8243;][vc_custom_heading text=&#187;Liebe G\u00e4ste,&#187; font_container=&#187;tag:h2|font_size:40px|text_align:left|color:%23c5ab6b|line_height:45px&#187; google_fonts=&#187;font_family:Great%20Vibes%3Aregular|font_style:400%20regular%3A400%3Anormal&#187;][vc_column_text css=&#187;&#187;]<\/p>\n<h4 style=\"font-weight: 400;\">Willkommen auf der Webseite Tengerdi G.m.b.H.!<\/h4>\n<p>&nbsp;<\/p>\n<p style=\"font-weight: 400;\">Hier finden Sie touristische Dienstleistungen und Attraktionen, die Ihnen dabei helfen, mit angenehmen und unvergesslichen Erlebnissen von der K\u00fcste des Ungarischen Meeres nach Hause zur\u00fcckzukehren.<\/p>\n<p style=\"font-weight: 400;\">Wir bieten Ihnen und Ihrer Familie eine hochwertige Pension, eine der sch\u00f6nsten Gewerbeunterk\u00fcnfte in Balatonm\u00e1riaf\u00fcrd\u0151, Wein- und Gasthaus Viktor. Das Haus und seine Ausstattung wurden in den Jahren 2023 und 2025 erneuert. Im Viktor k\u00f6nnen Sie neben Standard- und Premiumzimmern auch die Dienstleistungen der Bibliothek, Wellness, Fitness, Spielplatz und die Weine unseres eigenen Weinguts genie\u00dfen. Die im Jahr 2023 eingerichteten Premium-Zimmer verf\u00fcgen ausnahmslos \u00fcber eine Grundfl\u00e4che von mehr als 30 m2 und erwarten ihre G\u00e4ste mit einem Gro\u00dfbild-TV, einzigartigem Design, Farben und M\u00f6beln sowie schallisolierten W\u00e4nden. Unsere Weine k\u00f6nnen nicht nur vor Ort getrunken werden, sondern k\u00f6nnen auch in unserer Vinothek in verg\u00fcnstigten Verpackungen und Preisen erworben werden.<\/p>\n<p>[\/vc_column_text][\/vc_column][\/vc_row][vc_row][vc_column offset=&#187;vc_hidden-lg vc_hidden-md&#187;][vc_single_image image=&#187;141&#8243; img_size=&#187;full&#187; image_hovers=&#187;false&#187;][\/vc_column][\/vc_row][vc_row][vc_column][vc_column_text css=&#187;&#187;]<\/p>\n<p style=\"font-weight: 400;\">Am 100 m entfernten F\u00fcnf-Sterne-Strand von Balatonm\u00e1riaf\u00fcrd\u0151, ausgezeichnet mit der Flagge der Blauen Welle, finden Sie unser Strand-Fastfood Fr\u00f6ccterasz und Strandgrill Erika, wo wir Strandbesucher mit modernem Strandessen und traditionellen Strandgerichten begr\u00fc\u00dfen. Unsere Fr\u00f6ccs-Karte umfasst alle bekannten und viele besondere Fr\u00f6ccs-Sorten \u2013 zus\u00e4tzlich k\u00f6nnen Sie die Strandgerichte mit lokal hergestellter Limonade und vielen Fassbiersorten abrunden.<\/p>\n<p style=\"font-weight: 400;\">Oberhalb unseres Strandgesch\u00e4fts erwarten wir mit f\u00fcnf Apartments unsere G\u00e4ste, die direkt am Wasser entspannen m\u00f6chten. Unsere Wohnungen wurden im Jahr 2025 renoviert. In den Appartements Aranyh\u00edd und Ez\u00fcsth\u00edd k\u00f6nnen wir bequem eine Familie unterbringen. Das Magyar Tenger bietet mit seinen f\u00fcnf Zimmern Platz f\u00fcr bis zu neun G\u00e4ste, die Apartments Bogl\u00e1rka und Levente bieten jeweils Platz f\u00fcr 8 Personen.<\/p>\n<p style=\"font-weight: 400;\">Alle unsere Unterk\u00fcnfte sind klimatisiert, unsere G\u00e4ste k\u00f6nnen w\u00e4hrend der Hochsaison auf einem bewachten Parkplatz parken und haben freien Eintritt zum zentralen, kostenpflichtigen Strand.<\/p>\n<p style=\"font-weight: 400;\">Die \u00fcber drei Jahrzehnte Berufserfahrung des Managements und die hohe Zahl wiederkehrender G\u00e4ste sind ein professioneller Garant daf\u00fcr, dass jeder Gast mit angenehmen Erinnerungen abreist.<\/p>\n<p style=\"font-weight: 400;\"><em>Wir freuen uns auf einen angenehmen Urlaub am Balaton, seien Sie unsere G\u00e4ste!<\/em><\/p>\n<p>[\/vc_column_text][\/vc_column][\/vc_row][vc_row full_width=&#187;stretch_row&#187; equal_height=&#187;yes&#187; content_placement=&#187;top&#187; css=&#187;.vc_custom_1677192226660{padding-top: 30px !important;padding-bottom: 30px !important;background-color: #eaeaea !important;}&#187;][vc_column width=&#187;1\/3&#8243; css=&#187;.vc_custom_1677192084601{background-color: #ffffff !important;}&#187;]<div class=\"aio-icon-component    style_2\"><div id=\"Info-box-wrap-1700\" class=\"aio-icon-box top-icon\" style=\"\"  ><div class=\"aio-icon-top\"><div class=\"ult-just-icon-wrapper  \"><div class=\"align-icon\" style=\"text-align:center;\">\n<div class=\"aio-icon none \"  style=\"color:#333;font-size:32px;display:inline-block;\">\n\t<i class=\"icomoon-free-social-contact-16x16-envelop\"><\/i>\n<\/div><\/div><\/div><\/div><div class=\"aio-icon-header\" ><h3 class=\"aio-icon-title ult-responsive\"  data-ultimate-target='#Info-box-wrap-1700 .aio-icon-title'  data-responsive-json-new='{\"font-size\":\"\",\"line-height\":\"\"}'  style=\"\">RESERVIERUNG per E-Mail<\/h3><\/div> <!-- header --><div class=\"aio-icon-description ult-responsive\"  data-ultimate-target='#Info-box-wrap-1700 .aio-icon-description'  data-responsive-json-new='{\"font-size\":\"\",\"line-height\":\"\"}'  style=\"\"><a href=\"mailto:hotel@tengerdi.hu\">hotel@tengerdi.hu<\/a><\/div> <!-- description --><\/div> <!-- aio-icon-box --><\/div> <!-- aio-icon-component -->[\/vc_column][vc_column width=&#187;1\/3&#8243; css=&#187;.vc_custom_1677192097889{background-color: #ffffff !important;}&#187;]<div class=\"aio-icon-component    style_2\"><div id=\"Info-box-wrap-6282\" class=\"aio-icon-box top-icon\" style=\"\"  ><div class=\"aio-icon-top\"><div class=\"ult-just-icon-wrapper  \"><div class=\"align-icon\" style=\"text-align:center;\">\n<div class=\"aio-icon none \"  style=\"color:#333;font-size:32px;display:inline-block;\">\n\t<i class=\"Defaults-phone\"><\/i>\n<\/div><\/div><\/div><\/div><div class=\"aio-icon-header\" ><h3 class=\"aio-icon-title ult-responsive\"  data-ultimate-target='#Info-box-wrap-6282 .aio-icon-title'  data-responsive-json-new='{\"font-size\":\"\",\"line-height\":\"\"}'  style=\"\">RESERVIERUNG per Telefon<\/h3><\/div> <!-- header --><div class=\"aio-icon-description ult-responsive\"  data-ultimate-target='#Info-box-wrap-6282 .aio-icon-description'  data-responsive-json-new='{\"font-size\":\"\",\"line-height\":\"\"}'  style=\"\">+ 36 30 377-9389<\/p>\n<p>+ 36 30 2700-680<\/div> <!-- description --><\/div> <!-- aio-icon-box --><\/div> <!-- aio-icon-component -->[\/vc_column][vc_column width=&#187;1\/3&#8243; css=&#187;.vc_custom_1677192107991{background-color: #ffffff !important;}&#187;]<div class=\"aio-icon-component    style_2\"><div id=\"Info-box-wrap-3236\" class=\"aio-icon-box top-icon\" style=\"\"  ><div class=\"aio-icon-top\"><div class=\"ult-just-icon-wrapper  \"><div class=\"align-icon\" style=\"text-align:center;\">\n<div class=\"aio-icon none \"  style=\"color:#333;font-size:32px;display:inline-block;\">\n\t<i class=\"fas fa-mouse-pointer\"><\/i>\n<\/div><\/div><\/div><\/div><div class=\"aio-icon-header\" ><h3 class=\"aio-icon-title ult-responsive\"  data-ultimate-target='#Info-box-wrap-3236 .aio-icon-title'  data-responsive-json-new='{\"font-size\":\"\",\"line-height\":\"\"}'  style=\"\">ONLINE RESERVIERUNG<\/h3><\/div> <!-- header --><div class=\"aio-icon-description ult-responsive\"  data-ultimate-target='#Info-box-wrap-3236 .aio-icon-description'  data-responsive-json-new='{\"font-size\":\"\",\"line-height\":\"\"}'  style=\"\"><a href=\"https:\/\/tengerdi.hu\/de\/foglalas\/\">Unsere Online-Buchungsseite<\/a><\/div> <!-- description --><\/div> <!-- aio-icon-box --><\/div> <!-- aio-icon-component -->[\/vc_column][\/vc_row][vc_row equal_height=&#187;yes&#187; disable_element=&#187;yes&#187;][vc_column width=&#187;1\/4&#8243;]<div class=\"dt-fancy-separator h4-size\" style=\"width: 100%;\"><div class=\"dt-fancy-title\" style=\"color: #878787;\"><span class=\"separator-holder separator-left\"><\/span>Unser Werbefilm<span class=\"separator-holder separator-right\"><\/span><\/div><\/div>[vc_single_image image=&#187;105&#8243; img_size=&#187;full&#187; alignment=&#187;center&#187; onclick=&#187;custom_link&#187; img_link_target=&#187;_blank&#187; css=&#187;.vc_custom_1528494550369{padding-top: 60px !important;}&#187; image_hovers=&#187;false&#187; link=&#187;https:\/\/youtu.be\/Nxili_ymRwo&#187;][\/vc_column][vc_column width=&#187;1\/4&#8243;]<div class=\"dt-fancy-separator h4-size\" style=\"width: 100%;\"><div class=\"dt-fancy-title\" style=\"color: #878787;\"><span class=\"separator-holder separator-left\"><\/span>Unser Werbefilm<span class=\"separator-holder separator-right\"><\/span><\/div><\/div>[vc_single_image image=&#187;504&#8243; img_size=&#187;full&#187; alignment=&#187;center&#187; onclick=&#187;custom_link&#187; img_link_target=&#187;_blank&#187; css=&#187;.vc_custom_1528494543246{padding-top: 60px !important;}&#187; image_hovers=&#187;false&#187; link=&#187;https:\/\/www.facebook.com\/viktorhotel\/videos\/1389675657750151\/&#187;][\/vc_column][vc_column width=&#187;1\/4&#8243;]<div class=\"dt-fancy-separator h4-size\" style=\"width: 100%;\"><div class=\"dt-fancy-title\" style=\"color: #878787;\"><span class=\"separator-holder separator-left\"><\/span>3D pano Wein und Gasthaus Viktor<span class=\"separator-holder separator-right\"><\/span><\/div><\/div>[vc_single_image image=&#187;113&#8243; img_size=&#187;full&#187; alignment=&#187;center&#187; onclick=&#187;custom_link&#187; img_link_target=&#187;_blank&#187; css=&#187;.vc_custom_1526852793812{padding-top: 30px !important;}&#187; image_hovers=&#187;false&#187; link=&#187;http:\/\/www.3dpano.hu\/Viktor_vendeghaz\/&#187;][\/vc_column][vc_column width=&#187;1\/4&#8243;]<div class=\"dt-fancy-separator h4-size\" style=\"width: 100%;\"><div class=\"dt-fancy-title\" style=\"color: #878787;\"><span class=\"separator-holder separator-left\"><\/span>3D Pano Fr\u00f6ccsterasz- und Strandgrill Erika<span class=\"separator-holder separator-right\"><\/span><\/div><\/div>[vc_single_image image=&#187;114&#8243; img_size=&#187;full&#187; alignment=&#187;center&#187; onclick=&#187;custom_link&#187; img_link_target=&#187;_blank&#187; css=&#187;.vc_custom_1526852969430{padding-top: 30px !important;}&#187; image_hovers=&#187;false&#187; link=&#187;http:\/\/www.3dpano.hu\/Viktor_Strand_bufe\/&#187;][\/vc_column][\/vc_row]<\/p>\n<\/div>","protected":false},"excerpt":{"rendered":"<p>[vc_row content_placement=&#187;top&#187;][vc_column width=&#187;1\/2&#8243; el_class=&#187;dpano&#187; offset=&#187;vc_hidden-sm vc_hidden-xs&#187; css=&#187;.vc_custom_1677180966389{margin-top: -300px !important;}&#187;][vc_single_image image=&#187;113&#8243; img_size=&#187;full&#187; alignment=&#187;center&#187; style=&#187;vc_box_border&#187; border_color=&#187;white&#187; onclick=&#187;custom_link&#187; img_link_target=&#187;_blank&#187; css=&#187;.vc_custom_1687887908746{padding-top: 30px !important;}&#187; image_hovers=&#187;false&#187; link=&#187;https:\/\/www.3dpano.hu\/Viktor_vendeghaz\/&#187;][\/vc_column][vc_column width=&#187;1\/2&#8243; el_class=&#187;dpano&#187; offset=&#187;vc_hidden-sm vc_hidden-xs&#187; css=&#187;.vc_custom_1677180975490{margin-top: -300px !important;}&#187;][vc_single_image image=&#187;114&#8243; img_size=&#187;full&#187; alignment=&#187;center&#187; style=&#187;vc_box_border&#187; border_color=&#187;white&#187; onclick=&#187;custom_link&#187; img_link_target=&#187;_blank&#187; css=&#187;.vc_custom_1687887917461{padding-top: 30px !important;}&#187; image_hovers=&#187;false&#187; link=&#187;https:\/\/www.3dpano.hu\/Viktor_Strand_bufe\/&#187;][\/vc_column][\/vc_row][vc_row content_placement=&#187;top&#187;][vc_column width=&#187;1\/2&#8243; offset=&#187;vc_hidden-lg vc_hidden-md&#187;][vc_single_image image=&#187;113&#8243; img_size=&#187;full&#187; alignment=&#187;center&#187; style=&#187;vc_box_border&#187; border_color=&#187;white&#187; onclick=&#187;custom_link&#187; img_link_target=&#187;_blank&#187; css=&#187;.vc_custom_1677179650926{padding-top: 30px !important;}&#187; image_hovers=&#187;false&#187;&hellip;<\/p>\n","protected":false},"author":3,"featured_media":0,"parent":0,"menu_order":0,"comment_status":"closed","ping_status":"closed","template":"","meta":{"footnotes":""},"class_list":["post-1366","page","type-page","status-publish","hentry","description-off"],"yoast_head":"<!-- This site is optimized with the Yoast SEO plugin v27.1.1 - https:\/\/yoast.com\/product\/yoast-seo-wordpress\/ -->\n<title>Willkommen<\/title>\n<meta name=\"robots\" content=\"index, follow, max-snippet:-1, max-image-preview:large, max-video-preview:-1\" \/>\n<link rel=\"canonical\" href=\"https:\/\/tengerdi.hu\/de\/\" \/>\n<meta property=\"og:locale\" content=\"de_DE\" \/>\n<meta property=\"og:locale:alternate\" content=\"hu_HU\" \/>\n<meta property=\"og:locale:alternate\" content=\"en_US\" \/>\n<meta property=\"og:locale:alternate\" content=\"\u010ce\u0161tina\" \/>\n<meta property=\"og:locale:alternate\" content=\"Polski\" \/>\n<meta property=\"og:type\" content=\"article\" \/>\n<meta property=\"og:title\" content=\"Willkommen\" \/>\n<meta property=\"og:description\" content=\"[vc_row content_placement=&#187;top&#187;][vc_column width=&#187;1\/2&#8243; el_class=&#187;dpano&#187; offset=&#187;vc_hidden-sm vc_hidden-xs&#187; css=&#187;.vc_custom_1677180966389{margin-top: -300px !important;}&#187;][vc_single_image image=&#187;113&#8243; img_size=&#187;full&#187; alignment=&#187;center&#187; style=&#187;vc_box_border&#187; border_color=&#187;white&#187; onclick=&#187;custom_link&#187; img_link_target=&#187;_blank&#187; css=&#187;.vc_custom_1687887908746{padding-top: 30px !important;}&#187; image_hovers=&#187;false&#187; link=&#187;https:\/\/www.3dpano.hu\/Viktor_vendeghaz\/&#187;][\/vc_column][vc_column width=&#187;1\/2&#8243; el_class=&#187;dpano&#187; offset=&#187;vc_hidden-sm vc_hidden-xs&#187; css=&#187;.vc_custom_1677180975490{margin-top: -300px !important;}&#187;][vc_single_image image=&#187;114&#8243; img_size=&#187;full&#187; alignment=&#187;center&#187; style=&#187;vc_box_border&#187; border_color=&#187;white&#187; onclick=&#187;custom_link&#187; img_link_target=&#187;_blank&#187; css=&#187;.vc_custom_1687887917461{padding-top: 30px !important;}&#187; image_hovers=&#187;false&#187; link=&#187;https:\/\/www.3dpano.hu\/Viktor_Strand_bufe\/&#187;][\/vc_column][\/vc_row][vc_row content_placement=&#187;top&#187;][vc_column width=&#187;1\/2&#8243; offset=&#187;vc_hidden-lg vc_hidden-md&#187;][vc_single_image image=&#187;113&#8243; img_size=&#187;full&#187; alignment=&#187;center&#187; style=&#187;vc_box_border&#187; border_color=&#187;white&#187; onclick=&#187;custom_link&#187; img_link_target=&#187;_blank&#187; css=&#187;.vc_custom_1677179650926{padding-top: 30px !important;}&#187; image_hovers=&#187;false&#187;&hellip;\" \/>\n<meta property=\"og:url\" content=\"https:\/\/tengerdi.hu\/de\/\" \/>\n<meta property=\"og:site_name\" content=\"Viktor Bor- \u00e9s Vend\u00e9gh\u00e1z **** \/ Wein- und Gasthaus Viktor ****\" \/>\n<meta property=\"article:modified_time\" content=\"2025-03-16T17:33:18+00:00\" \/>\n<meta name=\"twitter:card\" content=\"summary_large_image\" \/>\n<meta name=\"twitter:label1\" content=\"Gesch\u00e4tzte Lesezeit\" \/>\n\t<meta name=\"twitter:data1\" content=\"3\u00a0Minuten\" \/>\n<script type=\"application\/ld+json\" class=\"yoast-schema-graph\">{\"@context\":\"https:\/\/schema.org\",\"@graph\":[{\"@type\":\"WebPage\",\"@id\":\"https:\/\/tengerdi.hu\/\",\"url\":\"https:\/\/tengerdi.hu\/\",\"name\":\"Willkommen\",\"isPartOf\":{\"@id\":\"https:\/\/tengerdi.hu\/#website\"},\"datePublished\":\"2023-02-23T19:12:43+00:00\",\"dateModified\":\"2025-03-16T17:33:18+00:00\",\"breadcrumb\":{\"@id\":\"https:\/\/tengerdi.hu\/#breadcrumb\"},\"inLanguage\":\"Deutschland\",\"potentialAction\":[{\"@type\":\"ReadAction\",\"target\":[\"https:\/\/tengerdi.hu\/\"]}]},{\"@type\":\"BreadcrumbList\",\"@id\":\"https:\/\/tengerdi.hu\/#breadcrumb\",\"itemListElement\":[{\"@type\":\"ListItem\",\"position\":1,\"name\":\"Kezd\u0151lap\",\"item\":\"https:\/\/tengerdi.hu\/\"},{\"@type\":\"ListItem\",\"position\":2,\"name\":\"Kezd\u0151lap\"}]},{\"@type\":\"WebSite\",\"@id\":\"https:\/\/tengerdi.hu\/#website\",\"url\":\"https:\/\/tengerdi.hu\/\",\"name\":\"Viktor Bor- \u00e9s Vend\u00e9gh\u00e1z **** \/ Wein- und Gasthaus Viktor ****\",\"description\":\"... A Balaton vend\u00e9geinek...\",\"potentialAction\":[{\"@type\":\"SearchAction\",\"target\":{\"@type\":\"EntryPoint\",\"urlTemplate\":\"https:\/\/tengerdi.hu\/?s={search_term_string}\"},\"query-input\":{\"@type\":\"PropertyValueSpecification\",\"valueRequired\":true,\"valueName\":\"search_term_string\"}}],\"inLanguage\":\"Deutschland\"}]}<\/script>\n<!-- \/ Yoast SEO plugin. -->","yoast_head_json":{"title":"Willkommen","robots":{"index":"index","follow":"follow","max-snippet":"max-snippet:-1","max-image-preview":"max-image-preview:large","max-video-preview":"max-video-preview:-1"},"canonical":"https:\/\/tengerdi.hu\/de\/","og_locale":"de_DE","og_type":"article","og_title":"[:hu]Kezd\u0151lap[:de]Willkommen[:en]Wellcome[:cs]Tengerdi[:pl]Tengerdi[:] - Viktor Bor- \u00e9s Vend\u00e9gh\u00e1z **** \/ Wein- und Gasthaus Viktor ****","og_description":"[vc_row content_placement=&#187;top&#187;][vc_column width=&#187;1\/2&#8243; el_class=&#187;dpano&#187; offset=&#187;vc_hidden-sm vc_hidden-xs&#187; css=&#187;.vc_custom_1677180966389{margin-top: -300px !important;}&#187;][vc_single_image image=&#187;113&#8243; img_size=&#187;full&#187; alignment=&#187;center&#187; style=&#187;vc_box_border&#187; border_color=&#187;white&#187; onclick=&#187;custom_link&#187; img_link_target=&#187;_blank&#187; css=&#187;.vc_custom_1687887908746{padding-top: 30px !important;}&#187; image_hovers=&#187;false&#187; link=&#187;https:\/\/www.3dpano.hu\/Viktor_vendeghaz\/&#187;][\/vc_column][vc_column width=&#187;1\/2&#8243; el_class=&#187;dpano&#187; offset=&#187;vc_hidden-sm vc_hidden-xs&#187; css=&#187;.vc_custom_1677180975490{margin-top: -300px !important;}&#187;][vc_single_image image=&#187;114&#8243; img_size=&#187;full&#187; alignment=&#187;center&#187; style=&#187;vc_box_border&#187; border_color=&#187;white&#187; onclick=&#187;custom_link&#187; img_link_target=&#187;_blank&#187; css=&#187;.vc_custom_1687887917461{padding-top: 30px !important;}&#187; image_hovers=&#187;false&#187; link=&#187;https:\/\/www.3dpano.hu\/Viktor_Strand_bufe\/&#187;][\/vc_column][\/vc_row][vc_row content_placement=&#187;top&#187;][vc_column width=&#187;1\/2&#8243; offset=&#187;vc_hidden-lg vc_hidden-md&#187;][vc_single_image image=&#187;113&#8243; img_size=&#187;full&#187; alignment=&#187;center&#187; style=&#187;vc_box_border&#187; border_color=&#187;white&#187; onclick=&#187;custom_link&#187; img_link_target=&#187;_blank&#187; css=&#187;.vc_custom_1677179650926{padding-top: 30px !important;}&#187; image_hovers=&#187;false&#187;&hellip;","og_url":"https:\/\/tengerdi.hu\/de\/","og_site_name":"Viktor Bor- \u00e9s Vend\u00e9gh\u00e1z **** \/ Wein- und Gasthaus Viktor ****","article_modified_time":"2025-03-16T17:33:18+00:00","twitter_card":"summary_large_image","twitter_misc":{"Gesch\u00e4tzte Lesezeit":"3\u00a0Minuten"},"schema":{"@context":"https:\/\/schema.org","@graph":[{"@type":"WebPage","@id":"https:\/\/tengerdi.hu\/","url":"https:\/\/tengerdi.hu\/","name":"Willkommen","isPartOf":{"@id":"https:\/\/tengerdi.hu\/#website"},"datePublished":"2023-02-23T19:12:43+00:00","dateModified":"2025-03-16T17:33:18+00:00","breadcrumb":{"@id":"https:\/\/tengerdi.hu\/#breadcrumb"},"inLanguage":"Deutschland","potentialAction":[{"@type":"ReadAction","target":["https:\/\/tengerdi.hu\/"]}]},{"@type":"BreadcrumbList","@id":"https:\/\/tengerdi.hu\/#breadcrumb","itemListElement":[{"@type":"ListItem","position":1,"name":"Kezd\u0151lap","item":"https:\/\/tengerdi.hu\/"},{"@type":"ListItem","position":2,"name":"Kezd\u0151lap"}]},{"@type":"WebSite","@id":"https:\/\/tengerdi.hu\/#website","url":"https:\/\/tengerdi.hu\/","name":"Viktor Bor- \u00e9s Vend\u00e9gh\u00e1z **** \/ Wein- und Gasthaus Viktor ****","description":"... A Balaton vend\u00e9geinek...","potentialAction":[{"@type":"SearchAction","target":{"@type":"EntryPoint","urlTemplate":"https:\/\/tengerdi.hu\/?s={search_term_string}"},"query-input":{"@type":"PropertyValueSpecification","valueRequired":true,"valueName":"search_term_string"}}],"inLanguage":"Deutschland"}]}},"_links":{"self":[{"href":"https:\/\/tengerdi.hu\/de\/wp-json\/wp\/v2\/pages\/1366","targetHints":{"allow":["GET"]}}],"collection":[{"href":"https:\/\/tengerdi.hu\/de\/wp-json\/wp\/v2\/pages"}],"about":[{"href":"https:\/\/tengerdi.hu\/de\/wp-json\/wp\/v2\/types\/page"}],"author":[{"embeddable":true,"href":"https:\/\/tengerdi.hu\/de\/wp-json\/wp\/v2\/users\/3"}],"replies":[{"embeddable":true,"href":"https:\/\/tengerdi.hu\/de\/wp-json\/wp\/v2\/comments?post=1366"}],"version-history":[{"count":77,"href":"https:\/\/tengerdi.hu\/de\/wp-json\/wp\/v2\/pages\/1366\/revisions"}],"predecessor-version":[{"id":2565,"href":"https:\/\/tengerdi.hu\/de\/wp-json\/wp\/v2\/pages\/1366\/revisions\/2565"}],"wp:attachment":[{"href":"https:\/\/tengerdi.hu\/de\/wp-json\/wp\/v2\/media?parent=1366"}],"curies":[{"name":"wp","href":"https:\/\/api.w.org\/{rel}","templated":true}]}}