{"id":1200,"date":"2021-06-09T13:15:05","date_gmt":"2021-06-09T13:15:05","guid":{"rendered":"http:\/\/tengerdi.hu\/?page_id=1200"},"modified":"2021-06-09T13:35:46","modified_gmt":"2021-06-09T13:35:46","slug":"thankyou","status":"publish","type":"page","link":"https:\/\/tengerdi.hu\/de\/thankyou\/","title":{"rendered":"Reservierung"},"content":{"rendered":"<div class=\"wpb-content-wrapper\"><p>[vc_row el_id=&#187;intro&#187;][vc_column][vc_custom_heading text=&#187;Vielen Dank&#187; font_container=&#187;tag:h1|font_size:60%20px|text_align:center|color:%23c5ab6b|line_height:65%20px&#187; google_fonts=&#187;font_family:Great%20Vibes%3Aregular|font_style:400%20regular%3A400%3Anormal&#187;][vc_custom_heading text=&#187;f\u00fcr Ihre Reservierung&#187; font_container=&#187;tag:h2|font_size:50%20px|text_align:center|color:%23303030|line_height:55%20px&#187; use_theme_fonts=&#187;yes&#187;]<div class=\"hr-thin style-double\" style=\"width: 10%;border-top-width: 3px;\"><\/div>[\/vc_column][\/vc_row]<\/p>\n<\/div>","protected":false},"excerpt":{"rendered":"<p>[vc_row el_id=&#187;intro&#187;][vc_column][vc_custom_heading text=&#187;Vielen Dank&#187; font_container=&#187;tag:h1|font_size:60%20px|text_align:center|color:%23c5ab6b|line_height:65%20px&#187; google_fonts=&#187;font_family:Great%20Vibes%3Aregular|font_style:400%20regular%3A400%3Anormal&#187;][vc_custom_heading text=&#187;f\u00fcr Ihre Reservierung&#187; font_container=&#187;tag:h2|font_size:50%20px|text_align:center|color:%23303030|line_height:55%20px&#187; use_theme_fonts=&#187;yes&#187;][\/vc_column][\/vc_row]<\/p>\n","protected":false},"author":3,"featured_media":0,"parent":0,"menu_order":0,"comment_status":"closed","ping_status":"closed","template":"","meta":{"footnotes":""},"class_list":["post-1200","page","type-page","status-publish","hentry","description-off"],"yoast_head":"<!-- This site is optimized with the Yoast SEO plugin v27.1.1 - https:\/\/yoast.com\/product\/yoast-seo-wordpress\/ -->\n<title>Reservierung<\/title>\n<meta name=\"robots\" content=\"index, follow, max-snippet:-1, max-image-preview:large, max-video-preview:-1\" \/>\n<link rel=\"canonical\" href=\"https:\/\/tengerdi.hu\/de\/thankyou\/\" \/>\n<meta property=\"og:locale\" content=\"de_DE\" \/>\n<meta property=\"og:locale:alternate\" content=\"hu_HU\" \/>\n<meta property=\"og:locale:alternate\" content=\"en_US\" \/>\n<meta property=\"og:locale:alternate\" content=\"\u010ce\u0161tina\" \/>\n<meta property=\"og:locale:alternate\" content=\"Polski\" \/>\n<meta property=\"og:type\" content=\"article\" \/>\n<meta property=\"og:title\" content=\"Reservierung\" \/>\n<meta property=\"og:description\" content=\"[vc_row el_id=&#187;intro&#187;][vc_column][vc_custom_heading text=&#187;Vielen Dank&#187; font_container=&#187;tag:h1|font_size:60%20px|text_align:center|color:%23c5ab6b|line_height:65%20px&#187; google_fonts=&#187;font_family:Great%20Vibes%3Aregular|font_style:400%20regular%3A400%3Anormal&#187;][vc_custom_heading text=&#187;f\u00fcr Ihre Reservierung&#187; font_container=&#187;tag:h2|font_size:50%20px|text_align:center|color:%23303030|line_height:55%20px&#187; use_theme_fonts=&#187;yes&#187;][\/vc_column][\/vc_row]\" \/>\n<meta property=\"og:url\" content=\"https:\/\/tengerdi.hu\/de\/thankyou\/\" \/>\n<meta property=\"og:site_name\" content=\"Viktor Bor- \u00e9s Vend\u00e9gh\u00e1z **** \/ Wein- und Gasthaus Viktor ****\" \/>\n<meta property=\"article:modified_time\" content=\"2021-06-09T13:35:46+00:00\" \/>\n<meta name=\"twitter:card\" content=\"summary_large_image\" \/>\n<meta name=\"twitter:label1\" content=\"Gesch\u00e4tzte Lesezeit\" \/>\n\t<meta name=\"twitter:data1\" content=\"1\u00a0Minute\" \/>\n<script type=\"application\/ld+json\" class=\"yoast-schema-graph\">{\"@context\":\"https:\/\/schema.org\",\"@graph\":[{\"@type\":\"WebPage\",\"@id\":\"https:\/\/tengerdi.hu\/thankyou\/\",\"url\":\"https:\/\/tengerdi.hu\/thankyou\/\",\"name\":\"Reservierung\",\"isPartOf\":{\"@id\":\"https:\/\/tengerdi.hu\/#website\"},\"datePublished\":\"2021-06-09T13:15:05+00:00\",\"dateModified\":\"2021-06-09T13:35:46+00:00\",\"breadcrumb\":{\"@id\":\"https:\/\/tengerdi.hu\/thankyou\/#breadcrumb\"},\"inLanguage\":\"Deutschland\",\"potentialAction\":[{\"@type\":\"ReadAction\",\"target\":[\"https:\/\/tengerdi.hu\/thankyou\/\"]}]},{\"@type\":\"BreadcrumbList\",\"@id\":\"https:\/\/tengerdi.hu\/thankyou\/#breadcrumb\",\"itemListElement\":[{\"@type\":\"ListItem\",\"position\":1,\"name\":\"Kezd\u0151lap\",\"item\":\"https:\/\/tengerdi.hu\/\"},{\"@type\":\"ListItem\",\"position\":2,\"name\":\"K\u00f6sz\u00f6nj\u00fck foglal\u00e1s\u00e1t\"}]},{\"@type\":\"WebSite\",\"@id\":\"https:\/\/tengerdi.hu\/#website\",\"url\":\"https:\/\/tengerdi.hu\/\",\"name\":\"Viktor Bor- \u00e9s Vend\u00e9gh\u00e1z **** \/ Wein- und Gasthaus Viktor ****\",\"description\":\"... A Balaton vend\u00e9geinek...\",\"potentialAction\":[{\"@type\":\"SearchAction\",\"target\":{\"@type\":\"EntryPoint\",\"urlTemplate\":\"https:\/\/tengerdi.hu\/?s={search_term_string}\"},\"query-input\":{\"@type\":\"PropertyValueSpecification\",\"valueRequired\":true,\"valueName\":\"search_term_string\"}}],\"inLanguage\":\"Deutschland\"}]}<\/script>\n<!-- \/ Yoast SEO plugin. -->","yoast_head_json":{"title":"Reservierung","robots":{"index":"index","follow":"follow","max-snippet":"max-snippet:-1","max-image-preview":"max-image-preview:large","max-video-preview":"max-video-preview:-1"},"canonical":"https:\/\/tengerdi.hu\/de\/thankyou\/","og_locale":"de_DE","og_type":"article","og_title":"[:hu]K\u00f6sz\u00f6nj\u00fck foglal\u00e1s\u00e1t[:de]Reservierung[:en]Booking[:] - Viktor Bor- \u00e9s Vend\u00e9gh\u00e1z **** \/ Wein- und Gasthaus Viktor ****","og_description":"[vc_row el_id=&#187;intro&#187;][vc_column][vc_custom_heading text=&#187;Vielen Dank&#187; font_container=&#187;tag:h1|font_size:60%20px|text_align:center|color:%23c5ab6b|line_height:65%20px&#187; google_fonts=&#187;font_family:Great%20Vibes%3Aregular|font_style:400%20regular%3A400%3Anormal&#187;][vc_custom_heading text=&#187;f\u00fcr Ihre Reservierung&#187; font_container=&#187;tag:h2|font_size:50%20px|text_align:center|color:%23303030|line_height:55%20px&#187; use_theme_fonts=&#187;yes&#187;][\/vc_column][\/vc_row]","og_url":"https:\/\/tengerdi.hu\/de\/thankyou\/","og_site_name":"Viktor Bor- \u00e9s Vend\u00e9gh\u00e1z **** \/ Wein- und Gasthaus Viktor ****","article_modified_time":"2021-06-09T13:35:46+00:00","twitter_card":"summary_large_image","twitter_misc":{"Gesch\u00e4tzte Lesezeit":"1\u00a0Minute"},"schema":{"@context":"https:\/\/schema.org","@graph":[{"@type":"WebPage","@id":"https:\/\/tengerdi.hu\/thankyou\/","url":"https:\/\/tengerdi.hu\/thankyou\/","name":"Reservierung","isPartOf":{"@id":"https:\/\/tengerdi.hu\/#website"},"datePublished":"2021-06-09T13:15:05+00:00","dateModified":"2021-06-09T13:35:46+00:00","breadcrumb":{"@id":"https:\/\/tengerdi.hu\/thankyou\/#breadcrumb"},"inLanguage":"Deutschland","potentialAction":[{"@type":"ReadAction","target":["https:\/\/tengerdi.hu\/thankyou\/"]}]},{"@type":"BreadcrumbList","@id":"https:\/\/tengerdi.hu\/thankyou\/#breadcrumb","itemListElement":[{"@type":"ListItem","position":1,"name":"Kezd\u0151lap","item":"https:\/\/tengerdi.hu\/"},{"@type":"ListItem","position":2,"name":"K\u00f6sz\u00f6nj\u00fck foglal\u00e1s\u00e1t"}]},{"@type":"WebSite","@id":"https:\/\/tengerdi.hu\/#website","url":"https:\/\/tengerdi.hu\/","name":"Viktor Bor- \u00e9s Vend\u00e9gh\u00e1z **** \/ Wein- und Gasthaus Viktor ****","description":"... A Balaton vend\u00e9geinek...","potentialAction":[{"@type":"SearchAction","target":{"@type":"EntryPoint","urlTemplate":"https:\/\/tengerdi.hu\/?s={search_term_string}"},"query-input":{"@type":"PropertyValueSpecification","valueRequired":true,"valueName":"search_term_string"}}],"inLanguage":"Deutschland"}]}},"_links":{"self":[{"href":"https:\/\/tengerdi.hu\/de\/wp-json\/wp\/v2\/pages\/1200","targetHints":{"allow":["GET"]}}],"collection":[{"href":"https:\/\/tengerdi.hu\/de\/wp-json\/wp\/v2\/pages"}],"about":[{"href":"https:\/\/tengerdi.hu\/de\/wp-json\/wp\/v2\/types\/page"}],"author":[{"embeddable":true,"href":"https:\/\/tengerdi.hu\/de\/wp-json\/wp\/v2\/users\/3"}],"replies":[{"embeddable":true,"href":"https:\/\/tengerdi.hu\/de\/wp-json\/wp\/v2\/comments?post=1200"}],"version-history":[{"count":9,"href":"https:\/\/tengerdi.hu\/de\/wp-json\/wp\/v2\/pages\/1200\/revisions"}],"predecessor-version":[{"id":1210,"href":"https:\/\/tengerdi.hu\/de\/wp-json\/wp\/v2\/pages\/1200\/revisions\/1210"}],"wp:attachment":[{"href":"https:\/\/tengerdi.hu\/de\/wp-json\/wp\/v2\/media?parent=1200"}],"curies":[{"name":"wp","href":"https:\/\/api.w.org\/{rel}","templated":true}]}}