{"id":664,"date":"2018-06-19T12:42:19","date_gmt":"2018-06-19T12:42:19","guid":{"rendered":"http:\/\/tengerdi.hu\/?page_id=664"},"modified":"2021-05-27T12:07:38","modified_gmt":"2021-05-27T12:07:38","slug":"cookie-k-kezelese","status":"publish","type":"page","link":"https:\/\/tengerdi.hu\/cs\/cookie-k-kezelese\/","title":{"rendered":"Cookie-k kezel\u00e9se"},"content":{"rendered":"<div class=\"wpb-content-wrapper\"><p>[vc_row][vc_column][vc_column_text]<\/p>\n<h4>Kik vagyunk?<\/h4>\n<p>C\u00e9gn\u00e9v: Tengerdi Kft.<\/p>\n<p>Sz\u00e9khely: Balatonm\u00e1riaf\u00fcrd\u0151, Vilma u. 9.<\/p>\n<p>Ad\u00f3sz\u00e1m:\u00a011238546-2-14<\/p>\n<h4>Cookie-k haszn\u00e1lata<\/h4>\n<p>Ezen a honlapon \u00fan. cookie-kat haszn\u00e1lunk a felhaszn\u00e1l\u00f3i \u00e9lm\u00e9ny fokoz\u00e1sa \u00e9rdek\u00e9ben.<\/p>\n<p>A cookie, vagyis s\u00fcti egy olyan f\u00e1jl (adatsor), amit a weboldal l\u00e1togat\u00f3j\u00e1nak sz\u00e1m\u00edt\u00f3g\u00e9p\u00e9n, mobiltelefonj\u00e1n vagy egy\u00e9b, internetes hozz\u00e1f\u00e9r\u00e9st biztos\u00edt\u00f3 eszk\u00f6z\u00e9n hozhat l\u00e9tre a weboldalt megjelen\u00edt\u0151 program. A cookie-t a webszerver k\u00fcldi a l\u00e1togat\u00f3 b\u00f6ng\u00e9sz\u0151j\u00e9nek, majd a b\u00f6ng\u00e9sz\u0151 visszak\u00fcldi a szervernek. A cookie-k kiz\u00e1r\u00f3lag adatokat tartalmaznak, vagyis NEM tartalmaznak futtathat\u00f3 \u00e1llom\u00e1nyokat, v\u00edrusokat, illetve k\u00e9mprogramokat (spyware) \u00e9s nem f\u00e9rnek hozz\u00e1 a felhaszn\u00e1l\u00f3 merevlemez\u00e9nek adataihoz.<\/p>\n<p>Ezek a f\u00e1jlok lehet\u0151v\u00e9 teszik a felhaszn\u00e1l\u00f3 internetez\u00e9sre haszn\u00e1lt eszk\u00f6z\u00e9nek felismer\u00e9s\u00e9t, \u00edgy relev\u00e1ns, a felhaszn\u00e1l\u00f3 ig\u00e9nyeihez igaz\u00edtott tartalom megjelen\u00edt\u00e9s\u00e9t. Ilyenek p\u00e9ld\u00e1ul a kiz\u00e1r\u00f3lag felhaszn\u00e1l\u00f3i n\u00e9vvel \u00e9s jelsz\u00f3val el\u00e9rhet\u0151 oldalak, amik s\u00fctik n\u00e9lk\u00fcl nem m\u0171k\u00f6dn\u00e9nek. A cookie-k a felhaszn\u00e1l\u00f3 sz\u00e1m\u00e1ra egyszer\u0171bb b\u00f6ng\u00e9sz\u00e9st biztos\u00edtanak, \u00e9s el\u0151seg\u00edtik, hogy min\u00e9l k\u00e9nyelmesebb szolg\u00e1ltat\u00e1st ny\u00fajtsunk.<\/p>\n<p><strong>A cookie-k t\u00f6rl\u00e9se:<\/strong><\/p>\n<p>A weboldalak el\u00e9r\u00e9s\u00e9hez haszn\u00e1lt b\u00f6ng\u00e9sz\u0151programok alap\u00e9rtelmezett esetben enged\u00e9lyezik a s\u00fctik elhelyez\u00e9s\u00e9t az eszk\u00f6zre. A s\u00fctik kezel\u00e9s\u00e9re vonatkoz\u00f3 inform\u00e1ci\u00f3k a b\u00f6ng\u00e9sz\u0151 be\u00e1ll\u00edt\u00e1sai k\u00f6z\u00f6tt tal\u00e1lhat\u00f3ak. Ezek a be\u00e1ll\u00edt\u00e1sok megv\u00e1ltoztathat\u00f3k \u00fagy, hogy a cookie-k automatikus kezel\u00e9s\u00e9t a b\u00f6ng\u00e9sz\u0151 blokkolja, vagy minden esetben \u00e9rtes\u00edt\u00e9st k\u00fcldj\u00f6n a felhaszn\u00e1l\u00f3nak, ha az eszk\u00f6zre cookie-t k\u00fcldtek. Fontos tudni, hogy a cookie-k haszn\u00e1lat\u00e1nak tilt\u00e1sa\/korl\u00e1toz\u00e1sa negat\u00edvan befoly\u00e1solhatja az oldal bizonyos funkci\u00f3inak m\u0171k\u00f6d\u00e9s\u00e9t.<\/p>\n<h4>Cookie-k, amiket a tengerdi.hu oldalon haszn\u00e1lunk<\/h4>\n<p><em>Haszn\u00e1latot t\u00e1mogat\u00f3 s\u00fctik<\/em><\/p>\n<p>N\u00e9v: ginger-cookie, cookie figyelmeztet\u0151 banner<br \/>\nC\u00e9l: Weboldal l\u00e1togat\u00f3j\u00e1nak t\u00e1j\u00e9koztat\u00e1sa arr\u00f3l, hogy a weboldal haszn\u00e1l cookie-kat, link a r\u00e9szletes t\u00e1j\u00e9koztat\u00e1st tartalmaz\u00f3 (jelen) oldalra, illetve a cookie-k elfogad\u00e1sa n\u00e9lk\u00fcli oldalb\u00f6ng\u00e9sz\u00e9s v\u00e1laszt\u00e1s\u00e1nak lehet\u0151s\u00e9ge.<br \/>\nLej\u00e1rat: 1 h\u00f3nap<\/p>\n<p>N\u00e9v: language, a b\u00f6ng\u00e9sz\u0151 nyelvi be\u00e1ll\u00edt\u00e1s\u00e1t ellen\u0151rz\u0151 cookie<br \/>\nC\u00e9l: a weboldal nyelvi verzi\u00f3i k\u00f6z\u00fcl a felhaszn\u00e1l\u00f3 sz\u00e1m\u00e1ra prefer\u00e1lt nyelv megjelen\u00edt\u00e9se<br \/>\nLej\u00e1rat:\u00a01 \u00e9v<\/p>\n<p>N\u00e9v: VISITOR_INFO1_LIVE<br \/>\nC\u00e9l: Ezt a s\u00fctit a Youtube \u00e1ll\u00edtja be. A webhely be\u00e1gyazott YouTube-vide\u00f3inak nyomon k\u00f6vet\u00e9s\u00e9re szolg\u00e1l.<br \/>\nLej\u00e1rat: 5 h\u00f3nap<\/p>\n<p>N\u00e9v: GPS<br \/>\nC\u00e9l: Ezt a s\u00fctit a Youtube \u00e1ll\u00edtja be, \u00e9s egy egyedi azonos\u00edt\u00f3t regisztr\u00e1l a felhaszn\u00e1l\u00f3k k\u00f6vet\u00e9s\u00e9re a f\u00f6ldrajzi helyzet\u00fck alapj\u00e1n<br \/>\nLej\u00e1rat: 30 perc<\/p>\n<p>N\u00e9v: YSC<br \/>\nC\u00e9l: Ezt a s\u00fctit a Youtube \u00e1ll\u00edtja be, \u00e9s a be\u00e1gyazott vide\u00f3k megtekint\u00e9s\u00e9nek k\u00f6vet\u00e9s\u00e9re szolg\u00e1l.<\/p>\n<p>N\u00e9v: IDE<br \/>\nC\u00e9l: A Google DoubleClick haszn\u00e1lja, \u00e9s inform\u00e1ci\u00f3kat t\u00e1rol arr\u00f3l, hogy a felhaszn\u00e1l\u00f3 hogyan haszn\u00e1lja a weboldalt \u00e9s minden egy\u00e9b hirdet\u00e9st, miel\u0151tt megl\u00e1togatn\u00e1 a weboldalt. Ezt arra haszn\u00e1lj\u00e1k, hogy a felhaszn\u00e1l\u00f3knak olyan felhaszn\u00e1l\u00f3i hirdet\u00e9seket jelen\u00edtsenek meg, amelyek a felhaszn\u00e1l\u00f3i profil szerint sz\u00e1mukra relev\u00e1nsak.<br \/>\nLej\u00e1rat: 1 \u00e9v<\/p>\n<p><em>Marketing s\u00fctik<\/em><\/p>\n<p>A marketing s\u00fctik haszn\u00e1lat\u00e1nak c\u00e9lja egyr\u00e9szt, hogy l\u00e1togat\u00f3inkat legink\u00e1bb \u00e9rdekl\u0151, vagy sz\u00e1mukra fontosnak t\u0171n\u0151 hirdet\u00e9seket tudjuk kiv\u00e1lasztani \u00e9s megjelen\u00edteni sz\u00e1mukra harmadik felek weboldalain, m\u00e1sr\u00e9szr\u0151l kamp\u00e1nyaink teljes\u00edtm\u00e9ny\u00e9t is m\u00e9rni tudjuk az \u00e1ltaluk megismert inform\u00e1ci\u00f3k alapj\u00e1n. Ezen s\u00fctik jellemz\u0151en az oldall\u00e1togat\u00e1sok t\u00e9ny\u00e9t, bizonyos megl\u00e1togatott oldalakat, \u0171rlapokat, k\u00f6sz\u00f6n\u00f6m oldalak l\u00e1togat\u00e1s\u00e1t, id\u0151tartalm\u00e1t, \u00e9s a haszn\u00e1lt eszk\u00f6zt r\u00f6gz\u00edtik.<\/p>\n<p>Google Ads<\/p>\n<p>A szolg\u00e1ltat\u00e1ssal kapcsolatos r\u00e9szletes t\u00e1j\u00e9koztat\u00f3t a k\u00f6vetkez\u0151 linken kereszt\u00fcl \u00e9rhet\u0151 el:<br \/>\nhttps:\/\/www.google.com\/intl\/hu\/policies\/privacy<\/p>\n<p>Facebook<\/p>\n<p>Ezen s\u00fcti seg\u00edts\u00e9g\u00e9vel tudunk szem\u00e9lyre szabott aj\u00e1nlatokat megjelen\u00edteni a Facebook k\u00f6z\u00f6ss\u00e9gi oldal fel\u00fcletein. \u00c9rv\u00e9nyess\u00e9gi ideje v\u00e1ltoz\u00f3, legfeljebb a l\u00e1togat\u00e1st\u00f3l sz\u00e1m\u00edtott 3 h\u00f3napig tart.<\/p>\n<p>A szolg\u00e1ltat\u00e1ssal kapcsolatos r\u00e9szletes t\u00e1j\u00e9koztat\u00f3t a k\u00f6vetkez\u0151 linken kereszt\u00fcl \u00e9rhet\u0151 el:<br \/>\nhttps:\/\/www.facebook.com\/help\/cookies\/<\/p>\n<h4>Jogorvoslat<\/h4>\n<p>Az \u00e9rintett t\u00e1j\u00e9koztat\u00e1st k\u00e9rhet szem\u00e9lyes adatai kezel\u00e9s\u00e9r\u0151l, valamint k\u00e9rheti szem\u00e9lyes adatainak helyesb\u00edt\u00e9s\u00e9t, illetve \u2013 a jogszab\u00e1lyban elrendelt adatkezel\u00e9sek kiv\u00e9tel\u00e9vel \u2013 t\u00f6rl\u00e9s\u00e9t az adatfelv\u00e9tel\u00e9n\u00e9l jelzett m\u00f3don, illetve az adatkezel\u0151 \u00fcgyf\u00e9lszolg\u00e1lata \u00fatj\u00e1n.<\/p>\n<p>Az \u00e9rintett k\u00e9relm\u00e9re az adatkezel\u0151 t\u00e1j\u00e9koztat\u00e1st ad az \u00e1ltala kezelt adatair\u00f3l, az adatkezel\u00e9s c\u00e9lj\u00e1r\u00f3l, jogalapj\u00e1r\u00f3l, id\u0151tartam\u00e1r\u00f3l, az adatfeldolgoz\u00f3 nev\u00e9r\u0151l, c\u00edm\u00e9r\u0151l (sz\u00e9khely\u00e9r\u0151l) \u00e9s az adatkezel\u00e9ssel \u00f6sszef\u00fcgg\u0151 tev\u00e9kenys\u00e9g\u00e9r\u0151l, tov\u00e1bb\u00e1 arr\u00f3l, hogy kik \u00e9s milyen c\u00e9lb\u00f3l kapj\u00e1k vagy kapt\u00e1k meg az adatokat. Az adatkezel\u0151 a k\u00e9relem beny\u00fajt\u00e1s\u00e1t\u00f3l sz\u00e1m\u00edtott legr\u00f6videbb id\u0151 alatt, legfeljebb azonban 30 napon bel\u00fcl \u00edr\u00e1sban, k\u00f6z\u00e9rthet\u0151 form\u00e1ban adja meg a t\u00e1j\u00e9koztat\u00e1st. E t\u00e1j\u00e9koztat\u00e1s ingyenes, ha a t\u00e1j\u00e9koztat\u00e1st k\u00e9r\u0151 a foly\u00f3 \u00e9vben azonos ter\u00fcletre vonatkoz\u00f3 t\u00e1j\u00e9koztat\u00e1si k\u00e9relmet az adatkezel\u0151h\u00f6z m\u00e9g nem ny\u00fajtott be. Egy\u00e9b esetekben az adatkezel\u0151 k\u00f6lts\u00e9gt\u00e9r\u00edt\u00e9st \u00e1llap\u00edthat meg.<\/p>\n<p>Az adatkezel\u0151 a szem\u00e9lyes adatot t\u00f6rli, ha kezel\u00e9se jogellenes, az \u00e9rintett k\u00e9ri, az adatkezel\u00e9s c\u00e9lja megsz\u0171nt, vagy az adatok t\u00e1rol\u00e1s\u00e1nak t\u00f6rv\u00e9nyben meghat\u00e1rozott hat\u00e1rideje lej\u00e1rt, azt a b\u00edr\u00f3s\u00e1g vagy az adatv\u00e9delmi biztos elrendelte.<\/p>\n<p>Az adatkezel\u0151 a helyesb\u00edt\u00e9sr\u0151l \u00e9s a t\u00f6rl\u00e9sr\u0151l az \u00e9rintettet, tov\u00e1bb\u00e1 mindazokat \u00e9rtes\u00edti, akiknek kor\u00e1bban az adatot adatkezel\u00e9s c\u00e9lj\u00e1ra tov\u00e1bb\u00edtott\u00e1k. Az \u00e9rtes\u00edt\u00e9st mell\u0151zi, ha ez az adatkezel\u00e9s c\u00e9lj\u00e1ra val\u00f3 tekintettel az \u00e9rintett jogos \u00e9rdek\u00e9t nem s\u00e9rti.<\/p>\n<p>Az \u00e9rintett tiltakozhat szem\u00e9lyes adat\u00e1nak kezel\u00e9se ellen, ha<\/p>\n<ul>\n<li>a szem\u00e9lyes adatok kezel\u00e9se (tov\u00e1bb\u00edt\u00e1sa) kiz\u00e1r\u00f3lag az adatkezel\u0151 vagy az adat\u00e1tvev\u0151 jog\u00e1nak vagy jogos \u00e9rdek\u00e9nek \u00e9rv\u00e9nyes\u00edt\u00e9s\u00e9hez sz\u00fcks\u00e9ges, kiv\u00e9ve, ha az adatkezel\u00e9st t\u00f6rv\u00e9ny rendelte el;<\/li>\n<li>a szem\u00e9lyes adat felhaszn\u00e1l\u00e1sa vagy tov\u00e1bb\u00edt\u00e1sa k\u00f6zvetlen \u00fczletszerz\u00e9s, k\u00f6zv\u00e9lem\u00e9ny-kutat\u00e1s vagy tudom\u00e1nyos kutat\u00e1s c\u00e9lj\u00e1ra t\u00f6rt\u00e9nik;<\/li>\n<li>a tiltakoz\u00e1s jog\u00e1nak gyakorl\u00e1s\u00e1t egy\u00e9bk\u00e9nt t\u00f6rv\u00e9ny lehet\u0151v\u00e9 teszi.<\/li>\n<\/ul>\n<p>Az adatkezel\u0151 \u2013 az adatkezel\u00e9s egyidej\u0171 felf\u00fcggeszt\u00e9s\u00e9vel \u2013 a tiltakoz\u00e1st a k\u00e9relem beny\u00fajt\u00e1s\u00e1t\u00f3l sz\u00e1m\u00edtott legr\u00f6videbb id\u0151n bel\u00fcl, de legfeljebb 15 nap alatt megvizsg\u00e1lja, \u00e9s annak eredm\u00e9ny\u00e9r\u0151l a k\u00e9relmez\u0151t \u00edr\u00e1sban t\u00e1j\u00e9koztatja. Amennyiben a tiltakoz\u00e1s indokolt, az adatkezel\u0151 az adatkezel\u00e9st \u2013 bele\u00e9rtve a tov\u00e1bbi adatfelv\u00e9telt \u00e9s adattov\u00e1bb\u00edt\u00e1st is \u2013 megsz\u00fcnteti, \u00e9s az adatokat z\u00e1rolja, valamint a tiltakoz\u00e1sr\u00f3l, illet\u0151leg az annak alapj\u00e1n tett int\u00e9zked\u00e9sekr\u0151l \u00e9rtes\u00edti mindazokat, akik r\u00e9sz\u00e9re a tiltakoz\u00e1ssal \u00e9rintett szem\u00e9lyes adatot kor\u00e1bban tov\u00e1bb\u00edtotta, \u00e9s akik k\u00f6telesek int\u00e9zkedni a tiltakoz\u00e1si jog \u00e9rv\u00e9nyes\u00edt\u00e9se \u00e9rdek\u00e9ben.<\/p>\n<p>Amennyiben az \u00e9rintett az adatkezel\u0151nek a meghozott d\u00f6nt\u00e9s\u00e9vel nem \u00e9rt egyet, az ellen \u2013 annak k\u00f6zl\u00e9s\u00e9t\u0151l sz\u00e1m\u00edtott 30 napon bel\u00fcl \u2013 b\u00edr\u00f3s\u00e1ghoz fordulhat.<\/p>\n<p>Az adatkezel\u0151 az \u00e9rintett adat\u00e1t nem t\u00f6r\u00f6lheti, ha azt az adatkezel\u00e9st t\u00f6rv\u00e9ny rendelte el. Az adat azonban nem tov\u00e1bb\u00edthat\u00f3 az adat\u00e1tvev\u0151 r\u00e9sz\u00e9re, ha az adatkezel\u0151 egyet\u00e9rtett a tiltakoz\u00e1ssal, illet\u0151leg a b\u00edr\u00f3s\u00e1g a tiltakoz\u00e1s jogoss\u00e1g\u00e1t meg\u00e1llap\u00edtotta.<\/p>\n<p>Az \u00e9rintett a jogainak megs\u00e9rt\u00e9se eset\u00e9n az adatkezel\u0151 ellen b\u00edr\u00f3s\u00e1ghoz fordulhat. A b\u00edr\u00f3s\u00e1g az \u00fcgyben soron k\u00edv\u00fcl j\u00e1r el.<\/p>\n<p>Jogorvoslati lehet\u0151s\u00e9ggel, panasszal a Nemzeti Adatv\u00e9delmi \u00e9s Inform\u00e1ci\u00f3s Hat\u00f3s\u00e1gn\u00e1l lehet \u00e9lni:<\/p>\n<p>N\u00e9v: Nemzeti Adatv\u00e9delmi \u00e9s Inform\u00e1ci\u00f3s Hat\u00f3s\u00e1g<\/p>\n<p>Sz\u00e9khely: 1125 Budapest Szil\u00e1gyi Erzs\u00e9bet fasor 22\/c.<\/p>\n<p>Postac\u00edm: 1530 Budapest, Pf.: 5.<\/p>\n<p>Telefon: +36 (1) 391-1400<\/p>\n<p>Fax: +36 (1) 391-1410<\/p>\n<p>Honlap: http:\/\/naih.hu[\/vc_column_text][\/vc_column][\/vc_row]<\/p>\n<\/div>","protected":false},"excerpt":{"rendered":"<p>[vc_row][vc_column][vc_column_text] Kik vagyunk? C\u00e9gn\u00e9v: Tengerdi Kft. Sz\u00e9khely: Balatonm\u00e1riaf\u00fcrd\u0151, Vilma u. 9. Ad\u00f3sz\u00e1m:\u00a011238546-2-14 Cookie-k haszn\u00e1lata Ezen a honlapon \u00fan. cookie-kat haszn\u00e1lunk a felhaszn\u00e1l\u00f3i \u00e9lm\u00e9ny fokoz\u00e1sa \u00e9rdek\u00e9ben. A cookie, vagyis s\u00fcti egy olyan f\u00e1jl (adatsor), amit a weboldal l\u00e1togat\u00f3j\u00e1nak sz\u00e1m\u00edt\u00f3g\u00e9p\u00e9n, mobiltelefonj\u00e1n vagy egy\u00e9b, internetes hozz\u00e1f\u00e9r\u00e9st biztos\u00edt\u00f3 eszk\u00f6z\u00e9n hozhat l\u00e9tre a weboldalt megjelen\u00edt\u0151 program. A cookie-t a webszerver&hellip;<\/p>\n","protected":false},"author":3,"featured_media":0,"parent":0,"menu_order":0,"comment_status":"closed","ping_status":"closed","template":"","meta":{"footnotes":""},"class_list":["post-664","page","type-page","status-publish","hentry","description-off"],"yoast_head":"<!-- This site is optimized with the Yoast SEO plugin v27.1.1 - https:\/\/yoast.com\/product\/yoast-seo-wordpress\/ -->\n<title>Cookie-k kezel\u00e9se<\/title>\n<meta name=\"robots\" content=\"index, follow, max-snippet:-1, max-image-preview:large, max-video-preview:-1\" \/>\n<link rel=\"canonical\" href=\"https:\/\/tengerdi.hu\/cs\/cookie-k-kezelese\/\" \/>\n<meta property=\"og:locale\" content=\"cs_CZ\" \/>\n<meta property=\"og:locale:alternate\" content=\"hu_HU\" \/>\n<meta property=\"og:locale:alternate\" content=\"Deutschland\" \/>\n<meta property=\"og:locale:alternate\" content=\"en_US\" \/>\n<meta property=\"og:locale:alternate\" content=\"Polski\" \/>\n<meta property=\"og:type\" content=\"article\" \/>\n<meta property=\"og:title\" content=\"Cookie-k kezel\u00e9se\" \/>\n<meta property=\"og:description\" content=\"[vc_row][vc_column][vc_column_text] Kik vagyunk? C\u00e9gn\u00e9v: Tengerdi Kft. Sz\u00e9khely: Balatonm\u00e1riaf\u00fcrd\u0151, Vilma u. 9. Ad\u00f3sz\u00e1m:\u00a011238546-2-14 Cookie-k haszn\u00e1lata Ezen a honlapon \u00fan. cookie-kat haszn\u00e1lunk a felhaszn\u00e1l\u00f3i \u00e9lm\u00e9ny fokoz\u00e1sa \u00e9rdek\u00e9ben. A cookie, vagyis s\u00fcti egy olyan f\u00e1jl (adatsor), amit a weboldal l\u00e1togat\u00f3j\u00e1nak sz\u00e1m\u00edt\u00f3g\u00e9p\u00e9n, mobiltelefonj\u00e1n vagy egy\u00e9b, internetes hozz\u00e1f\u00e9r\u00e9st biztos\u00edt\u00f3 eszk\u00f6z\u00e9n hozhat l\u00e9tre a weboldalt megjelen\u00edt\u0151 program. A cookie-t a webszerver&hellip;\" \/>\n<meta property=\"og:url\" content=\"https:\/\/tengerdi.hu\/cs\/cookie-k-kezelese\/\" \/>\n<meta property=\"og:site_name\" content=\"Viktor Bor- \u00e9s Vend\u00e9gh\u00e1z **** \/ Wein- und Gasthaus Viktor ****\" \/>\n<meta property=\"article:modified_time\" content=\"2021-05-27T12:07:38+00:00\" \/>\n<meta name=\"twitter:card\" content=\"summary_large_image\" \/>\n<meta name=\"twitter:label1\" content=\"Odhadovan\u00e1 doba \u010dten\u00ed\" \/>\n\t<meta name=\"twitter:data1\" content=\"15 minut\" \/>\n<script type=\"application\/ld+json\" class=\"yoast-schema-graph\">{\"@context\":\"https:\/\/schema.org\",\"@graph\":[{\"@type\":\"WebPage\",\"@id\":\"https:\/\/tengerdi.hu\/cookie-k-kezelese\/\",\"url\":\"https:\/\/tengerdi.hu\/cookie-k-kezelese\/\",\"name\":\"Cookie-k kezel\u00e9se\",\"isPartOf\":{\"@id\":\"https:\/\/tengerdi.hu\/#website\"},\"datePublished\":\"2018-06-19T12:42:19+00:00\",\"dateModified\":\"2021-05-27T12:07:38+00:00\",\"breadcrumb\":{\"@id\":\"https:\/\/tengerdi.hu\/cookie-k-kezelese\/#breadcrumb\"},\"inLanguage\":\"cs-CZ\",\"potentialAction\":[{\"@type\":\"ReadAction\",\"target\":[\"https:\/\/tengerdi.hu\/cookie-k-kezelese\/\"]}]},{\"@type\":\"BreadcrumbList\",\"@id\":\"https:\/\/tengerdi.hu\/cookie-k-kezelese\/#breadcrumb\",\"itemListElement\":[{\"@type\":\"ListItem\",\"position\":1,\"name\":\"Kezd\u0151lap\",\"item\":\"https:\/\/tengerdi.hu\/\"},{\"@type\":\"ListItem\",\"position\":2,\"name\":\"Cookie-k kezel\u00e9se\"}]},{\"@type\":\"WebSite\",\"@id\":\"https:\/\/tengerdi.hu\/#website\",\"url\":\"https:\/\/tengerdi.hu\/\",\"name\":\"Viktor Bor- \u00e9s Vend\u00e9gh\u00e1z **** \/ Wein- und Gasthaus Viktor ****\",\"description\":\"... A Balaton vend\u00e9geinek...\",\"potentialAction\":[{\"@type\":\"SearchAction\",\"target\":{\"@type\":\"EntryPoint\",\"urlTemplate\":\"https:\/\/tengerdi.hu\/?s={search_term_string}\"},\"query-input\":{\"@type\":\"PropertyValueSpecification\",\"valueRequired\":true,\"valueName\":\"search_term_string\"}}],\"inLanguage\":\"cs-CZ\"}]}<\/script>\n<!-- \/ Yoast SEO plugin. -->","yoast_head_json":{"title":"Cookie-k kezel\u00e9se","robots":{"index":"index","follow":"follow","max-snippet":"max-snippet:-1","max-image-preview":"max-image-preview:large","max-video-preview":"max-video-preview:-1"},"canonical":"https:\/\/tengerdi.hu\/cs\/cookie-k-kezelese\/","og_locale":"cs_CZ","og_type":"article","og_title":"[:hu]Cookie-k kezel\u00e9se[:de]Cookie-k kezel\u00e9se[:] - Viktor Bor- \u00e9s Vend\u00e9gh\u00e1z **** \/ Wein- und Gasthaus Viktor ****","og_description":"[vc_row][vc_column][vc_column_text] Kik vagyunk? C\u00e9gn\u00e9v: Tengerdi Kft. Sz\u00e9khely: Balatonm\u00e1riaf\u00fcrd\u0151, Vilma u. 9. Ad\u00f3sz\u00e1m:\u00a011238546-2-14 Cookie-k haszn\u00e1lata Ezen a honlapon \u00fan. cookie-kat haszn\u00e1lunk a felhaszn\u00e1l\u00f3i \u00e9lm\u00e9ny fokoz\u00e1sa \u00e9rdek\u00e9ben. A cookie, vagyis s\u00fcti egy olyan f\u00e1jl (adatsor), amit a weboldal l\u00e1togat\u00f3j\u00e1nak sz\u00e1m\u00edt\u00f3g\u00e9p\u00e9n, mobiltelefonj\u00e1n vagy egy\u00e9b, internetes hozz\u00e1f\u00e9r\u00e9st biztos\u00edt\u00f3 eszk\u00f6z\u00e9n hozhat l\u00e9tre a weboldalt megjelen\u00edt\u0151 program. A cookie-t a webszerver&hellip;","og_url":"https:\/\/tengerdi.hu\/cs\/cookie-k-kezelese\/","og_site_name":"Viktor Bor- \u00e9s Vend\u00e9gh\u00e1z **** \/ Wein- und Gasthaus Viktor ****","article_modified_time":"2021-05-27T12:07:38+00:00","twitter_card":"summary_large_image","twitter_misc":{"Odhadovan\u00e1 doba \u010dten\u00ed":"15 minut"},"schema":{"@context":"https:\/\/schema.org","@graph":[{"@type":"WebPage","@id":"https:\/\/tengerdi.hu\/cookie-k-kezelese\/","url":"https:\/\/tengerdi.hu\/cookie-k-kezelese\/","name":"Cookie-k kezel\u00e9se","isPartOf":{"@id":"https:\/\/tengerdi.hu\/#website"},"datePublished":"2018-06-19T12:42:19+00:00","dateModified":"2021-05-27T12:07:38+00:00","breadcrumb":{"@id":"https:\/\/tengerdi.hu\/cookie-k-kezelese\/#breadcrumb"},"inLanguage":"cs-CZ","potentialAction":[{"@type":"ReadAction","target":["https:\/\/tengerdi.hu\/cookie-k-kezelese\/"]}]},{"@type":"BreadcrumbList","@id":"https:\/\/tengerdi.hu\/cookie-k-kezelese\/#breadcrumb","itemListElement":[{"@type":"ListItem","position":1,"name":"Kezd\u0151lap","item":"https:\/\/tengerdi.hu\/"},{"@type":"ListItem","position":2,"name":"Cookie-k kezel\u00e9se"}]},{"@type":"WebSite","@id":"https:\/\/tengerdi.hu\/#website","url":"https:\/\/tengerdi.hu\/","name":"Viktor Bor- \u00e9s Vend\u00e9gh\u00e1z **** \/ Wein- und Gasthaus Viktor ****","description":"... A Balaton vend\u00e9geinek...","potentialAction":[{"@type":"SearchAction","target":{"@type":"EntryPoint","urlTemplate":"https:\/\/tengerdi.hu\/?s={search_term_string}"},"query-input":{"@type":"PropertyValueSpecification","valueRequired":true,"valueName":"search_term_string"}}],"inLanguage":"cs-CZ"}]}},"_links":{"self":[{"href":"https:\/\/tengerdi.hu\/cs\/wp-json\/wp\/v2\/pages\/664","targetHints":{"allow":["GET"]}}],"collection":[{"href":"https:\/\/tengerdi.hu\/cs\/wp-json\/wp\/v2\/pages"}],"about":[{"href":"https:\/\/tengerdi.hu\/cs\/wp-json\/wp\/v2\/types\/page"}],"author":[{"embeddable":true,"href":"https:\/\/tengerdi.hu\/cs\/wp-json\/wp\/v2\/users\/3"}],"replies":[{"embeddable":true,"href":"https:\/\/tengerdi.hu\/cs\/wp-json\/wp\/v2\/comments?post=664"}],"version-history":[{"count":6,"href":"https:\/\/tengerdi.hu\/cs\/wp-json\/wp\/v2\/pages\/664\/revisions"}],"predecessor-version":[{"id":1191,"href":"https:\/\/tengerdi.hu\/cs\/wp-json\/wp\/v2\/pages\/664\/revisions\/1191"}],"wp:attachment":[{"href":"https:\/\/tengerdi.hu\/cs\/wp-json\/wp\/v2\/media?parent=664"}],"curies":[{"name":"wp","href":"https:\/\/api.w.org\/{rel}","templated":true}]}}