{"id":1513,"date":"2023-02-25T13:33:03","date_gmt":"2023-02-25T13:33:03","guid":{"rendered":"http:\/\/tengerdi.hu\/?page_id=1513"},"modified":"2025-03-17T20:03:17","modified_gmt":"2025-03-17T20:03:17","slug":"rolunk","status":"publish","type":"page","link":"https:\/\/tengerdi.hu\/cs\/rolunk\/","title":{"rendered":"O n\u00e1s"},"content":{"rendered":"<div class=\"wpb-content-wrapper\"><p>[vc_row gap=&#8220;10&#8243; equal_height=&#8220;yes&#8220; content_placement=&#8220;middle&#8220; css=&#8220;.vc_custom_1677334401038{margin-top: -40px !important;}&#8220;][vc_column width=&#8220;1\/3&#8243;][vc_column_text css=&#8220;&#8220;]<\/p>\n<p style=\"text-align: center;\"><strong><a href=\"https:\/\/tengerdi.hu\/cs\/strandgrill-erika-gyorsetterme\/\" target=\"_blank\" rel=\"noopener\">FR\u00d6CCSTERASZ &#038; STRANDGRILL ERIKA FAST FOOD<\/a><\/strong><\/p>\n<p>[\/vc_column_text][\/vc_column][vc_column width=&#8220;1\/3&#8243;][vc_column_text css=&#8220;&#8220;]<\/p>\n<p style=\"text-align: center;\"><strong><a href=\"https:\/\/tengerdi.hu\/vinoteka\/\" target=\"_blank\" rel=\"noopener\">VINOT\u00c9KA<\/a><\/strong><\/p>\n<p>[\/vc_column_text][\/vc_column][vc_column width=&#8220;1\/3&#8243;][vc_column_text css=&#8220;&#8220;]<\/p>\n<p style=\"text-align: center;\"><strong><a href=\"https:\/\/tengerdi.hu\/cs\/a-tengerdi-csalad\/\" target=\"_blank\" rel=\"noopener\">RODINA TENGERDI<\/a><\/strong><\/p>\n<p>[\/vc_column_text][\/vc_column][\/vc_row][vc_row disable_element=&#8220;yes&#8220;][vc_column][vc_separator][vc_custom_heading text=&#8220;Tengerdi&#8220; font_container=&#8220;tag:h1|font_size:60%20px|text_align:center|color:%23c5ab6b|line_height:65%20px&#8220; google_fonts=&#8220;font_family:Great%20Vibes%3Aregular|font_style:400%20regular%3A400%3Anormal&#8220;][vc_custom_heading text=&#8220;Ismerjen meg minket!&#8220; font_container=&#8220;tag:h2|font_size:50%20px|text_align:center|color:%23303030|line_height:55%20px&#8220; use_theme_fonts=&#8220;yes&#8220;]<div class=\"hr-thin style-double\" style=\"width: 10%;border-top-width: 3px;\"><\/div>[\/vc_column][\/vc_row][vc_row disable_element=&#8220;yes&#8220; css=&#8220;.vc_custom_1742241606240{padding-top: 40px !important;}&#8220;][vc_column][vc_custom_heading text=&#8220;Kedves pihenni v\u00e1gy\u00f3!&#8220; font_container=&#8220;tag:h3|font_size:40%20px|text_align:left|color:%23c5ab6b|line_height:65%20px&#8220; google_fonts=&#8220;font_family:Great%20Vibes%3Aregular|font_style:400%20regular%3A400%3Anormal&#8220;][vc_column_text]<\/p>\n<h4 style=\"font-weight: 400;\"><strong>\u00dcdv\u00f6z\u00f6lj\u00fck a Tengerdi Kft. honlapj\u00e1n!<\/strong><\/h4>\n<p>[\/vc_column_text][vc_column_text]<\/p>\n<p style=\"font-weight: 400;\">N\u00e1lunk megtal\u00e1lja azokat a turisztikai szolg\u00e1ltat\u00e1sokat, attrakci\u00f3kat, amelyek seg\u00edts\u00e9g\u00e9vel kellemes, felejthetetlen \u00e9lm\u00e9nyekkel t\u00e9rhet haza a Magyar Tenger partj\u00e1r\u00f3l.<\/p>\n<p style=\"font-weight: 400;\">K\u00edn\u00e1lunk \u00d6nnek \u00e9s csal\u00e1dj\u00e1nak egy n\u00e9gycsillagos panzi\u00f3t, Balatonm\u00e1riaf\u00fcrd\u0151 egyik legszebb kereskedelmi sz\u00e1ll\u00e1shely\u00e9t, a Viktor Bor- \u00e9s Vend\u00e9gh\u00e1zat. A Viktorban a n\u00e9gycsillagos min\u0151s\u00e9g\u0171 szob\u00e1kon k\u00edv\u00fcl \u00e9lvezhetik a wellness, a fitnesz ny\u00fajtotta szolg\u00e1ltat\u00e1sokat, saj\u00e1t bor\u00e1szatunk borait \u00e9s saj\u00e1t borainkb\u00f3l p\u00e1rolt p\u00e1link\u00e1kat. A borainkat nemcsak helyben fogyaszthatj\u00e1k, de azokat vinot\u00e9k\u00e1nkban diszkont kiszerel\u00e9sben \u00e9s \u00e1ron megv\u00e1s\u00e1rolhatj\u00e1k.<\/p>\n<p style=\"font-weight: 400;\">A 100 m t\u00e1vols\u00e1gban elhelyezked\u0151 balatonm\u00e1riaf\u00fcrd\u0151i K\u00e9k Hull\u00e1m z\u00e1szl\u00f3val kit\u00fcntetett strandon tal\u00e1lhat\u00f3 a Fr\u00f6ccsterasz \u00e9s Strandgrill Erika strandi gyors\u00e9tterm\u00fcnk, ahol modern beach food \u00e9s hagyom\u00e1nyos strandi \u00e9telekkel v\u00e1rjuk a strandol\u00f3kat. Fr\u00f6ccsk\u00e1rty\u00e1nkon minden ismert \u00e9s sz\u00e1mos k\u00fcl\u00f6nleges fr\u00f6ccsfajta szerepel \u2013 emellett a helyben k\u00e9sz\u00fclt limon\u00e1d\u00e9kkal \u00e9s sz\u00e1mos fajta csapolt s\u00f6rrel \u00f6bl\u00edthetik le a strandi \u00e9tkeket.<\/p>\n<p style=\"font-weight: 400;\">A strandi \u00fczlet\u00fcnk felett \u00f6t apartmannal v\u00e1rjuk a k\u00f6zvetlen v\u00edzparton pihenni v\u00e1gy\u00f3 vend\u00e9geinket. Az Aranyh\u00edd \u00e9s Ez\u00fcsth\u00edd apartmanokban egy-egy csal\u00e1d k\u00e9nyelmes elhelyez\u00e9s\u00e9t tudjuk megoldani. A Magyar Tenger \u00f6t szob\u00e1j\u00e1val kilenc f\u0151ig tud vend\u00e9get fogadni, a Bogl\u00e1rka \u00e9s Levente apartmanok 8-8 f\u0151 kapacit\u00e1ssal rendelkeznek.<\/p>\n<p style=\"font-weight: 400;\">Minden sz\u00e1ll\u00e1sunk kl\u00edm\u00e1val ell\u00e1tott, vend\u00e9geink f\u0151szezonban \u0151rz\u00f6tt parkol\u00f3ban parkolhatnak, nekik ingyen bel\u00e9p\u00e9st biztos\u00edtunk a k\u00f6zponti, fizet\u0151 strandra.<\/p>\n<p style=\"font-weight: 400;\">A menedzsment t\u00f6bb, mint h\u00e1rom \u00e9vtizedes szakmai tapasztalata \u00e9s a visszat\u00e9r\u0151 vend\u00e9gek magas sz\u00e1ma szakmai garancia arra, hogy minden vend\u00e9g kellemes eml\u00e9kekkel t\u00e1vozik.<\/p>\n<p style=\"font-weight: 400;\"><em>V\u00e1rjuk egy kellemes balatoni pihen\u00e9sre, legyen vend\u00e9g\u00fcnk!<\/em><\/p>\n<p>[\/vc_column_text][\/vc_column][\/vc_row]<\/p>\n<\/div>","protected":false},"excerpt":{"rendered":"<p>[vc_row gap=&#8220;10&#8243; equal_height=&#8220;yes&#8220; content_placement=&#8220;middle&#8220; css=&#8220;.vc_custom_1677334401038{margin-top: -40px !important;}&#8220;][vc_column width=&#8220;1\/3&#8243;][vc_column_text css=&#8220;&#8220;] FR\u00d6CCSTERASZ &#038; STRANDGRILL ERIKA FAST FOOD [\/vc_column_text][\/vc_column][vc_column width=&#8220;1\/3&#8243;][vc_column_text css=&#8220;&#8220;] VINOT\u00c9KA [\/vc_column_text][\/vc_column][vc_column width=&#8220;1\/3&#8243;][vc_column_text css=&#8220;&#8220;] RODINA TENGERDI [\/vc_column_text][\/vc_column][\/vc_row][vc_row disable_element=&#8220;yes&#8220;][vc_column][vc_separator][vc_custom_heading text=&#8220;Tengerdi&#8220; font_container=&#8220;tag:h1|font_size:60%20px|text_align:center|color:%23c5ab6b|line_height:65%20px&#8220; google_fonts=&#8220;font_family:Great%20Vibes%3Aregular|font_style:400%20regular%3A400%3Anormal&#8220;][vc_custom_heading text=&#8220;Ismerjen meg minket!&#8220; font_container=&#8220;tag:h2|font_size:50%20px|text_align:center|color:%23303030|line_height:55%20px&#8220; use_theme_fonts=&#8220;yes&#8220;][\/vc_column][\/vc_row][vc_row disable_element=&#8220;yes&#8220; css=&#8220;.vc_custom_1742241606240{padding-top: 40px !important;}&#8220;][vc_column][vc_custom_heading text=&#8220;Kedves pihenni v\u00e1gy\u00f3!&#8220; font_container=&#8220;tag:h3|font_size:40%20px|text_align:left|color:%23c5ab6b|line_height:65%20px&#8220; google_fonts=&#8220;font_family:Great%20Vibes%3Aregular|font_style:400%20regular%3A400%3Anormal&#8220;][vc_column_text] \u00dcdv\u00f6z\u00f6lj\u00fck a Tengerdi Kft. honlapj\u00e1n! [\/vc_column_text][vc_column_text] N\u00e1lunk megtal\u00e1lja azokat a turisztikai szolg\u00e1ltat\u00e1sokat,&hellip;<\/p>\n","protected":false},"author":3,"featured_media":0,"parent":0,"menu_order":0,"comment_status":"closed","ping_status":"closed","template":"","meta":{"footnotes":""},"class_list":["post-1513","page","type-page","status-publish","hentry","description-off"],"yoast_head":"<!-- This site is optimized with the Yoast SEO plugin v27.1.1 - https:\/\/yoast.com\/product\/yoast-seo-wordpress\/ -->\n<title>O n\u00e1s<\/title>\n<meta name=\"robots\" content=\"index, follow, max-snippet:-1, max-image-preview:large, max-video-preview:-1\" \/>\n<link rel=\"canonical\" href=\"https:\/\/tengerdi.hu\/cs\/rolunk\/\" \/>\n<meta property=\"og:locale\" content=\"cs_CZ\" \/>\n<meta property=\"og:locale:alternate\" content=\"hu_HU\" \/>\n<meta property=\"og:locale:alternate\" content=\"Deutschland\" \/>\n<meta property=\"og:locale:alternate\" content=\"en_US\" \/>\n<meta property=\"og:locale:alternate\" content=\"Polski\" \/>\n<meta property=\"og:type\" content=\"article\" \/>\n<meta property=\"og:title\" content=\"O n\u00e1s\" \/>\n<meta property=\"og:description\" content=\"[vc_row gap=&#8220;10&#8243; equal_height=&#8220;yes&#8220; content_placement=&#8220;middle&#8220; css=&#8220;.vc_custom_1677334401038{margin-top: -40px !important;}&#8220;][vc_column width=&#8220;1\/3&#8243;][vc_column_text css=&#8220;&#8220;] FR\u00d6CCSTERASZ &amp; STRANDGRILL ERIKA FAST FOOD [\/vc_column_text][\/vc_column][vc_column width=&#8220;1\/3&#8243;][vc_column_text css=&#8220;&#8220;] VINOT\u00c9KA [\/vc_column_text][\/vc_column][vc_column width=&#8220;1\/3&#8243;][vc_column_text css=&#8220;&#8220;] RODINA TENGERDI [\/vc_column_text][\/vc_column][\/vc_row][vc_row disable_element=&#8220;yes&#8220;][vc_column][vc_separator][vc_custom_heading text=&#8220;Tengerdi&#8220; font_container=&#8220;tag:h1|font_size:60%20px|text_align:center|color:%23c5ab6b|line_height:65%20px&#8220; google_fonts=&#8220;font_family:Great%20Vibes%3Aregular|font_style:400%20regular%3A400%3Anormal&#8220;][vc_custom_heading text=&#8220;Ismerjen meg minket!&#8220; font_container=&#8220;tag:h2|font_size:50%20px|text_align:center|color:%23303030|line_height:55%20px&#8220; use_theme_fonts=&#8220;yes&#8220;][\/vc_column][\/vc_row][vc_row disable_element=&#8220;yes&#8220; css=&#8220;.vc_custom_1742241606240{padding-top: 40px !important;}&#8220;][vc_column][vc_custom_heading text=&#8220;Kedves pihenni v\u00e1gy\u00f3!&#8220; font_container=&#8220;tag:h3|font_size:40%20px|text_align:left|color:%23c5ab6b|line_height:65%20px&#8220; google_fonts=&#8220;font_family:Great%20Vibes%3Aregular|font_style:400%20regular%3A400%3Anormal&#8220;][vc_column_text] \u00dcdv\u00f6z\u00f6lj\u00fck a Tengerdi Kft. honlapj\u00e1n! [\/vc_column_text][vc_column_text] N\u00e1lunk megtal\u00e1lja azokat a turisztikai szolg\u00e1ltat\u00e1sokat,&hellip;\" \/>\n<meta property=\"og:url\" content=\"https:\/\/tengerdi.hu\/cs\/rolunk\/\" \/>\n<meta property=\"og:site_name\" content=\"Viktor Bor- \u00e9s Vend\u00e9gh\u00e1z **** \/ Wein- und Gasthaus Viktor ****\" \/>\n<meta property=\"article:modified_time\" content=\"2025-03-17T20:03:17+00:00\" \/>\n<meta name=\"twitter:card\" content=\"summary_large_image\" \/>\n<meta name=\"twitter:label1\" content=\"Odhadovan\u00e1 doba \u010dten\u00ed\" \/>\n\t<meta name=\"twitter:data1\" content=\"2 minuty\" \/>\n<script type=\"application\/ld+json\" class=\"yoast-schema-graph\">{\"@context\":\"https:\/\/schema.org\",\"@graph\":[{\"@type\":\"WebPage\",\"@id\":\"https:\/\/tengerdi.hu\/pl\/rolunk\/\",\"url\":\"https:\/\/tengerdi.hu\/pl\/rolunk\/\",\"name\":\"O n\u00e1s\",\"isPartOf\":{\"@id\":\"https:\/\/tengerdi.hu\/#website\"},\"datePublished\":\"2023-02-25T13:33:03+00:00\",\"dateModified\":\"2025-03-17T20:03:17+00:00\",\"breadcrumb\":{\"@id\":\"https:\/\/tengerdi.hu\/pl\/rolunk\/#breadcrumb\"},\"inLanguage\":\"cs-CZ\",\"potentialAction\":[{\"@type\":\"ReadAction\",\"target\":[\"https:\/\/tengerdi.hu\/pl\/rolunk\/\"]}]},{\"@type\":\"BreadcrumbList\",\"@id\":\"https:\/\/tengerdi.hu\/pl\/rolunk\/#breadcrumb\",\"itemListElement\":[{\"@type\":\"ListItem\",\"position\":1,\"name\":\"Kezd\u0151lap\",\"item\":\"https:\/\/tengerdi.hu\/\"},{\"@type\":\"ListItem\",\"position\":2,\"name\":\"O nas\"}]},{\"@type\":\"WebSite\",\"@id\":\"https:\/\/tengerdi.hu\/#website\",\"url\":\"https:\/\/tengerdi.hu\/\",\"name\":\"Viktor Bor- \u00e9s Vend\u00e9gh\u00e1z **** \/ Wein- und Gasthaus Viktor ****\",\"description\":\"... A Balaton vend\u00e9geinek...\",\"potentialAction\":[{\"@type\":\"SearchAction\",\"target\":{\"@type\":\"EntryPoint\",\"urlTemplate\":\"https:\/\/tengerdi.hu\/?s={search_term_string}\"},\"query-input\":{\"@type\":\"PropertyValueSpecification\",\"valueRequired\":true,\"valueName\":\"search_term_string\"}}],\"inLanguage\":\"cs-CZ\"}]}<\/script>\n<!-- \/ Yoast SEO plugin. -->","yoast_head_json":{"title":"O n\u00e1s","robots":{"index":"index","follow":"follow","max-snippet":"max-snippet:-1","max-image-preview":"max-image-preview:large","max-video-preview":"max-video-preview:-1"},"canonical":"https:\/\/tengerdi.hu\/cs\/rolunk\/","og_locale":"cs_CZ","og_type":"article","og_title":"[:hu]R\u00f3lunk[:de]\u00dcber uns[:en]About[:cs]O n\u00e1s[:pl]O nas[:] - Viktor Bor- \u00e9s Vend\u00e9gh\u00e1z **** \/ Wein- und Gasthaus Viktor ****","og_description":"[vc_row gap=&#8220;10&#8243; equal_height=&#8220;yes&#8220; content_placement=&#8220;middle&#8220; css=&#8220;.vc_custom_1677334401038{margin-top: -40px !important;}&#8220;][vc_column width=&#8220;1\/3&#8243;][vc_column_text css=&#8220;&#8220;] FR\u00d6CCSTERASZ &#038; STRANDGRILL ERIKA FAST FOOD [\/vc_column_text][\/vc_column][vc_column width=&#8220;1\/3&#8243;][vc_column_text css=&#8220;&#8220;] VINOT\u00c9KA [\/vc_column_text][\/vc_column][vc_column width=&#8220;1\/3&#8243;][vc_column_text css=&#8220;&#8220;] RODINA TENGERDI [\/vc_column_text][\/vc_column][\/vc_row][vc_row disable_element=&#8220;yes&#8220;][vc_column][vc_separator][vc_custom_heading text=&#8220;Tengerdi&#8220; font_container=&#8220;tag:h1|font_size:60%20px|text_align:center|color:%23c5ab6b|line_height:65%20px&#8220; google_fonts=&#8220;font_family:Great%20Vibes%3Aregular|font_style:400%20regular%3A400%3Anormal&#8220;][vc_custom_heading text=&#8220;Ismerjen meg minket!&#8220; font_container=&#8220;tag:h2|font_size:50%20px|text_align:center|color:%23303030|line_height:55%20px&#8220; use_theme_fonts=&#8220;yes&#8220;][\/vc_column][\/vc_row][vc_row disable_element=&#8220;yes&#8220; css=&#8220;.vc_custom_1742241606240{padding-top: 40px !important;}&#8220;][vc_column][vc_custom_heading text=&#8220;Kedves pihenni v\u00e1gy\u00f3!&#8220; font_container=&#8220;tag:h3|font_size:40%20px|text_align:left|color:%23c5ab6b|line_height:65%20px&#8220; google_fonts=&#8220;font_family:Great%20Vibes%3Aregular|font_style:400%20regular%3A400%3Anormal&#8220;][vc_column_text] \u00dcdv\u00f6z\u00f6lj\u00fck a Tengerdi Kft. honlapj\u00e1n! [\/vc_column_text][vc_column_text] N\u00e1lunk megtal\u00e1lja azokat a turisztikai szolg\u00e1ltat\u00e1sokat,&hellip;","og_url":"https:\/\/tengerdi.hu\/cs\/rolunk\/","og_site_name":"Viktor Bor- \u00e9s Vend\u00e9gh\u00e1z **** \/ Wein- und Gasthaus Viktor ****","article_modified_time":"2025-03-17T20:03:17+00:00","twitter_card":"summary_large_image","twitter_misc":{"Odhadovan\u00e1 doba \u010dten\u00ed":"2 minuty"},"schema":{"@context":"https:\/\/schema.org","@graph":[{"@type":"WebPage","@id":"https:\/\/tengerdi.hu\/pl\/rolunk\/","url":"https:\/\/tengerdi.hu\/pl\/rolunk\/","name":"O n\u00e1s","isPartOf":{"@id":"https:\/\/tengerdi.hu\/#website"},"datePublished":"2023-02-25T13:33:03+00:00","dateModified":"2025-03-17T20:03:17+00:00","breadcrumb":{"@id":"https:\/\/tengerdi.hu\/pl\/rolunk\/#breadcrumb"},"inLanguage":"cs-CZ","potentialAction":[{"@type":"ReadAction","target":["https:\/\/tengerdi.hu\/pl\/rolunk\/"]}]},{"@type":"BreadcrumbList","@id":"https:\/\/tengerdi.hu\/pl\/rolunk\/#breadcrumb","itemListElement":[{"@type":"ListItem","position":1,"name":"Kezd\u0151lap","item":"https:\/\/tengerdi.hu\/"},{"@type":"ListItem","position":2,"name":"O nas"}]},{"@type":"WebSite","@id":"https:\/\/tengerdi.hu\/#website","url":"https:\/\/tengerdi.hu\/","name":"Viktor Bor- \u00e9s Vend\u00e9gh\u00e1z **** \/ Wein- und Gasthaus Viktor ****","description":"... A Balaton vend\u00e9geinek...","potentialAction":[{"@type":"SearchAction","target":{"@type":"EntryPoint","urlTemplate":"https:\/\/tengerdi.hu\/?s={search_term_string}"},"query-input":{"@type":"PropertyValueSpecification","valueRequired":true,"valueName":"search_term_string"}}],"inLanguage":"cs-CZ"}]}},"_links":{"self":[{"href":"https:\/\/tengerdi.hu\/cs\/wp-json\/wp\/v2\/pages\/1513","targetHints":{"allow":["GET"]}}],"collection":[{"href":"https:\/\/tengerdi.hu\/cs\/wp-json\/wp\/v2\/pages"}],"about":[{"href":"https:\/\/tengerdi.hu\/cs\/wp-json\/wp\/v2\/types\/page"}],"author":[{"embeddable":true,"href":"https:\/\/tengerdi.hu\/cs\/wp-json\/wp\/v2\/users\/3"}],"replies":[{"embeddable":true,"href":"https:\/\/tengerdi.hu\/cs\/wp-json\/wp\/v2\/comments?post=1513"}],"version-history":[{"count":46,"href":"https:\/\/tengerdi.hu\/cs\/wp-json\/wp\/v2\/pages\/1513\/revisions"}],"predecessor-version":[{"id":2594,"href":"https:\/\/tengerdi.hu\/cs\/wp-json\/wp\/v2\/pages\/1513\/revisions\/2594"}],"wp:attachment":[{"href":"https:\/\/tengerdi.hu\/cs\/wp-json\/wp\/v2\/media?parent=1513"}],"curies":[{"name":"wp","href":"https:\/\/api.w.org\/{rel}","templated":true}]}}