{"id":1366,"date":"2023-02-23T19:12:43","date_gmt":"2023-02-23T19:12:43","guid":{"rendered":"http:\/\/tengerdi.hu\/?page_id=1366"},"modified":"2025-03-16T17:33:18","modified_gmt":"2025-03-16T17:33:18","slug":"kezdolap-uj","status":"publish","type":"page","link":"https:\/\/tengerdi.hu\/cs\/","title":{"rendered":"Tengerdi"},"content":{"rendered":"<div class=\"wpb-content-wrapper\"><p>[vc_row content_placement=&#8220;top&#8220;][vc_column width=&#8220;1\/2&#8243; el_class=&#8220;dpano&#8220; offset=&#8220;vc_hidden-sm vc_hidden-xs&#8220; css=&#8220;.vc_custom_1677180966389{margin-top: -300px !important;}&#8220;]<div class=\"dt-fancy-separator\" style=\"width: 100%;\"><div class=\"dt-fancy-title\" style=\"color: #ffffff;\"><span class=\"separator-holder separator-left\"><\/span>3D Tour Viktor Wine &amp; Guesthouse<span class=\"separator-holder separator-right\"><\/span><\/div><\/div>[vc_single_image image=&#8220;113&#8243; img_size=&#8220;full&#8220; alignment=&#8220;center&#8220; style=&#8220;vc_box_border&#8220; border_color=&#8220;white&#8220; onclick=&#8220;custom_link&#8220; img_link_target=&#8220;_blank&#8220; css=&#8220;.vc_custom_1687887874574{padding-top: 30px !important;}&#8220; image_hovers=&#8220;false&#8220; link=&#8220;https:\/\/www.3dpano.hu\/Viktor_vendeghaz\/&#8220;][\/vc_column][vc_column width=&#8220;1\/2&#8243; el_class=&#8220;dpano&#8220; offset=&#8220;vc_hidden-sm vc_hidden-xs&#8220; css=&#8220;.vc_custom_1677180975490{margin-top: -300px !important;}&#8220;]<div class=\"dt-fancy-separator\" style=\"width: 100%;\"><div class=\"dt-fancy-title\" style=\"color: #ffffff;\"><span class=\"separator-holder separator-left\"><\/span>3D Tour Fr\u00f6ccsterasz &amp; Strandgrill Erika<span class=\"separator-holder separator-right\"><\/span><\/div><\/div>[vc_single_image image=&#8220;114&#8243; img_size=&#8220;full&#8220; alignment=&#8220;center&#8220; style=&#8220;vc_box_border&#8220; border_color=&#8220;white&#8220; onclick=&#8220;custom_link&#8220; img_link_target=&#8220;_blank&#8220; css=&#8220;.vc_custom_1687887867034{padding-top: 30px !important;}&#8220; image_hovers=&#8220;false&#8220; link=&#8220;https:\/\/www.3dpano.hu\/Viktor_Strand_bufe\/&#8220;][\/vc_column][\/vc_row][vc_row content_placement=&#8220;top&#8220;][vc_column width=&#8220;1\/2&#8243; offset=&#8220;vc_hidden-lg vc_hidden-md&#8220;]<div class=\"dt-fancy-separator\" style=\"width: 100%;\"><div class=\"dt-fancy-title\"><span class=\"separator-holder separator-left\"><\/span>3D Tour Viktor Wine &amp; Guesthouse<span class=\"separator-holder separator-right\"><\/span><\/div><\/div>[vc_single_image image=&#8220;113&#8243; img_size=&#8220;full&#8220; alignment=&#8220;center&#8220; style=&#8220;vc_box_border&#8220; border_color=&#8220;white&#8220; onclick=&#8220;custom_link&#8220; img_link_target=&#8220;_blank&#8220; css=&#8220;.vc_custom_1677179650926{padding-top: 30px !important;}&#8220; image_hovers=&#8220;false&#8220; link=&#8220;http:\/\/www.3dpano.hu\/Viktor_vendeghaz\/&#8220;][\/vc_column][vc_column width=&#8220;1\/2&#8243; offset=&#8220;vc_hidden-lg vc_hidden-md&#8220;]<div class=\"dt-fancy-separator\" style=\"width: 100%;\"><div class=\"dt-fancy-title\"><span class=\"separator-holder separator-left\"><\/span>3D Tour Fr\u00f6ccsterasz &amp; Strandgrill Erika<span class=\"separator-holder separator-right\"><\/span><\/div><\/div>[vc_single_image image=&#8220;114&#8243; img_size=&#8220;full&#8220; alignment=&#8220;center&#8220; style=&#8220;vc_box_border&#8220; border_color=&#8220;white&#8220; onclick=&#8220;custom_link&#8220; img_link_target=&#8220;_blank&#8220; css=&#8220;.vc_custom_1677179656621{padding-top: 30px !important;}&#8220; image_hovers=&#8220;false&#8220; link=&#8220;http:\/\/www.3dpano.hu\/Viktor_Strand_bufe\/&#8220;][\/vc_column][\/vc_row][vc_row equal_height=&#8220;yes&#8220; css=&#8220;.vc_custom_1677181027636{padding-top: 40px !important;}&#8220;][vc_column width=&#8220;1\/2&#8243; offset=&#8220;vc_hidden-sm vc_hidden-xs&#8220;][vc_single_image image=&#8220;141&#8243; img_size=&#8220;full&#8220; image_hovers=&#8220;false&#8220;][\/vc_column][vc_column width=&#8220;1\/2&#8243;][vc_custom_heading text=&#8220;Mil\u00fd, kdo si chce odpo\u010dinout!&#8220; font_container=&#8220;tag:h2|font_size:40px|text_align:left|color:%23c5ab6b|line_height:45px&#8220; google_fonts=&#8220;font_family:Great%20Vibes%3Aregular|font_style:400%20regular%3A400%3Anormal&#8220; css=&#8220;&#8220;][vc_column_text css=&#8220;&#8220;]<\/p>\n<h4 style=\"font-weight: 400;\">V\u00edtejte na webov\u00fdch str\u00e1nk\u00e1ch Tengerdi sro!<\/h4>\n<p style=\"font-weight: 400;\">Nab\u00edz\u00edme V\u00e1m a Va\u0161\u00ed rodin\u011b kvalitn\u00ed penzion, jedno z nejkr\u00e1sn\u011bj\u0161\u00edch komer\u010dn\u00edch ubytov\u00e1n\u00ed v Balatonm\u00e1riaf\u00fcrd\u0151, Viktor Bor- \u00e9s Vend\u00e9gh\u00e1z. D\u016fm a jeho vybaven\u00ed byly rekonstruov\u00e1ny v letech 2023 a 2025. Ve Viktorovi si krom\u011b standardn\u00edch a pr\u00e9miov\u00fdch pokoj\u016f m\u016f\u017eete u\u017e\u00edt slu\u017eby knihovny, wellness, fitness, h\u0159i\u0161t\u011b a v\u00edna vlastn\u00edho vina\u0159stv\u00ed. Pr\u00e9miov\u00e9 pokoje z\u0159\u00edzen\u00e9 v roce 2023 maj\u00ed bez v\u00fdjimky podlahovou plochu v\u00edce ne\u017e 30 m2 s velkoplo\u0161nou TV, jedine\u010dn\u00fdm designem, barvami a n\u00e1bytkem a zvukot\u011bsn\u00fdmi st\u011bnami. Na\u0161e v\u00edna si m\u016f\u017eete nejen vychutnat lok\u00e1ln\u011b, ale m\u016f\u017eete si je tak\u00e9 zakoupit v na\u0161\u00ed vinot\u00e9ce ve zv\u00fdhodn\u011bn\u00fdch bal\u00ed\u010dc\u00edch a cen\u00e1ch.<\/p>\n<p>[\/vc_column_text][\/vc_column][\/vc_row][vc_row][vc_column offset=&#8220;vc_hidden-lg vc_hidden-md&#8220;][vc_single_image image=&#8220;141&#8243; img_size=&#8220;full&#8220; image_hovers=&#8220;false&#8220;][\/vc_column][\/vc_row][vc_row][vc_column][vc_column_text css=&#8220;&#8220;]<\/p>\n<p style=\"font-weight: 400;\">Na p\u011btihv\u011bzdi\u010dkov\u00e9 pl\u00e1\u017ei Balatonm\u00e1riaf\u00fcrd\u0151, ocen\u011bn\u00e9 vlajkou Modr\u00e9 vlny, vzd\u00e1len\u00e9 100 m, najdete n\u00e1\u0161 pl\u00e1\u017eov\u00fd fast food Fr\u00f6ccterasz a Strandgrill Erika, kde v\u00edt\u00e1me n\u00e1v\u0161t\u011bvn\u00edky pl\u00e1\u017ee modern\u00edm pl\u00e1\u017eov\u00fdm j\u00eddlem a tradi\u010dn\u00edmi pl\u00e1\u017eov\u00fdmi pokrmy. Na\u0161e splash karta obsahuje v\u0161echny zn\u00e1m\u00e9 a mnoho speci\u00e1ln\u00edch druh\u016f \u0161plouchnut\u00ed &#8211; nav\u00edc m\u016f\u017eete spl\u00e1chnout pl\u00e1\u017eov\u00e1 j\u00eddla m\u00edstn\u00ed limon\u00e1dou a mnoha druhy to\u010den\u00e9ho piva.<\/p>\n<p style=\"font-weight: 400;\">Nad na\u0161\u00edm pl\u00e1\u017eov\u00fdm obchodem \u010dek\u00e1me na na\u0161e hosty, kte\u0159\u00ed si cht\u011bj\u00ed odpo\u010dinout p\u0159\u00edmo na b\u0159ehu s p\u011bti apartm\u00e1ny. Na\u0161e apartm\u00e1ny byly zrekonstruov\u00e1ny v roce 2025. V apartm\u00e1nech Aranyh\u00edd a Ez\u00fcsth\u00edd m\u016f\u017eeme pohodln\u011b ubytovat rodinu. Magyar Tenger se sv\u00fdmi p\u011bti pokoji pojme a\u017e dev\u011bt host\u016f, apartm\u00e1ny Bogl\u00e1rka a Levente maj\u00ed kapacitu ka\u017ed\u00fd 8 osob.<\/p>\n<p style=\"font-weight: 400;\">V\u0161echna na\u0161e ubytov\u00e1n\u00ed jsou klimatizov\u00e1na a na\u0161i host\u00e9 mohou b\u011bhem hlavn\u00ed sez\u00f3ny parkovat na hl\u00eddan\u00e9m parkovi\u0161ti a poskytujeme jim bezplatn\u00fd vstup na centr\u00e1ln\u00ed, placenou pl\u00e1\u017e.<\/p>\n<p style=\"font-weight: 400;\">V\u00edce ne\u017e t\u0159i desetilet\u00ed odborn\u00fdch zku\u0161enost\u00ed managementu a vysok\u00fd po\u010det vracej\u00edc\u00edch se host\u016f jsou profesion\u00e1ln\u00ed z\u00e1rukou, \u017ee ka\u017ed\u00fd host odch\u00e1z\u00ed s p\u0159\u00edjemn\u00fdmi vzpom\u00ednkami.<\/p>\n<p style=\"font-weight: 400;\"><em>T\u011b\u0161\u00edme se na p\u0159\u00edjemnou dovolenou na Balatonu, bu\u010fte na\u0161\u00edm hostem!<\/em><\/p>\n<p>[\/vc_column_text][\/vc_column][\/vc_row][vc_row full_width=&#8220;stretch_row&#8220; equal_height=&#8220;yes&#8220; content_placement=&#8220;top&#8220; css=&#8220;.vc_custom_1677192226660{padding-top: 30px !important;padding-bottom: 30px !important;background-color: #eaeaea !important;}&#8220;][vc_column width=&#8220;1\/3&#8243; css=&#8220;.vc_custom_1677192084601{background-color: #ffffff !important;}&#8220;]<div class=\"aio-icon-component    style_2\"><div id=\"Info-box-wrap-6523\" class=\"aio-icon-box top-icon\" style=\"\"  ><div class=\"aio-icon-top\"><div class=\"ult-just-icon-wrapper  \"><div class=\"align-icon\" style=\"text-align:center;\">\n<div class=\"aio-icon none \"  style=\"color:#333;font-size:32px;display:inline-block;\">\n\t<i class=\"icomoon-free-social-contact-16x16-envelop\"><\/i>\n<\/div><\/div><\/div><\/div><div class=\"aio-icon-header\" ><h3 class=\"aio-icon-title ult-responsive\"  data-ultimate-target='#Info-box-wrap-6523 .aio-icon-title'  data-responsive-json-new='{\"font-size\":\"\",\"line-height\":\"\"}'  style=\"\">REZERVACE E-MAILEM:<\/h3><\/div> <!-- header --><div class=\"aio-icon-description ult-responsive\"  data-ultimate-target='#Info-box-wrap-6523 .aio-icon-description'  data-responsive-json-new='{\"font-size\":\"\",\"line-height\":\"\"}'  style=\"\"><a href=\"mailto:hotel@tengerdi.hu\">hotel@tengerdi.hu<\/a><\/div> <!-- description --><\/div> <!-- aio-icon-box --><\/div> <!-- aio-icon-component -->[\/vc_column][vc_column width=&#8220;1\/3&#8243; css=&#8220;.vc_custom_1677192097889{background-color: #ffffff !important;}&#8220;]<div class=\"aio-icon-component    style_2\"><div id=\"Info-box-wrap-3655\" class=\"aio-icon-box top-icon\" style=\"\"  ><div class=\"aio-icon-top\"><div class=\"ult-just-icon-wrapper  \"><div class=\"align-icon\" style=\"text-align:center;\">\n<div class=\"aio-icon none \"  style=\"color:#333;font-size:32px;display:inline-block;\">\n\t<i class=\"Defaults-phone\"><\/i>\n<\/div><\/div><\/div><\/div><div class=\"aio-icon-header\" ><h3 class=\"aio-icon-title ult-responsive\"  data-ultimate-target='#Info-box-wrap-3655 .aio-icon-title'  data-responsive-json-new='{\"font-size\":\"\",\"line-height\":\"\"}'  style=\"\">REZERVACE PO TEL:<\/h3><\/div> <!-- header --><div class=\"aio-icon-description ult-responsive\"  data-ultimate-target='#Info-box-wrap-3655 .aio-icon-description'  data-responsive-json-new='{\"font-size\":\"\",\"line-height\":\"\"}'  style=\"\">+ 36 30 377-9389<\/p>\n<p>+ 36 30 2700-680<\/div> <!-- description --><\/div> <!-- aio-icon-box --><\/div> <!-- aio-icon-component -->[\/vc_column][vc_column width=&#8220;1\/3&#8243; css=&#8220;.vc_custom_1677192107991{background-color: #ffffff !important;}&#8220;]<div class=\"aio-icon-component    style_2\"><div id=\"Info-box-wrap-8078\" class=\"aio-icon-box top-icon\" style=\"\"  ><div class=\"aio-icon-top\"><div class=\"ult-just-icon-wrapper  \"><div class=\"align-icon\" style=\"text-align:center;\">\n<div class=\"aio-icon none \"  style=\"color:#333;font-size:32px;display:inline-block;\">\n\t<i class=\"fas fa-mouse-pointer\"><\/i>\n<\/div><\/div><\/div><\/div><div class=\"aio-icon-header\" ><h3 class=\"aio-icon-title ult-responsive\"  data-ultimate-target='#Info-box-wrap-8078 .aio-icon-title'  data-responsive-json-new='{\"font-size\":\"\",\"line-height\":\"\"}'  style=\"\">ONLINE REZERVACE:<\/h3><\/div> <!-- header --><div class=\"aio-icon-description ult-responsive\"  data-ultimate-target='#Info-box-wrap-8078 .aio-icon-description'  data-responsive-json-new='{\"font-size\":\"\",\"line-height\":\"\"}'  style=\"\"><a href=\"https:\/\/booking.previo.cz\/index\/step-1\/?hotId=749952&#038;currency=HUF&#038;lang=cs&#038;redirectType=iframe&#038;PHPSESSID=5dl8g4opdoqsn0t01gd3t1o3im\">Na\u0161e online rezerva\u010dn\u00ed str\u00e1nky<\/a><\/div> <!-- description --><\/div> <!-- aio-icon-box --><\/div> <!-- aio-icon-component -->[\/vc_column][\/vc_row]<\/p>\n<\/div>","protected":false},"excerpt":{"rendered":"<p>[vc_row content_placement=&#8220;top&#8220;][vc_column width=&#8220;1\/2&#8243; el_class=&#8220;dpano&#8220; offset=&#8220;vc_hidden-sm vc_hidden-xs&#8220; css=&#8220;.vc_custom_1677180966389{margin-top: -300px !important;}&#8220;][vc_single_image image=&#8220;113&#8243; img_size=&#8220;full&#8220; alignment=&#8220;center&#8220; style=&#8220;vc_box_border&#8220; border_color=&#8220;white&#8220; onclick=&#8220;custom_link&#8220; img_link_target=&#8220;_blank&#8220; css=&#8220;.vc_custom_1687887874574{padding-top: 30px !important;}&#8220; image_hovers=&#8220;false&#8220; link=&#8220;https:\/\/www.3dpano.hu\/Viktor_vendeghaz\/&#8220;][\/vc_column][vc_column width=&#8220;1\/2&#8243; el_class=&#8220;dpano&#8220; offset=&#8220;vc_hidden-sm vc_hidden-xs&#8220; css=&#8220;.vc_custom_1677180975490{margin-top: -300px !important;}&#8220;][vc_single_image image=&#8220;114&#8243; img_size=&#8220;full&#8220; alignment=&#8220;center&#8220; style=&#8220;vc_box_border&#8220; border_color=&#8220;white&#8220; onclick=&#8220;custom_link&#8220; img_link_target=&#8220;_blank&#8220; css=&#8220;.vc_custom_1687887867034{padding-top: 30px !important;}&#8220; image_hovers=&#8220;false&#8220; link=&#8220;https:\/\/www.3dpano.hu\/Viktor_Strand_bufe\/&#8220;][\/vc_column][\/vc_row][vc_row content_placement=&#8220;top&#8220;][vc_column width=&#8220;1\/2&#8243; offset=&#8220;vc_hidden-lg vc_hidden-md&#8220;][vc_single_image image=&#8220;113&#8243; img_size=&#8220;full&#8220; alignment=&#8220;center&#8220; style=&#8220;vc_box_border&#8220; border_color=&#8220;white&#8220; onclick=&#8220;custom_link&#8220; img_link_target=&#8220;_blank&#8220; css=&#8220;.vc_custom_1677179650926{padding-top: 30px !important;}&#8220; image_hovers=&#8220;false&#8220;&hellip;<\/p>\n","protected":false},"author":3,"featured_media":0,"parent":0,"menu_order":0,"comment_status":"closed","ping_status":"closed","template":"","meta":{"footnotes":""},"class_list":["post-1366","page","type-page","status-publish","hentry","description-off"],"yoast_head":"<!-- This site is optimized with the Yoast SEO plugin v27.1.1 - https:\/\/yoast.com\/product\/yoast-seo-wordpress\/ -->\n<title>Tengerdi<\/title>\n<meta name=\"robots\" content=\"index, follow, max-snippet:-1, max-image-preview:large, max-video-preview:-1\" \/>\n<link rel=\"canonical\" href=\"https:\/\/tengerdi.hu\/cs\/\" \/>\n<meta property=\"og:locale\" content=\"cs_CZ\" \/>\n<meta property=\"og:locale:alternate\" content=\"hu_HU\" \/>\n<meta property=\"og:locale:alternate\" content=\"Deutschland\" \/>\n<meta property=\"og:locale:alternate\" content=\"en_US\" \/>\n<meta property=\"og:locale:alternate\" content=\"Polski\" \/>\n<meta property=\"og:type\" content=\"article\" \/>\n<meta property=\"og:title\" content=\"Tengerdi\" \/>\n<meta property=\"og:description\" content=\"[vc_row content_placement=&#8220;top&#8220;][vc_column width=&#8220;1\/2&#8243; el_class=&#8220;dpano&#8220; offset=&#8220;vc_hidden-sm vc_hidden-xs&#8220; css=&#8220;.vc_custom_1677180966389{margin-top: -300px !important;}&#8220;][vc_single_image image=&#8220;113&#8243; img_size=&#8220;full&#8220; alignment=&#8220;center&#8220; style=&#8220;vc_box_border&#8220; border_color=&#8220;white&#8220; onclick=&#8220;custom_link&#8220; img_link_target=&#8220;_blank&#8220; css=&#8220;.vc_custom_1687887874574{padding-top: 30px !important;}&#8220; image_hovers=&#8220;false&#8220; link=&#8220;https:\/\/www.3dpano.hu\/Viktor_vendeghaz\/&#8220;][\/vc_column][vc_column width=&#8220;1\/2&#8243; el_class=&#8220;dpano&#8220; offset=&#8220;vc_hidden-sm vc_hidden-xs&#8220; css=&#8220;.vc_custom_1677180975490{margin-top: -300px !important;}&#8220;][vc_single_image image=&#8220;114&#8243; img_size=&#8220;full&#8220; alignment=&#8220;center&#8220; style=&#8220;vc_box_border&#8220; border_color=&#8220;white&#8220; onclick=&#8220;custom_link&#8220; img_link_target=&#8220;_blank&#8220; css=&#8220;.vc_custom_1687887867034{padding-top: 30px !important;}&#8220; image_hovers=&#8220;false&#8220; link=&#8220;https:\/\/www.3dpano.hu\/Viktor_Strand_bufe\/&#8220;][\/vc_column][\/vc_row][vc_row content_placement=&#8220;top&#8220;][vc_column width=&#8220;1\/2&#8243; offset=&#8220;vc_hidden-lg vc_hidden-md&#8220;][vc_single_image image=&#8220;113&#8243; img_size=&#8220;full&#8220; alignment=&#8220;center&#8220; style=&#8220;vc_box_border&#8220; border_color=&#8220;white&#8220; onclick=&#8220;custom_link&#8220; img_link_target=&#8220;_blank&#8220; css=&#8220;.vc_custom_1677179650926{padding-top: 30px !important;}&#8220; image_hovers=&#8220;false&#8220;&hellip;\" \/>\n<meta property=\"og:url\" content=\"https:\/\/tengerdi.hu\/cs\/\" \/>\n<meta property=\"og:site_name\" content=\"Viktor Bor- \u00e9s Vend\u00e9gh\u00e1z **** \/ Wein- und Gasthaus Viktor ****\" \/>\n<meta property=\"article:modified_time\" content=\"2025-03-16T17:33:18+00:00\" \/>\n<meta name=\"twitter:card\" content=\"summary_large_image\" \/>\n<meta name=\"twitter:label1\" content=\"Odhadovan\u00e1 doba \u010dten\u00ed\" \/>\n\t<meta name=\"twitter:data1\" content=\"3 minuty\" \/>\n<script type=\"application\/ld+json\" class=\"yoast-schema-graph\">{\"@context\":\"https:\/\/schema.org\",\"@graph\":[{\"@type\":\"WebPage\",\"@id\":\"https:\/\/tengerdi.hu\/\",\"url\":\"https:\/\/tengerdi.hu\/\",\"name\":\"Tengerdi\",\"isPartOf\":{\"@id\":\"https:\/\/tengerdi.hu\/#website\"},\"datePublished\":\"2023-02-23T19:12:43+00:00\",\"dateModified\":\"2025-03-16T17:33:18+00:00\",\"breadcrumb\":{\"@id\":\"https:\/\/tengerdi.hu\/#breadcrumb\"},\"inLanguage\":\"cs-CZ\",\"potentialAction\":[{\"@type\":\"ReadAction\",\"target\":[\"https:\/\/tengerdi.hu\/\"]}]},{\"@type\":\"BreadcrumbList\",\"@id\":\"https:\/\/tengerdi.hu\/#breadcrumb\",\"itemListElement\":[{\"@type\":\"ListItem\",\"position\":1,\"name\":\"Kezd\u0151lap\",\"item\":\"https:\/\/tengerdi.hu\/\"},{\"@type\":\"ListItem\",\"position\":2,\"name\":\"Kezd\u0151lap\"}]},{\"@type\":\"WebSite\",\"@id\":\"https:\/\/tengerdi.hu\/#website\",\"url\":\"https:\/\/tengerdi.hu\/\",\"name\":\"Viktor Bor- \u00e9s Vend\u00e9gh\u00e1z **** \/ Wein- und Gasthaus Viktor ****\",\"description\":\"... A Balaton vend\u00e9geinek...\",\"potentialAction\":[{\"@type\":\"SearchAction\",\"target\":{\"@type\":\"EntryPoint\",\"urlTemplate\":\"https:\/\/tengerdi.hu\/?s={search_term_string}\"},\"query-input\":{\"@type\":\"PropertyValueSpecification\",\"valueRequired\":true,\"valueName\":\"search_term_string\"}}],\"inLanguage\":\"cs-CZ\"}]}<\/script>\n<!-- \/ Yoast SEO plugin. -->","yoast_head_json":{"title":"Tengerdi","robots":{"index":"index","follow":"follow","max-snippet":"max-snippet:-1","max-image-preview":"max-image-preview:large","max-video-preview":"max-video-preview:-1"},"canonical":"https:\/\/tengerdi.hu\/cs\/","og_locale":"cs_CZ","og_type":"article","og_title":"[:hu]Kezd\u0151lap[:de]Willkommen[:en]Wellcome[:cs]Tengerdi[:pl]Tengerdi[:] - Viktor Bor- \u00e9s Vend\u00e9gh\u00e1z **** \/ Wein- und Gasthaus Viktor ****","og_description":"[vc_row content_placement=&#8220;top&#8220;][vc_column width=&#8220;1\/2&#8243; el_class=&#8220;dpano&#8220; offset=&#8220;vc_hidden-sm vc_hidden-xs&#8220; css=&#8220;.vc_custom_1677180966389{margin-top: -300px !important;}&#8220;][vc_single_image image=&#8220;113&#8243; img_size=&#8220;full&#8220; alignment=&#8220;center&#8220; style=&#8220;vc_box_border&#8220; border_color=&#8220;white&#8220; onclick=&#8220;custom_link&#8220; img_link_target=&#8220;_blank&#8220; css=&#8220;.vc_custom_1687887874574{padding-top: 30px !important;}&#8220; image_hovers=&#8220;false&#8220; link=&#8220;https:\/\/www.3dpano.hu\/Viktor_vendeghaz\/&#8220;][\/vc_column][vc_column width=&#8220;1\/2&#8243; el_class=&#8220;dpano&#8220; offset=&#8220;vc_hidden-sm vc_hidden-xs&#8220; css=&#8220;.vc_custom_1677180975490{margin-top: -300px !important;}&#8220;][vc_single_image image=&#8220;114&#8243; img_size=&#8220;full&#8220; alignment=&#8220;center&#8220; style=&#8220;vc_box_border&#8220; border_color=&#8220;white&#8220; onclick=&#8220;custom_link&#8220; img_link_target=&#8220;_blank&#8220; css=&#8220;.vc_custom_1687887867034{padding-top: 30px !important;}&#8220; image_hovers=&#8220;false&#8220; link=&#8220;https:\/\/www.3dpano.hu\/Viktor_Strand_bufe\/&#8220;][\/vc_column][\/vc_row][vc_row content_placement=&#8220;top&#8220;][vc_column width=&#8220;1\/2&#8243; offset=&#8220;vc_hidden-lg vc_hidden-md&#8220;][vc_single_image image=&#8220;113&#8243; img_size=&#8220;full&#8220; alignment=&#8220;center&#8220; style=&#8220;vc_box_border&#8220; border_color=&#8220;white&#8220; onclick=&#8220;custom_link&#8220; img_link_target=&#8220;_blank&#8220; css=&#8220;.vc_custom_1677179650926{padding-top: 30px !important;}&#8220; image_hovers=&#8220;false&#8220;&hellip;","og_url":"https:\/\/tengerdi.hu\/cs\/","og_site_name":"Viktor Bor- \u00e9s Vend\u00e9gh\u00e1z **** \/ Wein- und Gasthaus Viktor ****","article_modified_time":"2025-03-16T17:33:18+00:00","twitter_card":"summary_large_image","twitter_misc":{"Odhadovan\u00e1 doba \u010dten\u00ed":"3 minuty"},"schema":{"@context":"https:\/\/schema.org","@graph":[{"@type":"WebPage","@id":"https:\/\/tengerdi.hu\/","url":"https:\/\/tengerdi.hu\/","name":"Tengerdi","isPartOf":{"@id":"https:\/\/tengerdi.hu\/#website"},"datePublished":"2023-02-23T19:12:43+00:00","dateModified":"2025-03-16T17:33:18+00:00","breadcrumb":{"@id":"https:\/\/tengerdi.hu\/#breadcrumb"},"inLanguage":"cs-CZ","potentialAction":[{"@type":"ReadAction","target":["https:\/\/tengerdi.hu\/"]}]},{"@type":"BreadcrumbList","@id":"https:\/\/tengerdi.hu\/#breadcrumb","itemListElement":[{"@type":"ListItem","position":1,"name":"Kezd\u0151lap","item":"https:\/\/tengerdi.hu\/"},{"@type":"ListItem","position":2,"name":"Kezd\u0151lap"}]},{"@type":"WebSite","@id":"https:\/\/tengerdi.hu\/#website","url":"https:\/\/tengerdi.hu\/","name":"Viktor Bor- \u00e9s Vend\u00e9gh\u00e1z **** \/ Wein- und Gasthaus Viktor ****","description":"... A Balaton vend\u00e9geinek...","potentialAction":[{"@type":"SearchAction","target":{"@type":"EntryPoint","urlTemplate":"https:\/\/tengerdi.hu\/?s={search_term_string}"},"query-input":{"@type":"PropertyValueSpecification","valueRequired":true,"valueName":"search_term_string"}}],"inLanguage":"cs-CZ"}]}},"_links":{"self":[{"href":"https:\/\/tengerdi.hu\/cs\/wp-json\/wp\/v2\/pages\/1366","targetHints":{"allow":["GET"]}}],"collection":[{"href":"https:\/\/tengerdi.hu\/cs\/wp-json\/wp\/v2\/pages"}],"about":[{"href":"https:\/\/tengerdi.hu\/cs\/wp-json\/wp\/v2\/types\/page"}],"author":[{"embeddable":true,"href":"https:\/\/tengerdi.hu\/cs\/wp-json\/wp\/v2\/users\/3"}],"replies":[{"embeddable":true,"href":"https:\/\/tengerdi.hu\/cs\/wp-json\/wp\/v2\/comments?post=1366"}],"version-history":[{"count":77,"href":"https:\/\/tengerdi.hu\/cs\/wp-json\/wp\/v2\/pages\/1366\/revisions"}],"predecessor-version":[{"id":2565,"href":"https:\/\/tengerdi.hu\/cs\/wp-json\/wp\/v2\/pages\/1366\/revisions\/2565"}],"wp:attachment":[{"href":"https:\/\/tengerdi.hu\/cs\/wp-json\/wp\/v2\/media?parent=1366"}],"curies":[{"name":"wp","href":"https:\/\/api.w.org\/{rel}","templated":true}]}}